{"id":21838,"date":"2025-07-22T19:39:31","date_gmt":"2025-07-22T17:39:31","guid":{"rendered":"https:\/\/uj.adatbank.ro\/lexikon\/termek\/szekely-mozes-retyi\/"},"modified":"2025-07-22T19:39:31","modified_gmt":"2025-07-22T17:39:31","slug":"szekely-mozes-retyi","status":"publish","type":"product","link":"https:\/\/uj.adatbank.ro\/lexikon\/termek\/szekely-mozes-retyi\/","title":{"rendered":"SZ\u00c9KELY M\u00f3zes, r\u00e9tyi"},"content":{"rendered":"<p>1631. \u2020?: nemes. \u2013 Feles\u00e9ge Elekes \u00c9va. Fiai: L\u00e1szl\u00f3, Zsigmond, akik a r\u00e9nyi, egerpataki, szacsvai, ny\u00e1r\u00e1dmogyor\u00f3si \u00e9s kisborosny\u00f3i sz\u00e1nt\u00f3f\u00f6ldeket, sz\u00e9naf\u00fcveket \u00e9s jobb\u00e1gyokat \u00f6r\u00f6k\u00f6lt\u00e9k (V\u00e9grendelete: R\u00e9ty, 1700. j\u00fan. 9.). <br \/><strong>Irod.:<\/strong> Erd\u00e9lyi testamentumok 1.<\/br><\/p>\n","protected":false},"excerpt":{"rendered":"<p>1631. \u2020?: nemes. \u2013 Feles\u00e9ge Elekes \u00c9va. Fiai: L\u00e1szl\u00f3, Zsigmond, akik a r\u00e9nyi, egerpataki, szacsvai, ny\u00e1r\u00e1dmogyor\u00f3si \u00e9s kisborosny\u00f3i sz\u00e1nt\u00f3f\u00f6ldeket, sz\u00e9naf\u00fcveket \u00e9s jobb\u00e1gyokat \u00f6r\u00f6k\u00f6lt\u00e9k (V\u00e9grendelete: R\u00e9ty, 1700. j\u00fan. 9.). Irod.: Erd\u00e9lyi testamentumok 1.<\/p>\n","protected":false},"featured_media":0,"comment_status":"open","ping_status":"closed","template":"","meta":[],"product_brand":[],"product_cat":[137],"product_tag":[],"class_list":{"0":"post-21838","1":"product","2":"type-product","3":"status-publish","5":"product_cat-maros-megyei-eletrajzi-lexikon","7":"first","8":"instock","9":"shipping-taxable","10":"product-type-simple"},"_links":{"self":[{"href":"https:\/\/uj.adatbank.ro\/lexikon\/wp-json\/wp\/v2\/product\/21838","targetHints":{"allow":["GET"]}}],"collection":[{"href":"https:\/\/uj.adatbank.ro\/lexikon\/wp-json\/wp\/v2\/product"}],"about":[{"href":"https:\/\/uj.adatbank.ro\/lexikon\/wp-json\/wp\/v2\/types\/product"}],"replies":[{"embeddable":true,"href":"https:\/\/uj.adatbank.ro\/lexikon\/wp-json\/wp\/v2\/comments?post=21838"}],"wp:attachment":[{"href":"https:\/\/uj.adatbank.ro\/lexikon\/wp-json\/wp\/v2\/media?parent=21838"}],"wp:term":[{"taxonomy":"product_brand","embeddable":true,"href":"https:\/\/uj.adatbank.ro\/lexikon\/wp-json\/wp\/v2\/product_brand?post=21838"},{"taxonomy":"product_cat","embeddable":true,"href":"https:\/\/uj.adatbank.ro\/lexikon\/wp-json\/wp\/v2\/product_cat?post=21838"},{"taxonomy":"product_tag","embeddable":true,"href":"https:\/\/uj.adatbank.ro\/lexikon\/wp-json\/wp\/v2\/product_tag?post=21838"}],"curies":[{"name":"wp","href":"https:\/\/api.w.org\/{rel}","templated":true}]}}