{"id":21840,"date":"2025-07-22T19:39:34","date_gmt":"2025-07-22T17:39:34","guid":{"rendered":"https:\/\/uj.adatbank.ro\/lexikon\/termek\/szekely-mozes-aranyosrakosi-2\/"},"modified":"2025-07-22T19:39:34","modified_gmt":"2025-07-22T17:39:34","slug":"szekely-mozes-aranyosrakosi-2","status":"publish","type":"product","link":"https:\/\/uj.adatbank.ro\/lexikon\/termek\/szekely-mozes-aranyosrakosi-2\/","title":{"rendered":"SZ\u00c9KELY M\u00f3zes, aranyosr\u00e1kosi"},"content":{"rendered":"<p>K\u00fck\u00fcll\u0151domb\u00f3, 1805., \u2020 Kv., 1862. aug. 11.: b\u00f6lcs\u00e9szettan tan\u00e1r, unit. p\u00fcsp\u00f6khelyettes, filoz\u00f3fiai \u00edr\u00f3. \u2013 Sz M\u00f3zes szab\u00e9di pap fia. A kv.-i Unit. Koll\u00e9giumban tanult, t\u00f3g\u00e1s di\u00e1kk\u00e1 avatt\u00e1k (1824). A mv.-i kir. T\u00e1bl\u00e1n\u00e1l gyakornok (1824\u201329); a b\u00e9csi, a g\u00f6ttingeni (1830\u2013), a j\u00e9nai egy.-en tanult (1831\u201332), Londonba is eljutott. A kv.-i Unit. Koll\u00e9gium t\u00f6rt\u00e9nelem, b\u00f6lcs\u00e9szettan tan\u00e1ra (1832\u2013), igazgat\u00f3ja (1847\u201352). Az unit. egyh\u00e1z f\u0151jegyz\u0151je (1845\u2013), p\u00fcsp\u00f6khelyettes (1852\u201361)., minden egyh\u00e1zi tiszts\u00e9g\u00e9r\u0151l lemondott. Egyh\u00e1zt\u00f6rt\u00e9neti \u00e9s teol\u00f3giai m\u0171vek mellett b\u00f6lcseleti k\u00f6nyveket \u00e9s \u00fatle\u00edr\u00e1st is \u00edrt. Szorgalmazta a m. filoz\u00f3fiai nyelv kialak\u00edt\u00e1s\u00e1t, Mo.-on Hegel filoz\u00f3fi\u00e1j\u00e1nak egyik els\u0151 ismertet\u0151je. Cikke a Kis K\u00f6vetben jelent meg (1834). \u2013 <strong><strong>F. m.<\/strong><\/strong>: A kereszt\u00e9ny vall\u00e1s kifejl\u0151d\u00e9se, hist\u00f3ri\u00e1ja egy besz\u00e9dben foglalva&#8230; (Kv., 1834); Gondolkod\u00e1stan, kezd\u0151k sz\u00e1m\u00e1ra (Kv., 1840); \u00c9sztan, kezd\u0151k sz\u00e1m\u00e1ra (Kv., 1843); Utaz\u00e1si v\u00e1zlatok a Zalatnai uradalomr\u00f3l = Az utaz\u00e1s divatja (Buk., 1973). <br \/><strong>Irod.:<\/strong> Ga\u00e1l 2001; G\u00e1l Kelemen: A kv.-i Unit\u00e1rius Koll. t\u00f6rt\u00e9nete (Kv., 1935); Szinnyei; Rugonfalvi Kiss; \u00daM\u00c9; Az utaz\u00e1s divatja. \u00datle\u00edr\u00e1sok, \u00fatjegyzetek az 1848 el\u0151tti Erd\u00e9lyr\u0151l (Buk., 1973).<\/br><\/p>\n","protected":false},"excerpt":{"rendered":"<p>K\u00fck\u00fcll\u0151domb\u00f3, 1805., \u2020 Kv., 1862. aug. 11.: b\u00f6lcs\u00e9szettan tan\u00e1r, unit. p\u00fcsp\u00f6khelyettes, filoz\u00f3fiai \u00edr\u00f3. \u2013 Sz M\u00f3zes szab\u00e9di pap fia. A kv.-i Unit. Koll\u00e9giumban tanult, t\u00f3g\u00e1s di\u00e1kk\u00e1 avatt\u00e1k (1824). A mv.-i kir. T\u00e1bl\u00e1n\u00e1l gyakornok (1824\u201329); a b\u00e9csi, a g\u00f6ttingeni (1830\u2013), a j\u00e9nai egy.-en tanult (1831\u201332), Londonba is eljutott. A kv.-i Unit. Koll\u00e9gium t\u00f6rt\u00e9nelem, b\u00f6lcs\u00e9szettan tan\u00e1ra (1832\u2013), [&hellip;]<\/p>\n","protected":false},"featured_media":0,"comment_status":"open","ping_status":"closed","template":"","meta":[],"product_brand":[],"product_cat":[137],"product_tag":[],"class_list":{"0":"post-21840","1":"product","2":"type-product","3":"status-publish","5":"product_cat-maros-megyei-eletrajzi-lexikon","7":"first","8":"instock","9":"shipping-taxable","10":"product-type-simple"},"_links":{"self":[{"href":"https:\/\/uj.adatbank.ro\/lexikon\/wp-json\/wp\/v2\/product\/21840","targetHints":{"allow":["GET"]}}],"collection":[{"href":"https:\/\/uj.adatbank.ro\/lexikon\/wp-json\/wp\/v2\/product"}],"about":[{"href":"https:\/\/uj.adatbank.ro\/lexikon\/wp-json\/wp\/v2\/types\/product"}],"replies":[{"embeddable":true,"href":"https:\/\/uj.adatbank.ro\/lexikon\/wp-json\/wp\/v2\/comments?post=21840"}],"wp:attachment":[{"href":"https:\/\/uj.adatbank.ro\/lexikon\/wp-json\/wp\/v2\/media?parent=21840"}],"wp:term":[{"taxonomy":"product_brand","embeddable":true,"href":"https:\/\/uj.adatbank.ro\/lexikon\/wp-json\/wp\/v2\/product_brand?post=21840"},{"taxonomy":"product_cat","embeddable":true,"href":"https:\/\/uj.adatbank.ro\/lexikon\/wp-json\/wp\/v2\/product_cat?post=21840"},{"taxonomy":"product_tag","embeddable":true,"href":"https:\/\/uj.adatbank.ro\/lexikon\/wp-json\/wp\/v2\/product_tag?post=21840"}],"curies":[{"name":"wp","href":"https:\/\/api.w.org\/{rel}","templated":true}]}}