{"id":21844,"date":"2025-07-22T19:39:42","date_gmt":"2025-07-22T17:39:42","guid":{"rendered":"https:\/\/uj.adatbank.ro\/lexikon\/termek\/szekely-pal-3\/"},"modified":"2025-07-22T19:39:42","modified_gmt":"2025-07-22T17:39:42","slug":"szekely-pal-3","status":"publish","type":"product","link":"https:\/\/uj.adatbank.ro\/lexikon\/termek\/szekely-pal-3\/","title":{"rendered":"SZ\u00c9KELY P\u00e1l"},"content":{"rendered":"<p>Verespatak, 1924 m\u00e1rc. 24., \u2020Mv., 2016. orvos. \u2013 Feles\u00e9ge: Udvari S\u00e1ra, (1930 \u2013 Mv., 2004. j\u00fal. 14.). \u2013 \u00c9retts\u00e9gizett Kv.-on az Unit. Koll.-ban (1945); orvosi diplom\u00e1j\u00e1t a MOGYI-n szerezte az \u00c1lt. Orvosi Karon (1951); majd a MOGYI J\u00e1rv\u00e1nytani Tansz\u00e9k\u00e9n (1951\u201353). F\u0151kutat\u00f3 a K\u00f6zeg\u00e9szs\u00e9gtani Int\u00e9zet J\u00e1rv\u00e1nytani r\u00e9szleg\u00e9n (1953\u201356); tan\u00e1rseg\u00e9d a Fert\u0151z\u0151 Betegs\u00e9gek Klinik\u00e1j\u00e1n (1956\u201361); oszt\u00e1lyvezet\u0151 f\u0151orvos (1961\u201394). \u00c9rdemes orvos (1980). Kutat\u00e1si ter\u00fclete: Fert\u0151z\u0151betegs\u00e9gek k\u00f3r- \u00e9s gy\u00f3gytana. K\u00f6z\u00f6lt a: Microbiologie; Epid.; Paraz.; Orvosi Szemle; Via\u0163a Medical\u0103-ban. \u2013 <strong>F. m.<\/strong>: J\u00e1rv\u00e1nytani gyakorlati jegyzet. (Mv., 1954.); <strong>t\u00e1rssz.:<\/strong> A fert\u0151z\u0151 betegs\u00e9gek k\u00f3r- \u00e9s gy\u00f3gytana. (Mv., 1956); Gu\u015fa endemic\u0103. vol. I. (Buc., 1957). <br \/><strong>Irod.:<\/strong> EMKK; Kiss\u2013P.\u2013P; KKACs; P\u00e9ter, RMKK; Todea.<\/br><\/p>\n","protected":false},"excerpt":{"rendered":"<p>Verespatak, 1924 m\u00e1rc. 24., \u2020Mv., 2016. orvos. \u2013 Feles\u00e9ge: Udvari S\u00e1ra, (1930 \u2013 Mv., 2004. j\u00fal. 14.). \u2013 \u00c9retts\u00e9gizett Kv.-on az Unit. Koll.-ban (1945); orvosi diplom\u00e1j\u00e1t a MOGYI-n szerezte az \u00c1lt. Orvosi Karon (1951); majd a MOGYI J\u00e1rv\u00e1nytani Tansz\u00e9k\u00e9n (1951\u201353). F\u0151kutat\u00f3 a K\u00f6zeg\u00e9szs\u00e9gtani Int\u00e9zet J\u00e1rv\u00e1nytani r\u00e9szleg\u00e9n (1953\u201356); tan\u00e1rseg\u00e9d a Fert\u0151z\u0151 Betegs\u00e9gek Klinik\u00e1j\u00e1n (1956\u201361); oszt\u00e1lyvezet\u0151 f\u0151orvos [&hellip;]<\/p>\n","protected":false},"featured_media":0,"comment_status":"open","ping_status":"closed","template":"","meta":[],"product_brand":[],"product_cat":[137],"product_tag":[],"class_list":{"0":"post-21844","1":"product","2":"type-product","3":"status-publish","5":"product_cat-maros-megyei-eletrajzi-lexikon","7":"first","8":"instock","9":"shipping-taxable","10":"product-type-simple"},"_links":{"self":[{"href":"https:\/\/uj.adatbank.ro\/lexikon\/wp-json\/wp\/v2\/product\/21844","targetHints":{"allow":["GET"]}}],"collection":[{"href":"https:\/\/uj.adatbank.ro\/lexikon\/wp-json\/wp\/v2\/product"}],"about":[{"href":"https:\/\/uj.adatbank.ro\/lexikon\/wp-json\/wp\/v2\/types\/product"}],"replies":[{"embeddable":true,"href":"https:\/\/uj.adatbank.ro\/lexikon\/wp-json\/wp\/v2\/comments?post=21844"}],"wp:attachment":[{"href":"https:\/\/uj.adatbank.ro\/lexikon\/wp-json\/wp\/v2\/media?parent=21844"}],"wp:term":[{"taxonomy":"product_brand","embeddable":true,"href":"https:\/\/uj.adatbank.ro\/lexikon\/wp-json\/wp\/v2\/product_brand?post=21844"},{"taxonomy":"product_cat","embeddable":true,"href":"https:\/\/uj.adatbank.ro\/lexikon\/wp-json\/wp\/v2\/product_cat?post=21844"},{"taxonomy":"product_tag","embeddable":true,"href":"https:\/\/uj.adatbank.ro\/lexikon\/wp-json\/wp\/v2\/product_tag?post=21844"}],"curies":[{"name":"wp","href":"https:\/\/api.w.org\/{rel}","templated":true}]}}