{"id":21845,"date":"2025-07-22T19:39:44","date_gmt":"2025-07-22T17:39:44","guid":{"rendered":"https:\/\/uj.adatbank.ro\/lexikon\/termek\/szekely-peter\/"},"modified":"2025-07-22T19:39:44","modified_gmt":"2025-07-22T17:39:44","slug":"szekely-peter","status":"publish","type":"product","link":"https:\/\/uj.adatbank.ro\/lexikon\/termek\/szekely-peter\/","title":{"rendered":"SZ\u00c9KELY P\u00e9ter"},"content":{"rendered":"<p>?, \u2020?: f\u00f6ldbirtokos. \u2013 K\u00f6rtv\u00e9lyf\u00e1i f\u00f6ldbirtokos (15. sz. k\u00f6zep\u00e9n): ez a falu els\u0151 megmaradt oklevel\u00e9b\u0151l, egy adom\u00e1nylev\u00e9lb\u0151l t\u0171nik ki (1441). A falu ekkor a g\u00f6rg\u00e9nyi v\u00e1rhoz tartozott, \u00e9s Hunyadi J\u00e1nos parancsnoks\u00e1ga al\u00e1 tartozott. <br \/><strong>Irod.:<\/strong> MMMM.<\/br><\/p>\n","protected":false},"excerpt":{"rendered":"<p>?, \u2020?: f\u00f6ldbirtokos. \u2013 K\u00f6rtv\u00e9lyf\u00e1i f\u00f6ldbirtokos (15. sz. k\u00f6zep\u00e9n): ez a falu els\u0151 megmaradt oklevel\u00e9b\u0151l, egy adom\u00e1nylev\u00e9lb\u0151l t\u0171nik ki (1441). A falu ekkor a g\u00f6rg\u00e9nyi v\u00e1rhoz tartozott, \u00e9s Hunyadi J\u00e1nos parancsnoks\u00e1ga al\u00e1 tartozott. Irod.: MMMM.<\/p>\n","protected":false},"featured_media":0,"comment_status":"open","ping_status":"closed","template":"","meta":[],"product_brand":[],"product_cat":[137],"product_tag":[],"class_list":{"0":"post-21845","1":"product","2":"type-product","3":"status-publish","5":"product_cat-maros-megyei-eletrajzi-lexikon","7":"first","8":"instock","9":"shipping-taxable","10":"product-type-simple"},"_links":{"self":[{"href":"https:\/\/uj.adatbank.ro\/lexikon\/wp-json\/wp\/v2\/product\/21845","targetHints":{"allow":["GET"]}}],"collection":[{"href":"https:\/\/uj.adatbank.ro\/lexikon\/wp-json\/wp\/v2\/product"}],"about":[{"href":"https:\/\/uj.adatbank.ro\/lexikon\/wp-json\/wp\/v2\/types\/product"}],"replies":[{"embeddable":true,"href":"https:\/\/uj.adatbank.ro\/lexikon\/wp-json\/wp\/v2\/comments?post=21845"}],"wp:attachment":[{"href":"https:\/\/uj.adatbank.ro\/lexikon\/wp-json\/wp\/v2\/media?parent=21845"}],"wp:term":[{"taxonomy":"product_brand","embeddable":true,"href":"https:\/\/uj.adatbank.ro\/lexikon\/wp-json\/wp\/v2\/product_brand?post=21845"},{"taxonomy":"product_cat","embeddable":true,"href":"https:\/\/uj.adatbank.ro\/lexikon\/wp-json\/wp\/v2\/product_cat?post=21845"},{"taxonomy":"product_tag","embeddable":true,"href":"https:\/\/uj.adatbank.ro\/lexikon\/wp-json\/wp\/v2\/product_tag?post=21845"}],"curies":[{"name":"wp","href":"https:\/\/api.w.org\/{rel}","templated":true}]}}