{"id":2185,"date":"2025-06-28T12:06:17","date_gmt":"2025-06-28T10:06:17","guid":{"rendered":"https:\/\/uj.adatbank.ro\/lexikon\/termek\/banffy-istvan-losonczi-losonczy-istvan\/"},"modified":"2025-06-28T12:06:17","modified_gmt":"2025-06-28T10:06:17","slug":"banffy-istvan-losonczi-losonczy-istvan","status":"publish","type":"product","link":"https:\/\/uj.adatbank.ro\/lexikon\/termek\/banffy-istvan-losonczi-losonczy-istvan\/","title":{"rendered":"B\u00c1NFFY Istv\u00e1n, losonczi, Losonczy Istv\u00e1n"},"content":{"rendered":"<p>? \u2020 1355: f\u00f6ldbirtokos, sz\u00e9kely isp\u00e1n, horv\u00e1t \u00e9s szlavon b\u00e1n. \u2013 D\u00e9nes t\u00e1rnokmester fia. K\u00e1roly R\u00f3bert h\u00edve. Sz\u00e9kely isp\u00e1n (1342\u201349), Horv\u00e1t- T\u00f3t- \u00e9s Dalm\u00e1to. b\u00e1nja (1351\u201352). R\u00e9szt vett Nagy Lajos kir. els\u0151 n\u00e1polyi hadj\u00e1rat\u00e1ban (1347\u201348). 5 fia volt. Testv\u00e9r\u00e9vel, Tam\u00e1ssal osztozott Magyarr\u00e9gen uradalm\u00e1n (1319), ezzel a marosv\u00e9csi birtok \u00e9s v\u00e1r is a tulajdon\u00e1ba jutott (1319\u2013), \u00e9s a M\u00e1ty\u00e1s kir\u00e1ly ellen ind\u00edtott erd\u00e9lyi l\u00e1zad\u00e1sban val\u00f3 r\u00e9sztv\u00e9tel\u00fckig, m\u00e1sf\u00e9l sz\u00e1zadig volt a B\u00e1nffyak kez\u00e9n (\u20131467). Sz\u00e1szr\u00e9genben a birtokr\u00e9sz\u00e9n \u00e1llt a v\u00e1ros temploma. Jogvita t\u00f6rt ki a sz\u00e1szr\u00e9geni pl\u00e9b\u00e1nia kegyuras\u00e1ga miatt. A templom h\u00e1romnegyed r\u00e9szben saj\u00e1tja, teh\u00e1t B\u00e1nffy Istv\u00e1n tulajdona \u00e9s egynegyed r\u00e9szben Albert testv\u00e9re birtoka. Bertalan pl\u00e9b\u00e1nos a templomigazgat\u00f3ja (1427 k.), hal\u00e1la ut\u00e1n Nagyfalusi Mikl\u00f3s papot mutatta be az erd\u00e9lyi p\u00fcsp\u00f6knek, m\u00edg Albert a pankotai pl\u00e9b\u00e1nost. V. Mikl\u00f3s p\u00e1pa utas\u00edt\u00e1s\u00e1ra a szebeni egyh\u00e1z d\u00e9k\u00e1nja a kegy\u00fari jogot B\u00e1nffy Istv\u00e1nnak it\u00e9lte. A v\u00e9csi v\u00e1r (1319) jutott a birtok\u00e1ba \u00e9s a csal\u00e1d tulajdon\u00e1ba maradt a M\u00e1ty\u00e1s kir\u00e1ly ellen ind\u00edtott erd\u00e9lyi l\u00e1zad\u00e1sban val\u00f3 r\u00e9sztv\u00e9tel\u00fckig (1467-ig). <br \/><strong>Irod.:<\/strong> Entz G\u00e9za 1994; Keresztes 1995; Sz\u00e9pr\u00e9ti: R\u00e9gi \u00e9s \u00faj vil\u00e1g<\/br><\/p>\n","protected":false},"excerpt":{"rendered":"<p>? \u2020 1355: f\u00f6ldbirtokos, sz\u00e9kely isp\u00e1n, horv\u00e1t \u00e9s szlavon b\u00e1n. \u2013 D\u00e9nes t\u00e1rnokmester fia. K\u00e1roly R\u00f3bert h\u00edve. Sz\u00e9kely isp\u00e1n (1342\u201349), Horv\u00e1t- T\u00f3t- \u00e9s Dalm\u00e1to. b\u00e1nja (1351\u201352). R\u00e9szt vett Nagy Lajos kir. els\u0151 n\u00e1polyi hadj\u00e1rat\u00e1ban (1347\u201348). 5 fia volt. Testv\u00e9r\u00e9vel, Tam\u00e1ssal osztozott Magyarr\u00e9gen uradalm\u00e1n (1319), ezzel a marosv\u00e9csi birtok \u00e9s v\u00e1r is a tulajdon\u00e1ba jutott (1319\u2013), [&hellip;]<\/p>\n","protected":false},"featured_media":0,"comment_status":"open","ping_status":"closed","template":"","meta":[],"product_brand":[],"product_cat":[137],"product_tag":[],"class_list":{"0":"post-2185","1":"product","2":"type-product","3":"status-publish","5":"product_cat-maros-megyei-eletrajzi-lexikon","7":"first","8":"instock","9":"shipping-taxable","10":"product-type-simple"},"_links":{"self":[{"href":"https:\/\/uj.adatbank.ro\/lexikon\/wp-json\/wp\/v2\/product\/2185","targetHints":{"allow":["GET"]}}],"collection":[{"href":"https:\/\/uj.adatbank.ro\/lexikon\/wp-json\/wp\/v2\/product"}],"about":[{"href":"https:\/\/uj.adatbank.ro\/lexikon\/wp-json\/wp\/v2\/types\/product"}],"replies":[{"embeddable":true,"href":"https:\/\/uj.adatbank.ro\/lexikon\/wp-json\/wp\/v2\/comments?post=2185"}],"wp:attachment":[{"href":"https:\/\/uj.adatbank.ro\/lexikon\/wp-json\/wp\/v2\/media?parent=2185"}],"wp:term":[{"taxonomy":"product_brand","embeddable":true,"href":"https:\/\/uj.adatbank.ro\/lexikon\/wp-json\/wp\/v2\/product_brand?post=2185"},{"taxonomy":"product_cat","embeddable":true,"href":"https:\/\/uj.adatbank.ro\/lexikon\/wp-json\/wp\/v2\/product_cat?post=2185"},{"taxonomy":"product_tag","embeddable":true,"href":"https:\/\/uj.adatbank.ro\/lexikon\/wp-json\/wp\/v2\/product_tag?post=2185"}],"curies":[{"name":"wp","href":"https:\/\/api.w.org\/{rel}","templated":true}]}}