{"id":21850,"date":"2025-07-22T19:39:56","date_gmt":"2025-07-22T17:39:56","guid":{"rendered":"https:\/\/uj.adatbank.ro\/lexikon\/termek\/szekely-sandor-2\/"},"modified":"2025-07-22T19:39:56","modified_gmt":"2025-07-22T17:39:56","slug":"szekely-sandor-2","status":"publish","type":"product","link":"https:\/\/uj.adatbank.ro\/lexikon\/termek\/szekely-sandor-2\/","title":{"rendered":"SZ\u00c9KELY S\u00e1ndor"},"content":{"rendered":"<p>K\u00f6r\u00f6sb\u00e1nya, 1900.,\u00a0\u2020?: k\u00f6rjegyz\u0151. \u2013 Sz\u00e1szv\u00e1roson v\u00e9gezte a k\u00f6z\u00e9piskol\u00e1t, majd Fogarason szerezte jegyz\u0151i oklevel\u00e9t (1923). K\u00f6r\u00f6sb\u00e1ny\u00e1n volt gyakornok, majd Valisor\u00e1n lett s. jegyz\u0151, jegyz\u0151 volt Dobrudzs\u00e1ban, Sz\u00e9kelyvaj\u00e1ra ker\u00fclt (1940). Minden hazafias \u00e9s kultur\u00e1lis egyes\u00fclet munk\u00e1j\u00e1ban r\u00e9szt vett. <br \/><strong>Irod.:<\/strong> Sz\u00e9kelyf\u00f6ld \u00ed. k.<\/br><\/p>\n","protected":false},"excerpt":{"rendered":"<p>K\u00f6r\u00f6sb\u00e1nya, 1900.,\u00a0\u2020?: k\u00f6rjegyz\u0151. \u2013 Sz\u00e1szv\u00e1roson v\u00e9gezte a k\u00f6z\u00e9piskol\u00e1t, majd Fogarason szerezte jegyz\u0151i oklevel\u00e9t (1923). K\u00f6r\u00f6sb\u00e1ny\u00e1n volt gyakornok, majd Valisor\u00e1n lett s. jegyz\u0151, jegyz\u0151 volt Dobrudzs\u00e1ban, Sz\u00e9kelyvaj\u00e1ra ker\u00fclt (1940). Minden hazafias \u00e9s kultur\u00e1lis egyes\u00fclet munk\u00e1j\u00e1ban r\u00e9szt vett. Irod.: Sz\u00e9kelyf\u00f6ld \u00ed. k.<\/p>\n","protected":false},"featured_media":0,"comment_status":"open","ping_status":"closed","template":"","meta":[],"product_brand":[],"product_cat":[137],"product_tag":[],"class_list":{"0":"post-21850","1":"product","2":"type-product","3":"status-publish","5":"product_cat-maros-megyei-eletrajzi-lexikon","7":"first","8":"instock","9":"shipping-taxable","10":"product-type-simple"},"_links":{"self":[{"href":"https:\/\/uj.adatbank.ro\/lexikon\/wp-json\/wp\/v2\/product\/21850","targetHints":{"allow":["GET"]}}],"collection":[{"href":"https:\/\/uj.adatbank.ro\/lexikon\/wp-json\/wp\/v2\/product"}],"about":[{"href":"https:\/\/uj.adatbank.ro\/lexikon\/wp-json\/wp\/v2\/types\/product"}],"replies":[{"embeddable":true,"href":"https:\/\/uj.adatbank.ro\/lexikon\/wp-json\/wp\/v2\/comments?post=21850"}],"wp:attachment":[{"href":"https:\/\/uj.adatbank.ro\/lexikon\/wp-json\/wp\/v2\/media?parent=21850"}],"wp:term":[{"taxonomy":"product_brand","embeddable":true,"href":"https:\/\/uj.adatbank.ro\/lexikon\/wp-json\/wp\/v2\/product_brand?post=21850"},{"taxonomy":"product_cat","embeddable":true,"href":"https:\/\/uj.adatbank.ro\/lexikon\/wp-json\/wp\/v2\/product_cat?post=21850"},{"taxonomy":"product_tag","embeddable":true,"href":"https:\/\/uj.adatbank.ro\/lexikon\/wp-json\/wp\/v2\/product_tag?post=21850"}],"curies":[{"name":"wp","href":"https:\/\/api.w.org\/{rel}","templated":true}]}}