{"id":21852,"date":"2025-07-22T19:40:00","date_gmt":"2025-07-22T17:40:00","guid":{"rendered":"https:\/\/uj.adatbank.ro\/lexikon\/termek\/szekely-sandor-somosdi\/"},"modified":"2025-07-22T19:40:00","modified_gmt":"2025-07-22T17:40:00","slug":"szekely-sandor-somosdi","status":"publish","type":"product","link":"https:\/\/uj.adatbank.ro\/lexikon\/termek\/szekely-sandor-somosdi\/","title":{"rendered":"SZ\u00c9KELY S\u00e1ndor, somosdi"},"content":{"rendered":"<p>1847?, \u2020\u00a0Marosszentkir\u00e1ly, 1939. dec. 9.: ref. lelk\u00e9sz. \u2013 Testv\u00e9re Sz\u00f6ll\u0151si J\u00f3zsef. Feles\u00e9ge: nagyv\u00e1radi \u00e9s teleki Horv\u00e1th Zsuzs\u00e1nna. Gyermekeik: Sz. Anna, Zsuzsika, Endre. \u2013 K\u00fck\u00fcll\u0151v\u00e1ron kezdte tev\u00e9kenys\u00e9g\u00e9t, Mez\u0151bergenye papja, majd Marosszentkir\u00e1lyon volt lelk\u00e9sz (32 \u00e9vig.). <br \/><strong>Irod.:<\/strong> Gy\u00e1szjelent\u0151.<\/br><\/p>\n","protected":false},"excerpt":{"rendered":"<p>1847?, \u2020\u00a0Marosszentkir\u00e1ly, 1939. dec. 9.: ref. lelk\u00e9sz. \u2013 Testv\u00e9re Sz\u00f6ll\u0151si J\u00f3zsef. Feles\u00e9ge: nagyv\u00e1radi \u00e9s teleki Horv\u00e1th Zsuzs\u00e1nna. Gyermekeik: Sz. Anna, Zsuzsika, Endre. \u2013 K\u00fck\u00fcll\u0151v\u00e1ron kezdte tev\u00e9kenys\u00e9g\u00e9t, Mez\u0151bergenye papja, majd Marosszentkir\u00e1lyon volt lelk\u00e9sz (32 \u00e9vig.). Irod.: Gy\u00e1szjelent\u0151.<\/p>\n","protected":false},"featured_media":0,"comment_status":"open","ping_status":"closed","template":"","meta":[],"product_brand":[],"product_cat":[137],"product_tag":[],"class_list":{"0":"post-21852","1":"product","2":"type-product","3":"status-publish","5":"product_cat-maros-megyei-eletrajzi-lexikon","7":"first","8":"instock","9":"shipping-taxable","10":"product-type-simple"},"_links":{"self":[{"href":"https:\/\/uj.adatbank.ro\/lexikon\/wp-json\/wp\/v2\/product\/21852","targetHints":{"allow":["GET"]}}],"collection":[{"href":"https:\/\/uj.adatbank.ro\/lexikon\/wp-json\/wp\/v2\/product"}],"about":[{"href":"https:\/\/uj.adatbank.ro\/lexikon\/wp-json\/wp\/v2\/types\/product"}],"replies":[{"embeddable":true,"href":"https:\/\/uj.adatbank.ro\/lexikon\/wp-json\/wp\/v2\/comments?post=21852"}],"wp:attachment":[{"href":"https:\/\/uj.adatbank.ro\/lexikon\/wp-json\/wp\/v2\/media?parent=21852"}],"wp:term":[{"taxonomy":"product_brand","embeddable":true,"href":"https:\/\/uj.adatbank.ro\/lexikon\/wp-json\/wp\/v2\/product_brand?post=21852"},{"taxonomy":"product_cat","embeddable":true,"href":"https:\/\/uj.adatbank.ro\/lexikon\/wp-json\/wp\/v2\/product_cat?post=21852"},{"taxonomy":"product_tag","embeddable":true,"href":"https:\/\/uj.adatbank.ro\/lexikon\/wp-json\/wp\/v2\/product_tag?post=21852"}],"curies":[{"name":"wp","href":"https:\/\/api.w.org\/{rel}","templated":true}]}}