{"id":21853,"date":"2025-07-22T19:40:02","date_gmt":"2025-07-22T17:40:02","guid":{"rendered":"https:\/\/uj.adatbank.ro\/lexikon\/termek\/szekely-sarika-tabak-sarika\/"},"modified":"2025-07-22T19:40:02","modified_gmt":"2025-07-22T17:40:02","slug":"szekely-sarika-tabak-sarika","status":"publish","type":"product","link":"https:\/\/uj.adatbank.ro\/lexikon\/termek\/szekely-sarika-tabak-sarika\/","title":{"rendered":"SZ\u00c9KELY S\u00e1rika, Tab\u00e1k S\u00e1rika"},"content":{"rendered":"<p>? \u2020?: \u00edr\u00f3. \u2013 Zsid\u00f3 sz\u00e1rmaz\u00e1s\u00fa. \u2013 K\u00f6tete a Napvil\u00e1g Kiad\u00f3n\u00e1l jelent meg: Szurika, \u00c9va le\u00e1nya. (Bp., 2008). A kritikus Szil\u00e1gyi J\u00falia szerint Sz\u00e9kely S\u00e1rika k\u00f6nyve \u00f6n\u00e9letrajz\u2026 csal\u00e1dt\u00f6rt\u00e9net \u00e9s t\u00f6rt\u00e9nelem. <br \/><strong>Irod.:<\/strong> Kir\u00e1ly Kinga J.<\/br><\/p>\n","protected":false},"excerpt":{"rendered":"<p>? \u2020?: \u00edr\u00f3. \u2013 Zsid\u00f3 sz\u00e1rmaz\u00e1s\u00fa. \u2013 K\u00f6tete a Napvil\u00e1g Kiad\u00f3n\u00e1l jelent meg: Szurika, \u00c9va le\u00e1nya. (Bp., 2008). A kritikus Szil\u00e1gyi J\u00falia szerint Sz\u00e9kely S\u00e1rika k\u00f6nyve \u00f6n\u00e9letrajz\u2026 csal\u00e1dt\u00f6rt\u00e9net \u00e9s t\u00f6rt\u00e9nelem. Irod.: Kir\u00e1ly Kinga J.<\/p>\n","protected":false},"featured_media":0,"comment_status":"open","ping_status":"closed","template":"","meta":[],"product_brand":[],"product_cat":[137],"product_tag":[],"class_list":{"0":"post-21853","1":"product","2":"type-product","3":"status-publish","5":"product_cat-maros-megyei-eletrajzi-lexikon","7":"first","8":"instock","9":"shipping-taxable","10":"product-type-simple"},"_links":{"self":[{"href":"https:\/\/uj.adatbank.ro\/lexikon\/wp-json\/wp\/v2\/product\/21853","targetHints":{"allow":["GET"]}}],"collection":[{"href":"https:\/\/uj.adatbank.ro\/lexikon\/wp-json\/wp\/v2\/product"}],"about":[{"href":"https:\/\/uj.adatbank.ro\/lexikon\/wp-json\/wp\/v2\/types\/product"}],"replies":[{"embeddable":true,"href":"https:\/\/uj.adatbank.ro\/lexikon\/wp-json\/wp\/v2\/comments?post=21853"}],"wp:attachment":[{"href":"https:\/\/uj.adatbank.ro\/lexikon\/wp-json\/wp\/v2\/media?parent=21853"}],"wp:term":[{"taxonomy":"product_brand","embeddable":true,"href":"https:\/\/uj.adatbank.ro\/lexikon\/wp-json\/wp\/v2\/product_brand?post=21853"},{"taxonomy":"product_cat","embeddable":true,"href":"https:\/\/uj.adatbank.ro\/lexikon\/wp-json\/wp\/v2\/product_cat?post=21853"},{"taxonomy":"product_tag","embeddable":true,"href":"https:\/\/uj.adatbank.ro\/lexikon\/wp-json\/wp\/v2\/product_tag?post=21853"}],"curies":[{"name":"wp","href":"https:\/\/api.w.org\/{rel}","templated":true}]}}