{"id":21856,"date":"2025-07-22T19:40:09","date_gmt":"2025-07-22T17:40:09","guid":{"rendered":"https:\/\/uj.adatbank.ro\/lexikon\/termek\/szekely-vilmos\/"},"modified":"2025-07-22T19:40:09","modified_gmt":"2025-07-22T17:40:09","slug":"szekely-vilmos","status":"publish","type":"product","link":"https:\/\/uj.adatbank.ro\/lexikon\/termek\/szekely-vilmos\/","title":{"rendered":"SZ\u00c9KELY Vilmos"},"content":{"rendered":"<p>Gyergy\u00f3alfalu, 1892. jan. 18., \u2020\u00a01945. aug. 20.: r. k. pap. \u2013 Tanulm\u00e1nyait Gyulafeh\u00e9rv\u00e1ron, Cs\u00edksomly\u00f3n, Sz\u00e9kelyudvarhelyen \u00e9s \u00fajra Gyulafeh\u00e9rv\u00e1ron v\u00e9gezte, papp\u00e1 szentelt\u00e9k (1914. j\u00fan. 27.). Zen\u00e9t is tanult. Lelkip\u00e1sztor Kudzsiron, \u00e9nek-zene- \u00e9s rajztan\u00e1r Cs\u00edkszered\u00e1ban. Pl\u00e9b\u00e1nos G\u00f6rg\u00e9nyszentimr\u00e9n (1929\u201331), Magyarfenesen (1931), Petrill\u00e1n (1933). K\u00f6zel 200 zenem\u0171vet \u00edrt: egyh\u00e1zi orgona, vegyes \u00e9s f\u00e9rfikari darabokat, m\u0171dalokat. <br \/><strong>Irod.:<\/strong> Ferenczi S\u00e1ndor 2009.<\/br><\/p>\n","protected":false},"excerpt":{"rendered":"<p>Gyergy\u00f3alfalu, 1892. jan. 18., \u2020\u00a01945. aug. 20.: r. k. pap. \u2013 Tanulm\u00e1nyait Gyulafeh\u00e9rv\u00e1ron, Cs\u00edksomly\u00f3n, Sz\u00e9kelyudvarhelyen \u00e9s \u00fajra Gyulafeh\u00e9rv\u00e1ron v\u00e9gezte, papp\u00e1 szentelt\u00e9k (1914. j\u00fan. 27.). Zen\u00e9t is tanult. Lelkip\u00e1sztor Kudzsiron, \u00e9nek-zene- \u00e9s rajztan\u00e1r Cs\u00edkszered\u00e1ban. Pl\u00e9b\u00e1nos G\u00f6rg\u00e9nyszentimr\u00e9n (1929\u201331), Magyarfenesen (1931), Petrill\u00e1n (1933). K\u00f6zel 200 zenem\u0171vet \u00edrt: egyh\u00e1zi orgona, vegyes \u00e9s f\u00e9rfikari darabokat, m\u0171dalokat. Irod.: Ferenczi S\u00e1ndor 2009.<\/p>\n","protected":false},"featured_media":0,"comment_status":"open","ping_status":"closed","template":"","meta":[],"product_brand":[],"product_cat":[137],"product_tag":[],"class_list":{"0":"post-21856","1":"product","2":"type-product","3":"status-publish","5":"product_cat-maros-megyei-eletrajzi-lexikon","7":"first","8":"instock","9":"shipping-taxable","10":"product-type-simple"},"_links":{"self":[{"href":"https:\/\/uj.adatbank.ro\/lexikon\/wp-json\/wp\/v2\/product\/21856","targetHints":{"allow":["GET"]}}],"collection":[{"href":"https:\/\/uj.adatbank.ro\/lexikon\/wp-json\/wp\/v2\/product"}],"about":[{"href":"https:\/\/uj.adatbank.ro\/lexikon\/wp-json\/wp\/v2\/types\/product"}],"replies":[{"embeddable":true,"href":"https:\/\/uj.adatbank.ro\/lexikon\/wp-json\/wp\/v2\/comments?post=21856"}],"wp:attachment":[{"href":"https:\/\/uj.adatbank.ro\/lexikon\/wp-json\/wp\/v2\/media?parent=21856"}],"wp:term":[{"taxonomy":"product_brand","embeddable":true,"href":"https:\/\/uj.adatbank.ro\/lexikon\/wp-json\/wp\/v2\/product_brand?post=21856"},{"taxonomy":"product_cat","embeddable":true,"href":"https:\/\/uj.adatbank.ro\/lexikon\/wp-json\/wp\/v2\/product_cat?post=21856"},{"taxonomy":"product_tag","embeddable":true,"href":"https:\/\/uj.adatbank.ro\/lexikon\/wp-json\/wp\/v2\/product_tag?post=21856"}],"curies":[{"name":"wp","href":"https:\/\/api.w.org\/{rel}","templated":true}]}}