{"id":21857,"date":"2025-07-22T19:40:11","date_gmt":"2025-07-22T17:40:11","guid":{"rendered":"https:\/\/uj.adatbank.ro\/lexikon\/termek\/szekely-zoltan-kaali\/"},"modified":"2025-07-22T19:40:11","modified_gmt":"2025-07-22T17:40:11","slug":"szekely-zoltan-kaali","status":"publish","type":"product","link":"https:\/\/uj.adatbank.ro\/lexikon\/termek\/szekely-zoltan-kaali\/","title":{"rendered":"SZ\u00c9KELY Zolt\u00e1n, ka\u00e1li"},"content":{"rendered":"<p>Parajd (Har.), 1901, \u2020?: p\u00e9nz\u00fcgyi tisztvisel\u0151. \u2013 K\u00f6z\u00e9piskol\u00e1i elv\u00e9gz\u00e9se ut\u00e1n \u00e1llami szolg\u00e1latba l\u00e9pett (1927) Mv.-en. Minden kultur\u00e1lis, szoci\u00e1lis int\u00e9zm\u00e9nyt t\u00e1mogatott. <br \/><strong>Irod.:<\/strong> Sz\u00e9kelyf\u00f6ld \u00ed. k.<\/br><\/p>\n","protected":false},"excerpt":{"rendered":"<p>Parajd (Har.), 1901, \u2020?: p\u00e9nz\u00fcgyi tisztvisel\u0151. \u2013 K\u00f6z\u00e9piskol\u00e1i elv\u00e9gz\u00e9se ut\u00e1n \u00e1llami szolg\u00e1latba l\u00e9pett (1927) Mv.-en. Minden kultur\u00e1lis, szoci\u00e1lis int\u00e9zm\u00e9nyt t\u00e1mogatott. Irod.: Sz\u00e9kelyf\u00f6ld \u00ed. k.<\/p>\n","protected":false},"featured_media":0,"comment_status":"open","ping_status":"closed","template":"","meta":[],"product_brand":[],"product_cat":[137],"product_tag":[],"class_list":{"0":"post-21857","1":"product","2":"type-product","3":"status-publish","5":"product_cat-maros-megyei-eletrajzi-lexikon","7":"first","8":"instock","9":"shipping-taxable","10":"product-type-simple"},"_links":{"self":[{"href":"https:\/\/uj.adatbank.ro\/lexikon\/wp-json\/wp\/v2\/product\/21857","targetHints":{"allow":["GET"]}}],"collection":[{"href":"https:\/\/uj.adatbank.ro\/lexikon\/wp-json\/wp\/v2\/product"}],"about":[{"href":"https:\/\/uj.adatbank.ro\/lexikon\/wp-json\/wp\/v2\/types\/product"}],"replies":[{"embeddable":true,"href":"https:\/\/uj.adatbank.ro\/lexikon\/wp-json\/wp\/v2\/comments?post=21857"}],"wp:attachment":[{"href":"https:\/\/uj.adatbank.ro\/lexikon\/wp-json\/wp\/v2\/media?parent=21857"}],"wp:term":[{"taxonomy":"product_brand","embeddable":true,"href":"https:\/\/uj.adatbank.ro\/lexikon\/wp-json\/wp\/v2\/product_brand?post=21857"},{"taxonomy":"product_cat","embeddable":true,"href":"https:\/\/uj.adatbank.ro\/lexikon\/wp-json\/wp\/v2\/product_cat?post=21857"},{"taxonomy":"product_tag","embeddable":true,"href":"https:\/\/uj.adatbank.ro\/lexikon\/wp-json\/wp\/v2\/product_tag?post=21857"}],"curies":[{"name":"wp","href":"https:\/\/api.w.org\/{rel}","templated":true}]}}