{"id":21858,"date":"2025-07-22T19:40:12","date_gmt":"2025-07-22T17:40:12","guid":{"rendered":"https:\/\/uj.adatbank.ro\/lexikon\/termek\/szekely-zsigmond\/"},"modified":"2025-07-22T19:40:12","modified_gmt":"2025-07-22T17:40:12","slug":"szekely-zsigmond","status":"publish","type":"product","link":"https:\/\/uj.adatbank.ro\/lexikon\/termek\/szekely-zsigmond\/","title":{"rendered":"SZ\u00c9KELY Zsigmond"},"content":{"rendered":"<p>Kv.? \u2020?: r. k. pap. \u2013 Kv.-on Nagyszombaton \u00e9s B\u00e9csben tanult. Papp\u00e1 szentelt\u00e9k B\u00e9csben (1692. m\u00e1rc. 22.). A k\u00f6rny\u00e9ken elsz\u00f3rtan \u00e9l\u0151 katolikus f\u0151nemesek hozatt\u00e1k Mv.-re (1697\u20131702), hogy a hit\u00faj\u00edt\u00e1s ut\u00e1n 150 \u00e9vre meger\u0151s\u00edts\u00e9k a kat. egyh\u00e1zat. A sz\u00edntiszta k\u00e1lvinista v\u00e1rosban, ahol mind\u00f6ssze 5 katolikus f\u00e9rfi \u00e9s 3 n\u0151 \u00e9lt, az \u00f6nmag\u00e1val tehetetlen, agg lelk\u00e9sz k\u00e9ptelennek bizonyult fontos misszi\u00f3j\u00e1nak bet\u00f6lt\u00e9s\u00e9re, ami\u00e9rt is h\u00e1rom \u00e9vi lelkip\u00e1sztorkod\u00e1s ut\u00e1n a kv.-i jezsuit\u00e1kat h\u00edvt\u00e1k meg a katolikus hit terjeszt\u00e9s\u00e9re (1702), akik Endes Istv\u00e1n vezet\u00e9s\u00e9vel tev\u00e9kenys\u00e9g\u00fckkel fellend\u00edtett\u00e9k a v\u00e1ros \u00e9s k\u00f6rny\u00e9ke kat. hit\u00e9let\u00e9t \u00e9s \u00fajj\u00e1szervezt\u00e9k az egyh\u00e1zk\u00f6zs\u00e9geket. Ennek \u00e9rdek\u00e9ben a v\u00e1rosba h\u00edvt\u00e1k a kv.-i jezsuit\u00e1kat, ut\u00f3dai, majd \u00e1tt\u00e9rtek a reform\u00e1tus hitre. <br \/><strong>Irod.:<\/strong> Ferenczi S\u00e1ndor 2009; Id\u0151t\u00e1r 1; K\u00e9nosi\u2013Uzoni,2; Kr\u00f3n. F\u00fcz. (1940. 4\/10); P\u00e1l-Antal 2003; P\u00e1l-Antal 2009.<\/br><\/p>\n","protected":false},"excerpt":{"rendered":"<p>Kv.? \u2020?: r. k. pap. \u2013 Kv.-on Nagyszombaton \u00e9s B\u00e9csben tanult. Papp\u00e1 szentelt\u00e9k B\u00e9csben (1692. m\u00e1rc. 22.). A k\u00f6rny\u00e9ken elsz\u00f3rtan \u00e9l\u0151 katolikus f\u0151nemesek hozatt\u00e1k Mv.-re (1697\u20131702), hogy a hit\u00faj\u00edt\u00e1s ut\u00e1n 150 \u00e9vre meger\u0151s\u00edts\u00e9k a kat. egyh\u00e1zat. A sz\u00edntiszta k\u00e1lvinista v\u00e1rosban, ahol mind\u00f6ssze 5 katolikus f\u00e9rfi \u00e9s 3 n\u0151 \u00e9lt, az \u00f6nmag\u00e1val tehetetlen, agg lelk\u00e9sz k\u00e9ptelennek [&hellip;]<\/p>\n","protected":false},"featured_media":0,"comment_status":"open","ping_status":"closed","template":"","meta":[],"product_brand":[],"product_cat":[137],"product_tag":[],"class_list":{"0":"post-21858","1":"product","2":"type-product","3":"status-publish","5":"product_cat-maros-megyei-eletrajzi-lexikon","7":"first","8":"instock","9":"shipping-taxable","10":"product-type-simple"},"_links":{"self":[{"href":"https:\/\/uj.adatbank.ro\/lexikon\/wp-json\/wp\/v2\/product\/21858","targetHints":{"allow":["GET"]}}],"collection":[{"href":"https:\/\/uj.adatbank.ro\/lexikon\/wp-json\/wp\/v2\/product"}],"about":[{"href":"https:\/\/uj.adatbank.ro\/lexikon\/wp-json\/wp\/v2\/types\/product"}],"replies":[{"embeddable":true,"href":"https:\/\/uj.adatbank.ro\/lexikon\/wp-json\/wp\/v2\/comments?post=21858"}],"wp:attachment":[{"href":"https:\/\/uj.adatbank.ro\/lexikon\/wp-json\/wp\/v2\/media?parent=21858"}],"wp:term":[{"taxonomy":"product_brand","embeddable":true,"href":"https:\/\/uj.adatbank.ro\/lexikon\/wp-json\/wp\/v2\/product_brand?post=21858"},{"taxonomy":"product_cat","embeddable":true,"href":"https:\/\/uj.adatbank.ro\/lexikon\/wp-json\/wp\/v2\/product_cat?post=21858"},{"taxonomy":"product_tag","embeddable":true,"href":"https:\/\/uj.adatbank.ro\/lexikon\/wp-json\/wp\/v2\/product_tag?post=21858"}],"curies":[{"name":"wp","href":"https:\/\/api.w.org\/{rel}","templated":true}]}}