{"id":21859,"date":"2025-07-22T19:40:15","date_gmt":"2025-07-22T17:40:15","guid":{"rendered":"https:\/\/uj.adatbank.ro\/lexikon\/termek\/szekely-zsigmond-2\/"},"modified":"2025-07-22T19:40:15","modified_gmt":"2025-07-22T17:40:15","slug":"szekely-zsigmond-2","status":"publish","type":"product","link":"https:\/\/uj.adatbank.ro\/lexikon\/termek\/szekely-zsigmond-2\/","title":{"rendered":"SZ\u00c9KELY Zsigmond"},"content":{"rendered":"<p>Domb\u00f3, 1855, \u2020 K\u00e1lnok., 1917: tan\u00edt\u00f3, lelk\u00e9sz \u2013 Feles\u00e9ge Farkas Roz\u00e1lia, h\u00e9t gyermek\u00fck volt. \u2013 Kv.-on tanult. Sz\u00e9kelykereszt\u00faron k\u00f6ztan\u00edt\u00f3 (1883\u201385); Pip\u00e9n lelk\u00e9sz (1885\u201389) innen K\u00e1lnokra ment. <br \/><strong>Irod.:<\/strong> Kelemen; A Pipei Egyh\u00e1zk\u00f6zs\u00e9g t\u00f6rt\u00e9net\u00e9b\u0151l;<\/br><\/p>\n","protected":false},"excerpt":{"rendered":"<p>Domb\u00f3, 1855, \u2020 K\u00e1lnok., 1917: tan\u00edt\u00f3, lelk\u00e9sz \u2013 Feles\u00e9ge Farkas Roz\u00e1lia, h\u00e9t gyermek\u00fck volt. \u2013 Kv.-on tanult. Sz\u00e9kelykereszt\u00faron k\u00f6ztan\u00edt\u00f3 (1883\u201385); Pip\u00e9n lelk\u00e9sz (1885\u201389) innen K\u00e1lnokra ment. Irod.: Kelemen; A Pipei Egyh\u00e1zk\u00f6zs\u00e9g t\u00f6rt\u00e9net\u00e9b\u0151l;<\/p>\n","protected":false},"featured_media":0,"comment_status":"open","ping_status":"closed","template":"","meta":[],"product_brand":[],"product_cat":[137],"product_tag":[],"class_list":{"0":"post-21859","1":"product","2":"type-product","3":"status-publish","5":"product_cat-maros-megyei-eletrajzi-lexikon","7":"first","8":"instock","9":"shipping-taxable","10":"product-type-simple"},"_links":{"self":[{"href":"https:\/\/uj.adatbank.ro\/lexikon\/wp-json\/wp\/v2\/product\/21859","targetHints":{"allow":["GET"]}}],"collection":[{"href":"https:\/\/uj.adatbank.ro\/lexikon\/wp-json\/wp\/v2\/product"}],"about":[{"href":"https:\/\/uj.adatbank.ro\/lexikon\/wp-json\/wp\/v2\/types\/product"}],"replies":[{"embeddable":true,"href":"https:\/\/uj.adatbank.ro\/lexikon\/wp-json\/wp\/v2\/comments?post=21859"}],"wp:attachment":[{"href":"https:\/\/uj.adatbank.ro\/lexikon\/wp-json\/wp\/v2\/media?parent=21859"}],"wp:term":[{"taxonomy":"product_brand","embeddable":true,"href":"https:\/\/uj.adatbank.ro\/lexikon\/wp-json\/wp\/v2\/product_brand?post=21859"},{"taxonomy":"product_cat","embeddable":true,"href":"https:\/\/uj.adatbank.ro\/lexikon\/wp-json\/wp\/v2\/product_cat?post=21859"},{"taxonomy":"product_tag","embeddable":true,"href":"https:\/\/uj.adatbank.ro\/lexikon\/wp-json\/wp\/v2\/product_tag?post=21859"}],"curies":[{"name":"wp","href":"https:\/\/api.w.org\/{rel}","templated":true}]}}