{"id":2186,"date":"2025-06-28T12:06:20","date_gmt":"2025-06-28T10:06:20","guid":{"rendered":"https:\/\/uj.adatbank.ro\/lexikon\/termek\/banffy-janos\/"},"modified":"2025-06-28T12:06:20","modified_gmt":"2025-06-28T10:06:20","slug":"banffy-janos","status":"publish","type":"product","link":"https:\/\/uj.adatbank.ro\/lexikon\/termek\/banffy-janos\/","title":{"rendered":"B\u00c1NFFY J\u00e1nos"},"content":{"rendered":"<p>Marosgezse v. Szil\u00e1gynagyfalu, 1870. okt. 24., \u2020 Kv., 1946. m\u00e1rc. 8.: f\u00f6ldbirtokos. \u2013 B. Zolt\u00e1n \u00e9s \u00e1br\u00e1nfalvi Ugron R\u00f3za (1870\u20131946) fia. Feles\u00e9ge: Ugron Roz\u00e1lia, aki testv\u00e9re volt Ugron Istv\u00e1nnak (1862\u20131948). Gyermekei: B\u00e1nffy J\u00e1nos (Marosgezse, 1895. aug. 17., \u2020 Kv., 1956 v. 1962), B. L\u00e1szl\u00f3 (Marosgezse, 1896. szept. 11., \u2020 Kv., 1974. dec. 16.), B. Istv\u00e1n (Marosgezse, 1898. dec. 28., \u2020 Debrecen, 1944. okt. 10.). \u2013 A marosgezsei j\u00f3sz\u00e1g utols\u00f3 nemesi birtokosa. S\u00f3gora, Ugron Istv\u00e1n, tervei alapj\u00e1n \u00e9p\u00fclt a mez\u0151z\u00e1hi kast\u00e9ly (1909). <br \/><strong>Irod.:<\/strong> Bicsok\u2013Orb\u00e1n; Bord\u00e1s Be\u00e1ta: A mez\u0151z\u00e1hi Ugron-kast\u00e9ly \u00e9p\u00edt\u00e9st\u00f6rt\u00e9nete = Liber discipulorum; Gudenus; Keresztes<\/br><\/p>\n","protected":false},"excerpt":{"rendered":"<p>Marosgezse v. Szil\u00e1gynagyfalu, 1870. okt. 24., \u2020 Kv., 1946. m\u00e1rc. 8.: f\u00f6ldbirtokos. \u2013 B. Zolt\u00e1n \u00e9s \u00e1br\u00e1nfalvi Ugron R\u00f3za (1870\u20131946) fia. Feles\u00e9ge: Ugron Roz\u00e1lia, aki testv\u00e9re volt Ugron Istv\u00e1nnak (1862\u20131948). Gyermekei: B\u00e1nffy J\u00e1nos (Marosgezse, 1895. aug. 17., \u2020 Kv., 1956 v. 1962), B. L\u00e1szl\u00f3 (Marosgezse, 1896. szept. 11., \u2020 Kv., 1974. dec. 16.), B. Istv\u00e1n [&hellip;]<\/p>\n","protected":false},"featured_media":0,"comment_status":"open","ping_status":"closed","template":"","meta":[],"product_brand":[],"product_cat":[137],"product_tag":[],"class_list":{"0":"post-2186","1":"product","2":"type-product","3":"status-publish","5":"product_cat-maros-megyei-eletrajzi-lexikon","7":"first","8":"instock","9":"shipping-taxable","10":"product-type-simple"},"_links":{"self":[{"href":"https:\/\/uj.adatbank.ro\/lexikon\/wp-json\/wp\/v2\/product\/2186","targetHints":{"allow":["GET"]}}],"collection":[{"href":"https:\/\/uj.adatbank.ro\/lexikon\/wp-json\/wp\/v2\/product"}],"about":[{"href":"https:\/\/uj.adatbank.ro\/lexikon\/wp-json\/wp\/v2\/types\/product"}],"replies":[{"embeddable":true,"href":"https:\/\/uj.adatbank.ro\/lexikon\/wp-json\/wp\/v2\/comments?post=2186"}],"wp:attachment":[{"href":"https:\/\/uj.adatbank.ro\/lexikon\/wp-json\/wp\/v2\/media?parent=2186"}],"wp:term":[{"taxonomy":"product_brand","embeddable":true,"href":"https:\/\/uj.adatbank.ro\/lexikon\/wp-json\/wp\/v2\/product_brand?post=2186"},{"taxonomy":"product_cat","embeddable":true,"href":"https:\/\/uj.adatbank.ro\/lexikon\/wp-json\/wp\/v2\/product_cat?post=2186"},{"taxonomy":"product_tag","embeddable":true,"href":"https:\/\/uj.adatbank.ro\/lexikon\/wp-json\/wp\/v2\/product_tag?post=2186"}],"curies":[{"name":"wp","href":"https:\/\/api.w.org\/{rel}","templated":true}]}}