{"id":21860,"date":"2025-07-22T19:40:18","date_gmt":"2025-07-22T17:40:18","guid":{"rendered":"https:\/\/uj.adatbank.ro\/lexikon\/termek\/szekelyhazi-balint\/"},"modified":"2025-07-22T19:40:18","modified_gmt":"2025-07-22T17:40:18","slug":"szekelyhazi-balint","status":"publish","type":"product","link":"https:\/\/uj.adatbank.ro\/lexikon\/termek\/szekelyhazi-balint\/","title":{"rendered":"SZ\u00c9KELYH\u00c1ZI B\u00e1lint"},"content":{"rendered":"<p>? \u2020?: r. k. pap. \u2013 Marosszentkir\u00e1lyon a Boldogs\u00e1gos Sz\u0171z monostorban fr\u00e1ter perjel (1526). <br \/><strong>Irod.:<\/strong> Darvas-Kozma J\u00f3zsef: A p\u00e1losok Erd\u00e9lyben (N\u00fa., Sz\u00ednes Vil\u00e1g, 2011. m\u00e1j. 7.).<\/br><\/p>\n","protected":false},"excerpt":{"rendered":"<p>? \u2020?: r. k. pap. \u2013 Marosszentkir\u00e1lyon a Boldogs\u00e1gos Sz\u0171z monostorban fr\u00e1ter perjel (1526). Irod.: Darvas-Kozma J\u00f3zsef: A p\u00e1losok Erd\u00e9lyben (N\u00fa., Sz\u00ednes Vil\u00e1g, 2011. m\u00e1j. 7.).<\/p>\n","protected":false},"featured_media":0,"comment_status":"open","ping_status":"closed","template":"","meta":[],"product_brand":[],"product_cat":[137],"product_tag":[],"class_list":{"0":"post-21860","1":"product","2":"type-product","3":"status-publish","5":"product_cat-maros-megyei-eletrajzi-lexikon","7":"first","8":"instock","9":"shipping-taxable","10":"product-type-simple"},"_links":{"self":[{"href":"https:\/\/uj.adatbank.ro\/lexikon\/wp-json\/wp\/v2\/product\/21860","targetHints":{"allow":["GET"]}}],"collection":[{"href":"https:\/\/uj.adatbank.ro\/lexikon\/wp-json\/wp\/v2\/product"}],"about":[{"href":"https:\/\/uj.adatbank.ro\/lexikon\/wp-json\/wp\/v2\/types\/product"}],"replies":[{"embeddable":true,"href":"https:\/\/uj.adatbank.ro\/lexikon\/wp-json\/wp\/v2\/comments?post=21860"}],"wp:attachment":[{"href":"https:\/\/uj.adatbank.ro\/lexikon\/wp-json\/wp\/v2\/media?parent=21860"}],"wp:term":[{"taxonomy":"product_brand","embeddable":true,"href":"https:\/\/uj.adatbank.ro\/lexikon\/wp-json\/wp\/v2\/product_brand?post=21860"},{"taxonomy":"product_cat","embeddable":true,"href":"https:\/\/uj.adatbank.ro\/lexikon\/wp-json\/wp\/v2\/product_cat?post=21860"},{"taxonomy":"product_tag","embeddable":true,"href":"https:\/\/uj.adatbank.ro\/lexikon\/wp-json\/wp\/v2\/product_tag?post=21860"}],"curies":[{"name":"wp","href":"https:\/\/api.w.org\/{rel}","templated":true}]}}