{"id":21865,"date":"2025-07-22T19:40:28","date_gmt":"2025-07-22T17:40:28","guid":{"rendered":"https:\/\/uj.adatbank.ro\/lexikon\/termek\/szekelyvasarhelyi-istvan\/"},"modified":"2025-07-22T19:40:28","modified_gmt":"2025-07-22T17:40:28","slug":"szekelyvasarhelyi-istvan","status":"publish","type":"product","link":"https:\/\/uj.adatbank.ro\/lexikon\/termek\/szekelyvasarhelyi-istvan\/","title":{"rendered":"SZ\u00c9KELYV\u00c1S\u00c1RHELYI Istv\u00e1n"},"content":{"rendered":"<p>? \u2020?: mv.-i nemes. \u2013 B\u00e1thori Krist\u00f3ft\u00f3l kapta a nemess\u00e9get (1579). K\u00e9s\u0151bb V\u00e1s\u00e1rhelyi n\u00e9ven szerepelnek az oklevelekben. <br \/><strong>Irod.:<\/strong> P\u00e1l-Antal 2009; S\u00e1ndor Imre.<\/br><\/p>\n","protected":false},"excerpt":{"rendered":"<p>? \u2020?: mv.-i nemes. \u2013 B\u00e1thori Krist\u00f3ft\u00f3l kapta a nemess\u00e9get (1579). K\u00e9s\u0151bb V\u00e1s\u00e1rhelyi n\u00e9ven szerepelnek az oklevelekben. Irod.: P\u00e1l-Antal 2009; S\u00e1ndor Imre.<\/p>\n","protected":false},"featured_media":0,"comment_status":"open","ping_status":"closed","template":"","meta":[],"product_brand":[],"product_cat":[137],"product_tag":[],"class_list":{"0":"post-21865","1":"product","2":"type-product","3":"status-publish","5":"product_cat-maros-megyei-eletrajzi-lexikon","7":"first","8":"instock","9":"shipping-taxable","10":"product-type-simple"},"_links":{"self":[{"href":"https:\/\/uj.adatbank.ro\/lexikon\/wp-json\/wp\/v2\/product\/21865","targetHints":{"allow":["GET"]}}],"collection":[{"href":"https:\/\/uj.adatbank.ro\/lexikon\/wp-json\/wp\/v2\/product"}],"about":[{"href":"https:\/\/uj.adatbank.ro\/lexikon\/wp-json\/wp\/v2\/types\/product"}],"replies":[{"embeddable":true,"href":"https:\/\/uj.adatbank.ro\/lexikon\/wp-json\/wp\/v2\/comments?post=21865"}],"wp:attachment":[{"href":"https:\/\/uj.adatbank.ro\/lexikon\/wp-json\/wp\/v2\/media?parent=21865"}],"wp:term":[{"taxonomy":"product_brand","embeddable":true,"href":"https:\/\/uj.adatbank.ro\/lexikon\/wp-json\/wp\/v2\/product_brand?post=21865"},{"taxonomy":"product_cat","embeddable":true,"href":"https:\/\/uj.adatbank.ro\/lexikon\/wp-json\/wp\/v2\/product_cat?post=21865"},{"taxonomy":"product_tag","embeddable":true,"href":"https:\/\/uj.adatbank.ro\/lexikon\/wp-json\/wp\/v2\/product_tag?post=21865"}],"curies":[{"name":"wp","href":"https:\/\/api.w.org\/{rel}","templated":true}]}}