{"id":21869,"date":"2025-07-22T19:40:37","date_gmt":"2025-07-22T17:40:37","guid":{"rendered":"https:\/\/uj.adatbank.ro\/lexikon\/termek\/szekeres-mezomadarasi-csalad\/"},"modified":"2025-07-22T19:40:37","modified_gmt":"2025-07-22T17:40:37","slug":"szekeres-mezomadarasi-csalad","status":"publish","type":"product","link":"https:\/\/uj.adatbank.ro\/lexikon\/termek\/szekeres-mezomadarasi-csalad\/","title":{"rendered":"SZEKERES, mez\u0151madarasi csal\u00e1d"},"content":{"rendered":"<p>K\u00f6z\u00fcl\u00fck Gergely 1600-ban Mih\u00e1ly Vajda ellen Miriszl\u00f3n\u00e1l esett el., Sz. Gergely lustr\u00e1lt (1614); Sz. Ferenc Marossz\u00e9k alkir\u00e1lyb\u00edr\u00f3ja (1700), Istv\u00e1n a marossz\u00e9ki lustr\u00e1lis k\u00f6nyv szerint nemess\u00e9gi hadnagy. S\u00e1ndor Doboka megy\u00e9ben t\u00f6rv\u00e9nysz\u00e9ki b\u00edr\u00f3, els\u0151 neje Henter le\u00e1ny, a m\u00e1sodik Cser\u00e9nyi \u00c1gnes. L\u00e1szl\u00f3, Ferenc, Zsigmond \u00e9s J\u00e1nos, mint primorsz\u00e9kelyek eml\u00edttetnek 1806-ban. J\u00e1nos M. Madarason, L\u00e1szl\u00f3 M. B\u00e1ndon, S\u00e1ndor M. R\u00e9genben birtokos f\u0151sz\u00e9kelyek. Az \u00fajabb nemzed\u00e9kb\u0151l S\u00e1ndor \u00e9s ennek le\u00e1nyai F\u00e1ni, R\u00f3za, Ad\u00e9l, tov\u00e1bb\u00e1 L\u00e1szl\u00f3 \u00e9s ennek fiai \u00c1kos \u00e9s G\u00e1bor birtokosok. <br \/><strong>Irod.:<\/strong> Nagy Iv\u00e1n; P\u00e1lmay.<\/br><\/p>\n","protected":false},"excerpt":{"rendered":"<p>K\u00f6z\u00fcl\u00fck Gergely 1600-ban Mih\u00e1ly Vajda ellen Miriszl\u00f3n\u00e1l esett el., Sz. Gergely lustr\u00e1lt (1614); Sz. Ferenc Marossz\u00e9k alkir\u00e1lyb\u00edr\u00f3ja (1700), Istv\u00e1n a marossz\u00e9ki lustr\u00e1lis k\u00f6nyv szerint nemess\u00e9gi hadnagy. S\u00e1ndor Doboka megy\u00e9ben t\u00f6rv\u00e9nysz\u00e9ki b\u00edr\u00f3, els\u0151 neje Henter le\u00e1ny, a m\u00e1sodik Cser\u00e9nyi \u00c1gnes. L\u00e1szl\u00f3, Ferenc, Zsigmond \u00e9s J\u00e1nos, mint primorsz\u00e9kelyek eml\u00edttetnek 1806-ban. J\u00e1nos M. Madarason, L\u00e1szl\u00f3 M. B\u00e1ndon, S\u00e1ndor [&hellip;]<\/p>\n","protected":false},"featured_media":0,"comment_status":"open","ping_status":"closed","template":"","meta":[],"product_brand":[],"product_cat":[137],"product_tag":[],"class_list":{"0":"post-21869","1":"product","2":"type-product","3":"status-publish","5":"product_cat-maros-megyei-eletrajzi-lexikon","7":"first","8":"instock","9":"shipping-taxable","10":"product-type-simple"},"_links":{"self":[{"href":"https:\/\/uj.adatbank.ro\/lexikon\/wp-json\/wp\/v2\/product\/21869","targetHints":{"allow":["GET"]}}],"collection":[{"href":"https:\/\/uj.adatbank.ro\/lexikon\/wp-json\/wp\/v2\/product"}],"about":[{"href":"https:\/\/uj.adatbank.ro\/lexikon\/wp-json\/wp\/v2\/types\/product"}],"replies":[{"embeddable":true,"href":"https:\/\/uj.adatbank.ro\/lexikon\/wp-json\/wp\/v2\/comments?post=21869"}],"wp:attachment":[{"href":"https:\/\/uj.adatbank.ro\/lexikon\/wp-json\/wp\/v2\/media?parent=21869"}],"wp:term":[{"taxonomy":"product_brand","embeddable":true,"href":"https:\/\/uj.adatbank.ro\/lexikon\/wp-json\/wp\/v2\/product_brand?post=21869"},{"taxonomy":"product_cat","embeddable":true,"href":"https:\/\/uj.adatbank.ro\/lexikon\/wp-json\/wp\/v2\/product_cat?post=21869"},{"taxonomy":"product_tag","embeddable":true,"href":"https:\/\/uj.adatbank.ro\/lexikon\/wp-json\/wp\/v2\/product_tag?post=21869"}],"curies":[{"name":"wp","href":"https:\/\/api.w.org\/{rel}","templated":true}]}}