{"id":2187,"date":"2025-06-28T12:06:22","date_gmt":"2025-06-28T10:06:22","guid":{"rendered":"https:\/\/uj.adatbank.ro\/lexikon\/termek\/banffy-janos-%c2%a7-losonczi-br\/"},"modified":"2025-06-28T12:06:22","modified_gmt":"2025-06-28T10:06:22","slug":"banffy-janos-%c2%a7-losonczi-br","status":"publish","type":"product","link":"https:\/\/uj.adatbank.ro\/lexikon\/termek\/banffy-janos-%c2%a7-losonczi-br\/","title":{"rendered":"B\u00c1NFFY J\u00e1nos, \u00a7 losonczi br."},"content":{"rendered":"<p>1760., \u2020\u00a0Kv., 1841. febr. 24: f\u00f6ldbirtokos. \u2013 Feles\u00e9ge: 1. nagyercsei gr., Toldalagi M\u00e1ria (?- Fugad, 1794. m\u00e1rc. 12. Beresztelk\u00e9n temett\u00e9k, ). Beresztelk\u00e9n Farcz\u00e1dy K. Mih\u00e1ly ref. lelk\u00e9sz Jegyz\u0151k\u00f6nyv\u00e9ben szerepelnek (1788). Fi\u00fak Ferenc (1784\u20131839). 2. br. Kem\u00e9ny Zsuzsanna. Fi\u00fak: L\u00e1szl\u00f3 (\u2020 1806). Fogadott le\u00e1nya: gr. Nemes Anna br. Husz\u00e1r K\u00e1rolyn\u00e9. <br \/><strong>Irod.:<\/strong> Lev\u00e9lt\u00e1ri gy\u00e1szj.; \u00d6tv\u00f6s<\/br><\/p>\n","protected":false},"excerpt":{"rendered":"<p>1760., \u2020\u00a0Kv., 1841. febr. 24: f\u00f6ldbirtokos. \u2013 Feles\u00e9ge: 1. nagyercsei gr., Toldalagi M\u00e1ria (?- Fugad, 1794. m\u00e1rc. 12. Beresztelk\u00e9n temett\u00e9k, ). Beresztelk\u00e9n Farcz\u00e1dy K. Mih\u00e1ly ref. lelk\u00e9sz Jegyz\u0151k\u00f6nyv\u00e9ben szerepelnek (1788). Fi\u00fak Ferenc (1784\u20131839). 2. br. Kem\u00e9ny Zsuzsanna. Fi\u00fak: L\u00e1szl\u00f3 (\u2020 1806). Fogadott le\u00e1nya: gr. Nemes Anna br. Husz\u00e1r K\u00e1rolyn\u00e9. Irod.: Lev\u00e9lt\u00e1ri gy\u00e1szj.; \u00d6tv\u00f6s<\/p>\n","protected":false},"featured_media":0,"comment_status":"open","ping_status":"closed","template":"","meta":[],"product_brand":[],"product_cat":[137],"product_tag":[],"class_list":{"0":"post-2187","1":"product","2":"type-product","3":"status-publish","5":"product_cat-maros-megyei-eletrajzi-lexikon","7":"first","8":"instock","9":"shipping-taxable","10":"product-type-simple"},"_links":{"self":[{"href":"https:\/\/uj.adatbank.ro\/lexikon\/wp-json\/wp\/v2\/product\/2187","targetHints":{"allow":["GET"]}}],"collection":[{"href":"https:\/\/uj.adatbank.ro\/lexikon\/wp-json\/wp\/v2\/product"}],"about":[{"href":"https:\/\/uj.adatbank.ro\/lexikon\/wp-json\/wp\/v2\/types\/product"}],"replies":[{"embeddable":true,"href":"https:\/\/uj.adatbank.ro\/lexikon\/wp-json\/wp\/v2\/comments?post=2187"}],"wp:attachment":[{"href":"https:\/\/uj.adatbank.ro\/lexikon\/wp-json\/wp\/v2\/media?parent=2187"}],"wp:term":[{"taxonomy":"product_brand","embeddable":true,"href":"https:\/\/uj.adatbank.ro\/lexikon\/wp-json\/wp\/v2\/product_brand?post=2187"},{"taxonomy":"product_cat","embeddable":true,"href":"https:\/\/uj.adatbank.ro\/lexikon\/wp-json\/wp\/v2\/product_cat?post=2187"},{"taxonomy":"product_tag","embeddable":true,"href":"https:\/\/uj.adatbank.ro\/lexikon\/wp-json\/wp\/v2\/product_tag?post=2187"}],"curies":[{"name":"wp","href":"https:\/\/api.w.org\/{rel}","templated":true}]}}