{"id":21870,"date":"2025-07-22T19:40:38","date_gmt":"2025-07-22T17:40:38","guid":{"rendered":"https:\/\/uj.adatbank.ro\/lexikon\/termek\/szekeres-alexandru-szekeres-sandor\/"},"modified":"2025-07-22T19:40:38","modified_gmt":"2025-07-22T17:40:38","slug":"szekeres-alexandru-szekeres-sandor","status":"publish","type":"product","link":"https:\/\/uj.adatbank.ro\/lexikon\/termek\/szekeres-alexandru-szekeres-sandor\/","title":{"rendered":"SZEKERES Alexandru \/ Szekeres S\u00e1ndor"},"content":{"rendered":"<p>? \u2020?: titk\u00e1r. \u2013 A MMAT RMP tartom\u00e1nyi bizotts\u00e1g\u00e1nak propagand\u00e1\u00e9rt felel\u0151s titk\u00e1ra (1966 k. \u2013). <br \/><strong>Irod.:<\/strong> Bartos 2012.<\/br><\/p>\n","protected":false},"excerpt":{"rendered":"<p>? \u2020?: titk\u00e1r. \u2013 A MMAT RMP tartom\u00e1nyi bizotts\u00e1g\u00e1nak propagand\u00e1\u00e9rt felel\u0151s titk\u00e1ra (1966 k. \u2013). Irod.: Bartos 2012.<\/p>\n","protected":false},"featured_media":0,"comment_status":"open","ping_status":"closed","template":"","meta":[],"product_brand":[],"product_cat":[137],"product_tag":[],"class_list":{"0":"post-21870","1":"product","2":"type-product","3":"status-publish","5":"product_cat-maros-megyei-eletrajzi-lexikon","7":"first","8":"instock","9":"shipping-taxable","10":"product-type-simple"},"_links":{"self":[{"href":"https:\/\/uj.adatbank.ro\/lexikon\/wp-json\/wp\/v2\/product\/21870","targetHints":{"allow":["GET"]}}],"collection":[{"href":"https:\/\/uj.adatbank.ro\/lexikon\/wp-json\/wp\/v2\/product"}],"about":[{"href":"https:\/\/uj.adatbank.ro\/lexikon\/wp-json\/wp\/v2\/types\/product"}],"replies":[{"embeddable":true,"href":"https:\/\/uj.adatbank.ro\/lexikon\/wp-json\/wp\/v2\/comments?post=21870"}],"wp:attachment":[{"href":"https:\/\/uj.adatbank.ro\/lexikon\/wp-json\/wp\/v2\/media?parent=21870"}],"wp:term":[{"taxonomy":"product_brand","embeddable":true,"href":"https:\/\/uj.adatbank.ro\/lexikon\/wp-json\/wp\/v2\/product_brand?post=21870"},{"taxonomy":"product_cat","embeddable":true,"href":"https:\/\/uj.adatbank.ro\/lexikon\/wp-json\/wp\/v2\/product_cat?post=21870"},{"taxonomy":"product_tag","embeddable":true,"href":"https:\/\/uj.adatbank.ro\/lexikon\/wp-json\/wp\/v2\/product_tag?post=21870"}],"curies":[{"name":"wp","href":"https:\/\/api.w.org\/{rel}","templated":true}]}}