{"id":21874,"date":"2025-07-22T19:40:46","date_gmt":"2025-07-22T17:40:46","guid":{"rendered":"https:\/\/uj.adatbank.ro\/lexikon\/termek\/szekeres-elek-2\/"},"modified":"2025-07-22T19:40:46","modified_gmt":"2025-07-22T17:40:46","slug":"szekeres-elek-2","status":"publish","type":"product","link":"https:\/\/uj.adatbank.ro\/lexikon\/termek\/szekeres-elek-2\/","title":{"rendered":"SZEKERES Elek"},"content":{"rendered":"<p>Mez\u0151madaras (Maros), 1897., \u2020?: t\u00far\u00f3gy\u00e1rtulajdonos. \u2013 Sz\u00e1szv\u00e1rosban \u00e9retts\u00e9gizett, majd a debreceni Mez\u0151g. Akad\u00e9mi\u00e1n szerzett oklevelet. Mint uradalmi int\u00e9z\u0151 t\u00f6bb helyen tev\u00e9kenykedett, majd tulajdonosa a bar\u00f3ti t\u00far\u00f3gy\u00e1rnak (1931\u2013). Az els\u0151 vh.-ban a 62. gy. e.-ben az orosz fronton harcolt, mint z\u00e1szl\u00f3s szerelt le. Minden kult\u00farint\u00e9zm\u00e9ny t\u00e1mogat\u00f3ja volt. <br \/><strong>Irod.:<\/strong> Sz\u00e9kelyf\u00f6ld \u00ed. k.<\/br><\/p>\n","protected":false},"excerpt":{"rendered":"<p>Mez\u0151madaras (Maros), 1897., \u2020?: t\u00far\u00f3gy\u00e1rtulajdonos. \u2013 Sz\u00e1szv\u00e1rosban \u00e9retts\u00e9gizett, majd a debreceni Mez\u0151g. Akad\u00e9mi\u00e1n szerzett oklevelet. Mint uradalmi int\u00e9z\u0151 t\u00f6bb helyen tev\u00e9kenykedett, majd tulajdonosa a bar\u00f3ti t\u00far\u00f3gy\u00e1rnak (1931\u2013). Az els\u0151 vh.-ban a 62. gy. e.-ben az orosz fronton harcolt, mint z\u00e1szl\u00f3s szerelt le. Minden kult\u00farint\u00e9zm\u00e9ny t\u00e1mogat\u00f3ja volt. Irod.: Sz\u00e9kelyf\u00f6ld \u00ed. k.<\/p>\n","protected":false},"featured_media":0,"comment_status":"open","ping_status":"closed","template":"","meta":[],"product_brand":[],"product_cat":[137],"product_tag":[],"class_list":{"0":"post-21874","1":"product","2":"type-product","3":"status-publish","5":"product_cat-maros-megyei-eletrajzi-lexikon","7":"first","8":"instock","9":"shipping-taxable","10":"product-type-simple"},"_links":{"self":[{"href":"https:\/\/uj.adatbank.ro\/lexikon\/wp-json\/wp\/v2\/product\/21874","targetHints":{"allow":["GET"]}}],"collection":[{"href":"https:\/\/uj.adatbank.ro\/lexikon\/wp-json\/wp\/v2\/product"}],"about":[{"href":"https:\/\/uj.adatbank.ro\/lexikon\/wp-json\/wp\/v2\/types\/product"}],"replies":[{"embeddable":true,"href":"https:\/\/uj.adatbank.ro\/lexikon\/wp-json\/wp\/v2\/comments?post=21874"}],"wp:attachment":[{"href":"https:\/\/uj.adatbank.ro\/lexikon\/wp-json\/wp\/v2\/media?parent=21874"}],"wp:term":[{"taxonomy":"product_brand","embeddable":true,"href":"https:\/\/uj.adatbank.ro\/lexikon\/wp-json\/wp\/v2\/product_brand?post=21874"},{"taxonomy":"product_cat","embeddable":true,"href":"https:\/\/uj.adatbank.ro\/lexikon\/wp-json\/wp\/v2\/product_cat?post=21874"},{"taxonomy":"product_tag","embeddable":true,"href":"https:\/\/uj.adatbank.ro\/lexikon\/wp-json\/wp\/v2\/product_tag?post=21874"}],"curies":[{"name":"wp","href":"https:\/\/api.w.org\/{rel}","templated":true}]}}