{"id":21877,"date":"2025-07-22T19:40:53","date_gmt":"2025-07-22T17:40:53","guid":{"rendered":"https:\/\/uj.adatbank.ro\/lexikon\/termek\/szekeres-gergely\/"},"modified":"2025-07-22T19:40:53","modified_gmt":"2025-07-22T17:40:53","slug":"szekeres-gergely","status":"publish","type":"product","link":"https:\/\/uj.adatbank.ro\/lexikon\/termek\/szekeres-gergely\/","title":{"rendered":"SZEKERES Gergely"},"content":{"rendered":"<p>? \u2020?: \u00fcln\u00f6k. \u2013 Fia. J\u00e1nos. \u2013 A mez\u0151madarasi sz\u00e1rmaz\u00e1s\u00fa, Marossz\u00e9k t\u00f6rv\u00e9nysz\u00e9ki \u00fcln\u00f6ke (1614). <br \/><strong>Irod.:<\/strong> Mez\u0151madaras.<\/br><\/p>\n","protected":false},"excerpt":{"rendered":"<p>? \u2020?: \u00fcln\u00f6k. \u2013 Fia. J\u00e1nos. \u2013 A mez\u0151madarasi sz\u00e1rmaz\u00e1s\u00fa, Marossz\u00e9k t\u00f6rv\u00e9nysz\u00e9ki \u00fcln\u00f6ke (1614). Irod.: Mez\u0151madaras.<\/p>\n","protected":false},"featured_media":0,"comment_status":"open","ping_status":"closed","template":"","meta":[],"product_brand":[],"product_cat":[137],"product_tag":[],"class_list":{"0":"post-21877","1":"product","2":"type-product","3":"status-publish","5":"product_cat-maros-megyei-eletrajzi-lexikon","7":"first","8":"instock","9":"shipping-taxable","10":"product-type-simple"},"_links":{"self":[{"href":"https:\/\/uj.adatbank.ro\/lexikon\/wp-json\/wp\/v2\/product\/21877","targetHints":{"allow":["GET"]}}],"collection":[{"href":"https:\/\/uj.adatbank.ro\/lexikon\/wp-json\/wp\/v2\/product"}],"about":[{"href":"https:\/\/uj.adatbank.ro\/lexikon\/wp-json\/wp\/v2\/types\/product"}],"replies":[{"embeddable":true,"href":"https:\/\/uj.adatbank.ro\/lexikon\/wp-json\/wp\/v2\/comments?post=21877"}],"wp:attachment":[{"href":"https:\/\/uj.adatbank.ro\/lexikon\/wp-json\/wp\/v2\/media?parent=21877"}],"wp:term":[{"taxonomy":"product_brand","embeddable":true,"href":"https:\/\/uj.adatbank.ro\/lexikon\/wp-json\/wp\/v2\/product_brand?post=21877"},{"taxonomy":"product_cat","embeddable":true,"href":"https:\/\/uj.adatbank.ro\/lexikon\/wp-json\/wp\/v2\/product_cat?post=21877"},{"taxonomy":"product_tag","embeddable":true,"href":"https:\/\/uj.adatbank.ro\/lexikon\/wp-json\/wp\/v2\/product_tag?post=21877"}],"curies":[{"name":"wp","href":"https:\/\/api.w.org\/{rel}","templated":true}]}}