{"id":21878,"date":"2025-07-22T19:40:55","date_gmt":"2025-07-22T17:40:55","guid":{"rendered":"https:\/\/uj.adatbank.ro\/lexikon\/termek\/szekeres-gergely-2\/"},"modified":"2025-07-22T19:40:55","modified_gmt":"2025-07-22T17:40:55","slug":"szekeres-gergely-2","status":"publish","type":"product","link":"https:\/\/uj.adatbank.ro\/lexikon\/termek\/szekeres-gergely-2\/","title":{"rendered":"SZEKERES Gergely"},"content":{"rendered":"<p>? \u2020?: \u00fcln\u00f6k. \u2013 A mez\u0151madarasi Sz. csal\u00e1d tagja. \u00cdr\u00e1stud\u00f3. T\u00f6rv\u00e9nysz\u00e9ki \u00fcln\u00f6kk\u00e9 v\u00e1lasztott\u00e1k (1665), majd a sz\u00e9k vicekir\u00e1lyb\u00edr\u00f3ja lett (m\u00e9g 1685-ben is). <br \/><strong>Irod.:<\/strong> Mez\u0151madaras.<\/br><\/p>\n","protected":false},"excerpt":{"rendered":"<p>? \u2020?: \u00fcln\u00f6k. \u2013 A mez\u0151madarasi Sz. csal\u00e1d tagja. \u00cdr\u00e1stud\u00f3. T\u00f6rv\u00e9nysz\u00e9ki \u00fcln\u00f6kk\u00e9 v\u00e1lasztott\u00e1k (1665), majd a sz\u00e9k vicekir\u00e1lyb\u00edr\u00f3ja lett (m\u00e9g 1685-ben is). Irod.: Mez\u0151madaras.<\/p>\n","protected":false},"featured_media":0,"comment_status":"open","ping_status":"closed","template":"","meta":[],"product_brand":[],"product_cat":[137],"product_tag":[],"class_list":{"0":"post-21878","1":"product","2":"type-product","3":"status-publish","5":"product_cat-maros-megyei-eletrajzi-lexikon","7":"first","8":"instock","9":"shipping-taxable","10":"product-type-simple"},"_links":{"self":[{"href":"https:\/\/uj.adatbank.ro\/lexikon\/wp-json\/wp\/v2\/product\/21878","targetHints":{"allow":["GET"]}}],"collection":[{"href":"https:\/\/uj.adatbank.ro\/lexikon\/wp-json\/wp\/v2\/product"}],"about":[{"href":"https:\/\/uj.adatbank.ro\/lexikon\/wp-json\/wp\/v2\/types\/product"}],"replies":[{"embeddable":true,"href":"https:\/\/uj.adatbank.ro\/lexikon\/wp-json\/wp\/v2\/comments?post=21878"}],"wp:attachment":[{"href":"https:\/\/uj.adatbank.ro\/lexikon\/wp-json\/wp\/v2\/media?parent=21878"}],"wp:term":[{"taxonomy":"product_brand","embeddable":true,"href":"https:\/\/uj.adatbank.ro\/lexikon\/wp-json\/wp\/v2\/product_brand?post=21878"},{"taxonomy":"product_cat","embeddable":true,"href":"https:\/\/uj.adatbank.ro\/lexikon\/wp-json\/wp\/v2\/product_cat?post=21878"},{"taxonomy":"product_tag","embeddable":true,"href":"https:\/\/uj.adatbank.ro\/lexikon\/wp-json\/wp\/v2\/product_tag?post=21878"}],"curies":[{"name":"wp","href":"https:\/\/api.w.org\/{rel}","templated":true}]}}