{"id":21879,"date":"2025-07-22T19:40:58","date_gmt":"2025-07-22T17:40:58","guid":{"rendered":"https:\/\/uj.adatbank.ro\/lexikon\/termek\/szekeres-gergely-szekeres-georgium\/"},"modified":"2025-07-22T19:40:58","modified_gmt":"2025-07-22T17:40:58","slug":"szekeres-gergely-szekeres-georgium","status":"publish","type":"product","link":"https:\/\/uj.adatbank.ro\/lexikon\/termek\/szekeres-gergely-szekeres-georgium\/","title":{"rendered":"SZEKERES Gergely, Szekeres Georgium"},"content":{"rendered":"<p>Mez\u0151madaras? \u2020?: f\u0151hadnagy. \u2013 A Sz. csal\u00e1d \u0151se, R\u00e1k\u00f3czi Zsigmond fejedelemt\u0151l nyert nemeslevelet (1607. okt. 29.). A marossz\u00e9ki nemesek \u00e9s l\u00f3f\u0151k katonai \u00f6ssze\u00edr\u00e1sakor (Apahida, 1677. j\u00fan. 16) f\u0151hadnagy, \u201efe\u00f6 sz\u00e1z ductor dominus\u201c. <br \/><strong>Irod.:<\/strong> Maros megye; Mez\u0151madaras; Szekeres Attila Istv\u00e1n: 400 \u00e9v t\u00f6rt\u00e9nelem (N\u00fa., 2007. nov. 7.); SzOkl, \u00faj s. 7.<\/br><\/p>\n","protected":false},"excerpt":{"rendered":"<p>Mez\u0151madaras? \u2020?: f\u0151hadnagy. \u2013 A Sz. csal\u00e1d \u0151se, R\u00e1k\u00f3czi Zsigmond fejedelemt\u0151l nyert nemeslevelet (1607. okt. 29.). A marossz\u00e9ki nemesek \u00e9s l\u00f3f\u0151k katonai \u00f6ssze\u00edr\u00e1sakor (Apahida, 1677. j\u00fan. 16) f\u0151hadnagy, \u201efe\u00f6 sz\u00e1z ductor dominus\u201c. Irod.: Maros megye; Mez\u0151madaras; Szekeres Attila Istv\u00e1n: 400 \u00e9v t\u00f6rt\u00e9nelem (N\u00fa., 2007. nov. 7.); SzOkl, \u00faj s. 7.<\/p>\n","protected":false},"featured_media":0,"comment_status":"open","ping_status":"closed","template":"","meta":[],"product_brand":[],"product_cat":[137],"product_tag":[],"class_list":{"0":"post-21879","1":"product","2":"type-product","3":"status-publish","5":"product_cat-maros-megyei-eletrajzi-lexikon","7":"first","8":"instock","9":"shipping-taxable","10":"product-type-simple"},"_links":{"self":[{"href":"https:\/\/uj.adatbank.ro\/lexikon\/wp-json\/wp\/v2\/product\/21879","targetHints":{"allow":["GET"]}}],"collection":[{"href":"https:\/\/uj.adatbank.ro\/lexikon\/wp-json\/wp\/v2\/product"}],"about":[{"href":"https:\/\/uj.adatbank.ro\/lexikon\/wp-json\/wp\/v2\/types\/product"}],"replies":[{"embeddable":true,"href":"https:\/\/uj.adatbank.ro\/lexikon\/wp-json\/wp\/v2\/comments?post=21879"}],"wp:attachment":[{"href":"https:\/\/uj.adatbank.ro\/lexikon\/wp-json\/wp\/v2\/media?parent=21879"}],"wp:term":[{"taxonomy":"product_brand","embeddable":true,"href":"https:\/\/uj.adatbank.ro\/lexikon\/wp-json\/wp\/v2\/product_brand?post=21879"},{"taxonomy":"product_cat","embeddable":true,"href":"https:\/\/uj.adatbank.ro\/lexikon\/wp-json\/wp\/v2\/product_cat?post=21879"},{"taxonomy":"product_tag","embeddable":true,"href":"https:\/\/uj.adatbank.ro\/lexikon\/wp-json\/wp\/v2\/product_tag?post=21879"}],"curies":[{"name":"wp","href":"https:\/\/api.w.org\/{rel}","templated":true}]}}