{"id":21880,"date":"2025-07-22T19:41:00","date_gmt":"2025-07-22T17:41:00","guid":{"rendered":"https:\/\/uj.adatbank.ro\/lexikon\/termek\/szekeres-gyorgy\/"},"modified":"2025-07-22T19:41:00","modified_gmt":"2025-07-22T17:41:00","slug":"szekeres-gyorgy","status":"publish","type":"product","link":"https:\/\/uj.adatbank.ro\/lexikon\/termek\/szekeres-gyorgy\/","title":{"rendered":"SZEKERES Gy\u00f6rgy"},"content":{"rendered":"<p>Mez\u0151b\u00e1nd, 1875, \u2020?: tan\u00edt\u00f3. \u2013 Kelementelk\u00e9n volt \u00e1ll. tan\u00edt\u00f3. R\u00e9szt vett az I. vh.-ban (1914\u201318) az orosz fronton harcolt, majd a sz\u00e9kely hadoszt\u00e1lyban szolg\u00e1lt, egyszer megsebes\u00fclt. Hadnagyi rangban szerelt le a K\u00e1roly Csapatkereszt kit\u00fcntet\u00e9ssel. <br \/><strong>Irod.:<\/strong> Erd\u00e9lyi ezredek.<\/br><\/p>\n","protected":false},"excerpt":{"rendered":"<p>Mez\u0151b\u00e1nd, 1875, \u2020?: tan\u00edt\u00f3. \u2013 Kelementelk\u00e9n volt \u00e1ll. tan\u00edt\u00f3. R\u00e9szt vett az I. vh.-ban (1914\u201318) az orosz fronton harcolt, majd a sz\u00e9kely hadoszt\u00e1lyban szolg\u00e1lt, egyszer megsebes\u00fclt. Hadnagyi rangban szerelt le a K\u00e1roly Csapatkereszt kit\u00fcntet\u00e9ssel. Irod.: Erd\u00e9lyi ezredek.<\/p>\n","protected":false},"featured_media":0,"comment_status":"open","ping_status":"closed","template":"","meta":[],"product_brand":[],"product_cat":[137],"product_tag":[],"class_list":{"0":"post-21880","1":"product","2":"type-product","3":"status-publish","5":"product_cat-maros-megyei-eletrajzi-lexikon","7":"first","8":"instock","9":"shipping-taxable","10":"product-type-simple"},"_links":{"self":[{"href":"https:\/\/uj.adatbank.ro\/lexikon\/wp-json\/wp\/v2\/product\/21880","targetHints":{"allow":["GET"]}}],"collection":[{"href":"https:\/\/uj.adatbank.ro\/lexikon\/wp-json\/wp\/v2\/product"}],"about":[{"href":"https:\/\/uj.adatbank.ro\/lexikon\/wp-json\/wp\/v2\/types\/product"}],"replies":[{"embeddable":true,"href":"https:\/\/uj.adatbank.ro\/lexikon\/wp-json\/wp\/v2\/comments?post=21880"}],"wp:attachment":[{"href":"https:\/\/uj.adatbank.ro\/lexikon\/wp-json\/wp\/v2\/media?parent=21880"}],"wp:term":[{"taxonomy":"product_brand","embeddable":true,"href":"https:\/\/uj.adatbank.ro\/lexikon\/wp-json\/wp\/v2\/product_brand?post=21880"},{"taxonomy":"product_cat","embeddable":true,"href":"https:\/\/uj.adatbank.ro\/lexikon\/wp-json\/wp\/v2\/product_cat?post=21880"},{"taxonomy":"product_tag","embeddable":true,"href":"https:\/\/uj.adatbank.ro\/lexikon\/wp-json\/wp\/v2\/product_tag?post=21880"}],"curies":[{"name":"wp","href":"https:\/\/api.w.org\/{rel}","templated":true}]}}