{"id":21881,"date":"2025-07-22T19:41:02","date_gmt":"2025-07-22T17:41:02","guid":{"rendered":"https:\/\/uj.adatbank.ro\/lexikon\/termek\/szekeres-istvan\/"},"modified":"2025-07-22T19:41:02","modified_gmt":"2025-07-22T17:41:02","slug":"szekeres-istvan","status":"publish","type":"product","link":"https:\/\/uj.adatbank.ro\/lexikon\/termek\/szekeres-istvan\/","title":{"rendered":"SZEKERES Istv\u00e1n"},"content":{"rendered":"<p>Mez\u0151s\u00e1msond, 1872.,\u00a0\u2020?: f\u00f6ldbirtokos. \u2013 K\u00f6z\u00e9piskol\u00e1i elv\u00e9gz\u00e9se ut\u00e1n gazd\u00e1lkodni kezdett a csal\u00e1di birtokon, majd 84 hold f\u00f6ld\u00f6n folytatott korszer\u0171 gazd\u00e1lkod\u00e1st \u00e9s haszon\u00e1llatteny\u00e9szt\u00e9st Mez\u0151r\u00fccs\u00f6n. T\u00e9nyleges katona\u00e9veit a 2. k. husz\u00e1rezr.-ben t\u00f6lt\u00f6tte mint szakaszvezet\u0151. A Legeltet\u00e9si T\u00e1rsulat eln\u00f6ke, a Gazdak\u00f6r aleln\u00f6ke, a t\u00f6rv. hat. biz. \u00e9s a a MP tagja, k\u00e9pvisel\u0151jel\u00f6ltje (1932) volt. <br \/><strong>Irod.:<\/strong> Id\u0151t\u00e1r 3; Sz\u00e9kelyf\u00f6ld \u00ed. k.<\/br><\/p>\n","protected":false},"excerpt":{"rendered":"<p>Mez\u0151s\u00e1msond, 1872.,\u00a0\u2020?: f\u00f6ldbirtokos. \u2013 K\u00f6z\u00e9piskol\u00e1i elv\u00e9gz\u00e9se ut\u00e1n gazd\u00e1lkodni kezdett a csal\u00e1di birtokon, majd 84 hold f\u00f6ld\u00f6n folytatott korszer\u0171 gazd\u00e1lkod\u00e1st \u00e9s haszon\u00e1llatteny\u00e9szt\u00e9st Mez\u0151r\u00fccs\u00f6n. T\u00e9nyleges katona\u00e9veit a 2. k. husz\u00e1rezr.-ben t\u00f6lt\u00f6tte mint szakaszvezet\u0151. A Legeltet\u00e9si T\u00e1rsulat eln\u00f6ke, a Gazdak\u00f6r aleln\u00f6ke, a t\u00f6rv. hat. biz. \u00e9s a a MP tagja, k\u00e9pvisel\u0151jel\u00f6ltje (1932) volt. Irod.: Id\u0151t\u00e1r 3; Sz\u00e9kelyf\u00f6ld \u00ed. [&hellip;]<\/p>\n","protected":false},"featured_media":0,"comment_status":"open","ping_status":"closed","template":"","meta":[],"product_brand":[],"product_cat":[137],"product_tag":[],"class_list":{"0":"post-21881","1":"product","2":"type-product","3":"status-publish","5":"product_cat-maros-megyei-eletrajzi-lexikon","7":"first","8":"instock","9":"shipping-taxable","10":"product-type-simple"},"_links":{"self":[{"href":"https:\/\/uj.adatbank.ro\/lexikon\/wp-json\/wp\/v2\/product\/21881","targetHints":{"allow":["GET"]}}],"collection":[{"href":"https:\/\/uj.adatbank.ro\/lexikon\/wp-json\/wp\/v2\/product"}],"about":[{"href":"https:\/\/uj.adatbank.ro\/lexikon\/wp-json\/wp\/v2\/types\/product"}],"replies":[{"embeddable":true,"href":"https:\/\/uj.adatbank.ro\/lexikon\/wp-json\/wp\/v2\/comments?post=21881"}],"wp:attachment":[{"href":"https:\/\/uj.adatbank.ro\/lexikon\/wp-json\/wp\/v2\/media?parent=21881"}],"wp:term":[{"taxonomy":"product_brand","embeddable":true,"href":"https:\/\/uj.adatbank.ro\/lexikon\/wp-json\/wp\/v2\/product_brand?post=21881"},{"taxonomy":"product_cat","embeddable":true,"href":"https:\/\/uj.adatbank.ro\/lexikon\/wp-json\/wp\/v2\/product_cat?post=21881"},{"taxonomy":"product_tag","embeddable":true,"href":"https:\/\/uj.adatbank.ro\/lexikon\/wp-json\/wp\/v2\/product_tag?post=21881"}],"curies":[{"name":"wp","href":"https:\/\/api.w.org\/{rel}","templated":true}]}}