{"id":21883,"date":"2025-07-22T19:41:06","date_gmt":"2025-07-22T17:41:06","guid":{"rendered":"https:\/\/uj.adatbank.ro\/lexikon\/termek\/szekeres-istvan-3\/"},"modified":"2025-07-22T19:41:06","modified_gmt":"2025-07-22T17:41:06","slug":"szekeres-istvan-3","status":"publish","type":"product","link":"https:\/\/uj.adatbank.ro\/lexikon\/termek\/szekeres-istvan-3\/","title":{"rendered":"SZEKERES Istv\u00e1n"},"content":{"rendered":"<p>Ploie\u015fti, 1931. m\u00e1j. 30. \u2020 Mv., 2005. aug. 1.: k\u00f6zgazd\u00e1sz. \u2013 Feles\u00e9ge: Filep Erzs\u00e9bet Katalin (1939. m\u00e1j. 30.\u2013). Le\u00e1nyuk: Sz.\u00c1gnes Katalin (1966. \u00e1pr. 11.) P\u00e1lffy El\u0151dn\u00e9, vegy\u00e9szm\u00e9rn\u00f6k. \u2013Tanulm\u00e1nyait Buk.-ben a Sz\u00ednm\u0171v\u00e9szeti int\u00e9zetben (1962\u201368) \u00e9s Kv.-on a k\u00f6zgazdas\u00e1gi egyetemen (1962\u201368), majd Buk.-ben a \u015etefan Gheorghiu f\u0151iskol\u00e1n (1978\u201381) v\u00e9gezte. Mv.-en a Beruh\u00e1z\u00e1si Bankban inspektor (1960\u201370). A Maros megyei Sz\u00f6vetkezetek eln\u00f6ke (1871\u201383), az \u00c9p\u00edt\u00e9szeti Sz\u00f6vetkezet (Cooperativa Constructor) eln\u00f6ke (1983 \u2013?). <strong>Kit\u00fcntet\u00e9sei:<\/strong> Medalia XXV Aniversarea eliber\u0103rii patriei (1969); Medalia 25 de ani de la proclamarea Republicii (1972); Medalia 30 ani de la eliberarea Rom\u00e2niei de sub domina\u0163ia fascist\u0103 (1974); Ordinul muncii cl. III.-a instructor de specialitate activit\u0103\u0163ii economice \u015fi sociale (1974); Medalia comemorativ\u0103 a 40-a aniversare a revolu\u0163iei de eliberare social\u0103 \u015fi na\u0163ional\u0103 antifascist\u0103 \u015fi imperialist\u0103 (1984). <br \/><strong>Irod.:<\/strong> csal\u00e1di inf.<\/br><\/p>\n","protected":false},"excerpt":{"rendered":"<p>Ploie\u015fti, 1931. m\u00e1j. 30. \u2020 Mv., 2005. aug. 1.: k\u00f6zgazd\u00e1sz. \u2013 Feles\u00e9ge: Filep Erzs\u00e9bet Katalin (1939. m\u00e1j. 30.\u2013). Le\u00e1nyuk: Sz.\u00c1gnes Katalin (1966. \u00e1pr. 11.) P\u00e1lffy El\u0151dn\u00e9, vegy\u00e9szm\u00e9rn\u00f6k. \u2013Tanulm\u00e1nyait Buk.-ben a Sz\u00ednm\u0171v\u00e9szeti int\u00e9zetben (1962\u201368) \u00e9s Kv.-on a k\u00f6zgazdas\u00e1gi egyetemen (1962\u201368), majd Buk.-ben a \u015etefan Gheorghiu f\u0151iskol\u00e1n (1978\u201381) v\u00e9gezte. Mv.-en a Beruh\u00e1z\u00e1si Bankban inspektor (1960\u201370). A Maros [&hellip;]<\/p>\n","protected":false},"featured_media":0,"comment_status":"open","ping_status":"closed","template":"","meta":[],"product_brand":[],"product_cat":[137],"product_tag":[],"class_list":{"0":"post-21883","1":"product","2":"type-product","3":"status-publish","5":"product_cat-maros-megyei-eletrajzi-lexikon","7":"first","8":"instock","9":"shipping-taxable","10":"product-type-simple"},"_links":{"self":[{"href":"https:\/\/uj.adatbank.ro\/lexikon\/wp-json\/wp\/v2\/product\/21883","targetHints":{"allow":["GET"]}}],"collection":[{"href":"https:\/\/uj.adatbank.ro\/lexikon\/wp-json\/wp\/v2\/product"}],"about":[{"href":"https:\/\/uj.adatbank.ro\/lexikon\/wp-json\/wp\/v2\/types\/product"}],"replies":[{"embeddable":true,"href":"https:\/\/uj.adatbank.ro\/lexikon\/wp-json\/wp\/v2\/comments?post=21883"}],"wp:attachment":[{"href":"https:\/\/uj.adatbank.ro\/lexikon\/wp-json\/wp\/v2\/media?parent=21883"}],"wp:term":[{"taxonomy":"product_brand","embeddable":true,"href":"https:\/\/uj.adatbank.ro\/lexikon\/wp-json\/wp\/v2\/product_brand?post=21883"},{"taxonomy":"product_cat","embeddable":true,"href":"https:\/\/uj.adatbank.ro\/lexikon\/wp-json\/wp\/v2\/product_cat?post=21883"},{"taxonomy":"product_tag","embeddable":true,"href":"https:\/\/uj.adatbank.ro\/lexikon\/wp-json\/wp\/v2\/product_tag?post=21883"}],"curies":[{"name":"wp","href":"https:\/\/api.w.org\/{rel}","templated":true}]}}