{"id":21886,"date":"2025-07-22T19:41:12","date_gmt":"2025-07-22T17:41:12","guid":{"rendered":"https:\/\/uj.adatbank.ro\/lexikon\/termek\/szekeres-janos-3\/"},"modified":"2025-07-22T19:41:12","modified_gmt":"2025-07-22T17:41:12","slug":"szekeres-janos-3","status":"publish","type":"product","link":"https:\/\/uj.adatbank.ro\/lexikon\/termek\/szekeres-janos-3\/","title":{"rendered":"SZEKERES J\u00e1nos"},"content":{"rendered":"<p>? \u2020?: r.k. pap, tan\u00e1r. \u2013 Paptan\u00e1r \u00e9s subr\u00e9gens a mv.-i r. k. Gimn.-ban \u00e9s neveld\u00e9ben (1834\u201340), k\u00e9s\u0151bb a rozsny\u00f3i egyh\u00e1zmegy\u00e9ben pap \u00e9s tan\u00e1r, a rozsny\u00f3i p\u00fcsp\u00f6ki f\u0151iskol\u00e1n a t\u00f6rt\u00e9nelmet tan\u00edtotta (1847\u2013). <br \/><strong>Irod.:<\/strong> Kr\u00f3n. F\u00fcz. (1939. 4\/5).<\/br><\/p>\n","protected":false},"excerpt":{"rendered":"<p>? \u2020?: r.k. pap, tan\u00e1r. \u2013 Paptan\u00e1r \u00e9s subr\u00e9gens a mv.-i r. k. Gimn.-ban \u00e9s neveld\u00e9ben (1834\u201340), k\u00e9s\u0151bb a rozsny\u00f3i egyh\u00e1zmegy\u00e9ben pap \u00e9s tan\u00e1r, a rozsny\u00f3i p\u00fcsp\u00f6ki f\u0151iskol\u00e1n a t\u00f6rt\u00e9nelmet tan\u00edtotta (1847\u2013). Irod.: Kr\u00f3n. F\u00fcz. (1939. 4\/5).<\/p>\n","protected":false},"featured_media":0,"comment_status":"open","ping_status":"closed","template":"","meta":[],"product_brand":[],"product_cat":[137],"product_tag":[],"class_list":{"0":"post-21886","1":"product","2":"type-product","3":"status-publish","5":"product_cat-maros-megyei-eletrajzi-lexikon","7":"first","8":"instock","9":"shipping-taxable","10":"product-type-simple"},"_links":{"self":[{"href":"https:\/\/uj.adatbank.ro\/lexikon\/wp-json\/wp\/v2\/product\/21886","targetHints":{"allow":["GET"]}}],"collection":[{"href":"https:\/\/uj.adatbank.ro\/lexikon\/wp-json\/wp\/v2\/product"}],"about":[{"href":"https:\/\/uj.adatbank.ro\/lexikon\/wp-json\/wp\/v2\/types\/product"}],"replies":[{"embeddable":true,"href":"https:\/\/uj.adatbank.ro\/lexikon\/wp-json\/wp\/v2\/comments?post=21886"}],"wp:attachment":[{"href":"https:\/\/uj.adatbank.ro\/lexikon\/wp-json\/wp\/v2\/media?parent=21886"}],"wp:term":[{"taxonomy":"product_brand","embeddable":true,"href":"https:\/\/uj.adatbank.ro\/lexikon\/wp-json\/wp\/v2\/product_brand?post=21886"},{"taxonomy":"product_cat","embeddable":true,"href":"https:\/\/uj.adatbank.ro\/lexikon\/wp-json\/wp\/v2\/product_cat?post=21886"},{"taxonomy":"product_tag","embeddable":true,"href":"https:\/\/uj.adatbank.ro\/lexikon\/wp-json\/wp\/v2\/product_tag?post=21886"}],"curies":[{"name":"wp","href":"https:\/\/api.w.org\/{rel}","templated":true}]}}