{"id":21887,"date":"2025-07-22T19:41:14","date_gmt":"2025-07-22T17:41:14","guid":{"rendered":"https:\/\/uj.adatbank.ro\/lexikon\/termek\/szekeres-janos-4\/"},"modified":"2025-07-22T19:41:14","modified_gmt":"2025-07-22T17:41:14","slug":"szekeres-janos-4","status":"publish","type":"product","link":"https:\/\/uj.adatbank.ro\/lexikon\/termek\/szekeres-janos-4\/","title":{"rendered":"SZEKERES J\u00e1nos"},"content":{"rendered":"<p>? \u2020?: tan\u00edt\u00f3, tan\u00e1r. \u2013 A mv.-i Ref. Koll. fel\u00fcgyel\u0151 tan\u00edt\u00f3 nyugd\u00edjaz\u00e1s\u00e1ig (1898\u20131940. aug. 31.). Helyettes tan\u00edt\u00f3 (1941\u201342). M. T\u00e1rstud. Egyes\u00fclet alap\u00edt\u00f3 tagja (1907). A Koll. elemi iskol\u00e1j\u00e1nak igazgat\u00f3ja, letart\u00f3ztatt\u00e1k a rom\u00e1n katonai hat\u00f3s\u00e1gok fegyverrejteget\u00e9s v\u00e1dj\u00e1val (1919). A v\u00e1rosi intern\u00e1l\u00f3t\u00e1bor halottas kamr\u00e1j\u00e1ba z\u00e1rt\u00e1k. Az els\u0151fok\u00fa b\u00edr\u00f3s\u00e1g D\u00e9v\u00e1n hal\u00e1lra \u00edt\u00e9lte, majd fegyh\u00e1zban let\u00f6ltend\u0151 \u00f6t \u00e9vre m\u00e9rs\u00e9kelt\u00e9k b\u00fcntet\u00e9s\u00e9t. Sorozatos fellebbez\u00e9sek r\u00e9v\u00e9n decemberben felmentett\u00e9k, de rendszeresen kellett jelentkeznie a Siguranc\u00e1n. Letart\u00f3ztat\u00e1sa csak \u00fcr\u00fcgy a Koll. bez\u00e1rat\u00e1s\u00e1hoz. Az Erd\u00e9lyi Helikon mv.-i tagjai k\u00f6zt szerepelt (1930). Nyugalomba vonult (1939). A Mv.-i Kaszin\u00f3 k\u00f6nyvt\u00e1rosa (1931\u201345). <br \/><strong>Irod.:<\/strong> Bi\u00e1s Istv\u00e1n; Id\u0151t\u00e1r 3; MT\u00e1rstud.Egyes\u00fclet; Marosi-Helikon; Mv. t\u00f6rt. 2.<\/br><\/p>\n","protected":false},"excerpt":{"rendered":"<p>? \u2020?: tan\u00edt\u00f3, tan\u00e1r. \u2013 A mv.-i Ref. Koll. fel\u00fcgyel\u0151 tan\u00edt\u00f3 nyugd\u00edjaz\u00e1s\u00e1ig (1898\u20131940. aug. 31.). Helyettes tan\u00edt\u00f3 (1941\u201342). M. T\u00e1rstud. Egyes\u00fclet alap\u00edt\u00f3 tagja (1907). A Koll. elemi iskol\u00e1j\u00e1nak igazgat\u00f3ja, letart\u00f3ztatt\u00e1k a rom\u00e1n katonai hat\u00f3s\u00e1gok fegyverrejteget\u00e9s v\u00e1dj\u00e1val (1919). A v\u00e1rosi intern\u00e1l\u00f3t\u00e1bor halottas kamr\u00e1j\u00e1ba z\u00e1rt\u00e1k. Az els\u0151fok\u00fa b\u00edr\u00f3s\u00e1g D\u00e9v\u00e1n hal\u00e1lra \u00edt\u00e9lte, majd fegyh\u00e1zban let\u00f6ltend\u0151 \u00f6t \u00e9vre m\u00e9rs\u00e9kelt\u00e9k [&hellip;]<\/p>\n","protected":false},"featured_media":0,"comment_status":"open","ping_status":"closed","template":"","meta":[],"product_brand":[],"product_cat":[137],"product_tag":[],"class_list":{"0":"post-21887","1":"product","2":"type-product","3":"status-publish","5":"product_cat-maros-megyei-eletrajzi-lexikon","7":"first","8":"instock","9":"shipping-taxable","10":"product-type-simple"},"_links":{"self":[{"href":"https:\/\/uj.adatbank.ro\/lexikon\/wp-json\/wp\/v2\/product\/21887","targetHints":{"allow":["GET"]}}],"collection":[{"href":"https:\/\/uj.adatbank.ro\/lexikon\/wp-json\/wp\/v2\/product"}],"about":[{"href":"https:\/\/uj.adatbank.ro\/lexikon\/wp-json\/wp\/v2\/types\/product"}],"replies":[{"embeddable":true,"href":"https:\/\/uj.adatbank.ro\/lexikon\/wp-json\/wp\/v2\/comments?post=21887"}],"wp:attachment":[{"href":"https:\/\/uj.adatbank.ro\/lexikon\/wp-json\/wp\/v2\/media?parent=21887"}],"wp:term":[{"taxonomy":"product_brand","embeddable":true,"href":"https:\/\/uj.adatbank.ro\/lexikon\/wp-json\/wp\/v2\/product_brand?post=21887"},{"taxonomy":"product_cat","embeddable":true,"href":"https:\/\/uj.adatbank.ro\/lexikon\/wp-json\/wp\/v2\/product_cat?post=21887"},{"taxonomy":"product_tag","embeddable":true,"href":"https:\/\/uj.adatbank.ro\/lexikon\/wp-json\/wp\/v2\/product_tag?post=21887"}],"curies":[{"name":"wp","href":"https:\/\/api.w.org\/{rel}","templated":true}]}}