{"id":21889,"date":"2025-07-22T19:41:20","date_gmt":"2025-07-22T17:41:20","guid":{"rendered":"https:\/\/uj.adatbank.ro\/lexikon\/termek\/szekeres-janos-6\/"},"modified":"2025-07-22T19:41:20","modified_gmt":"2025-07-22T17:41:20","slug":"szekeres-janos-6","status":"publish","type":"product","link":"https:\/\/uj.adatbank.ro\/lexikon\/termek\/szekeres-janos-6\/","title":{"rendered":"SZEKERES J\u00e1nos"},"content":{"rendered":"<p>Mez\u0151madaras, 1910. \u00e1pr. 23., \u2020\u00a0Madrid, 1991. febr. 28.: k\u00f6zgazd\u00e1sz, keresked\u0151. \u2013 A csal\u00e1d Magyaro.-ra telepe\u00fclt (1920 k.). \u2013 Feles\u00e9ge: Balogh Magdolna (? \u20131987). Gyermekeik: egy le\u00e1ny \u00e9s h\u00e1rom fi\u00fa. \u2013 Bp.-en v\u00e9gezte a tanulm\u00e1nyait, a k\u00f6zgazdas\u00e1gi tudom\u00e1nyok dr. Keresked\u0151. Katona a II. vh.-ban, az orosz fronton harcolt. N\u00e9meto.-ba telepedett h\u00e9ttag\u00fa csal\u00e1dj\u00e1val, majd Argent\u00edn\u00e1ba telep\u00fclt (1948). Haszn\u00e1lati t\u00e1rgyak gy\u00e1rt\u00e1s\u00e1val \u00e9s elad\u00e1s\u00e1val foglalkozott. Feles\u00e9ge cukr\u00e1szkodott. A Buenos Aires-i Ref. Egyh\u00e1z egyik megalap\u00edt\u00f3ja, Madridba telepedett le \u00e9s seg\u00edtette az erd\u00e9lyi magyarokat. Csal\u00e1dja nev\u00e9ben Szekeres Szabolcs Mez\u0151madarason eml\u00e9kezet\u00e9re \u00e9p\u00edtette fel a Dr. Szekeres J\u00e1nos H\u00e1zat. <br \/><strong>Irod.:<\/strong> Mez\u0151madaras.<\/br><\/p>\n","protected":false},"excerpt":{"rendered":"<p>Mez\u0151madaras, 1910. \u00e1pr. 23., \u2020\u00a0Madrid, 1991. febr. 28.: k\u00f6zgazd\u00e1sz, keresked\u0151. \u2013 A csal\u00e1d Magyaro.-ra telepe\u00fclt (1920 k.). \u2013 Feles\u00e9ge: Balogh Magdolna (? \u20131987). Gyermekeik: egy le\u00e1ny \u00e9s h\u00e1rom fi\u00fa. \u2013 Bp.-en v\u00e9gezte a tanulm\u00e1nyait, a k\u00f6zgazdas\u00e1gi tudom\u00e1nyok dr. Keresked\u0151. Katona a II. vh.-ban, az orosz fronton harcolt. N\u00e9meto.-ba telepedett h\u00e9ttag\u00fa csal\u00e1dj\u00e1val, majd Argent\u00edn\u00e1ba telep\u00fclt (1948). [&hellip;]<\/p>\n","protected":false},"featured_media":0,"comment_status":"open","ping_status":"closed","template":"","meta":[],"product_brand":[],"product_cat":[137],"product_tag":[],"class_list":{"0":"post-21889","1":"product","2":"type-product","3":"status-publish","5":"product_cat-maros-megyei-eletrajzi-lexikon","7":"first","8":"instock","9":"shipping-taxable","10":"product-type-simple"},"_links":{"self":[{"href":"https:\/\/uj.adatbank.ro\/lexikon\/wp-json\/wp\/v2\/product\/21889","targetHints":{"allow":["GET"]}}],"collection":[{"href":"https:\/\/uj.adatbank.ro\/lexikon\/wp-json\/wp\/v2\/product"}],"about":[{"href":"https:\/\/uj.adatbank.ro\/lexikon\/wp-json\/wp\/v2\/types\/product"}],"replies":[{"embeddable":true,"href":"https:\/\/uj.adatbank.ro\/lexikon\/wp-json\/wp\/v2\/comments?post=21889"}],"wp:attachment":[{"href":"https:\/\/uj.adatbank.ro\/lexikon\/wp-json\/wp\/v2\/media?parent=21889"}],"wp:term":[{"taxonomy":"product_brand","embeddable":true,"href":"https:\/\/uj.adatbank.ro\/lexikon\/wp-json\/wp\/v2\/product_brand?post=21889"},{"taxonomy":"product_cat","embeddable":true,"href":"https:\/\/uj.adatbank.ro\/lexikon\/wp-json\/wp\/v2\/product_cat?post=21889"},{"taxonomy":"product_tag","embeddable":true,"href":"https:\/\/uj.adatbank.ro\/lexikon\/wp-json\/wp\/v2\/product_tag?post=21889"}],"curies":[{"name":"wp","href":"https:\/\/api.w.org\/{rel}","templated":true}]}}