{"id":21892,"date":"2025-07-22T19:41:25","date_gmt":"2025-07-22T17:41:25","guid":{"rendered":"https:\/\/uj.adatbank.ro\/lexikon\/termek\/szekeres-jozsef\/"},"modified":"2025-07-22T19:41:25","modified_gmt":"2025-07-22T17:41:25","slug":"szekeres-jozsef","status":"publish","type":"product","link":"https:\/\/uj.adatbank.ro\/lexikon\/termek\/szekeres-jozsef\/","title":{"rendered":"SZEKERES J\u00f3zsef"},"content":{"rendered":"<p>Cs\u00edknagyboldogasszony, 1870. j\u00fan. 10. \u2020\u00a0Cs\u00edknagyboldogasszony, 1950. dec. 16.: r. k. pap. \u2013 Tanulm\u00e1nyait Cs\u00edksomly\u00f3n, Gyulafeh\u00e9rv\u00e1ron \u00e9s B\u00e9csben a P\u00e1zm\u00e1neumban (1890\u201393) v\u00e9gezte. Gyulafeh\u00e9rv\u00e1ron szentelt\u00e9k papp\u00e1 (1893. j\u00fal. 16.). K\u00e1pl\u00e1n Brass\u00f3ban, Kv.-on hitoktat\u00f3, pl\u00e9b\u00e1nos. Cs\u00edkszered\u00e1ban, Erzs\u00e9betv\u00e1roson pl\u00e9b\u00e1nos. Radn\u00f3ton lelk\u00e9sz (1926\u201349), k\u00fck\u00fcll\u0151i f\u0151esperes (1945), dr. szentsz\u00e9ki tan\u00e1csos. Az Egys\u00e9ges M. Gimn.-ban vall\u00e1st is tan\u00edtott (\u201348.). Az \u00e9p\u00fcletet a r. k. egyh\u00e1z \u00e9p\u00edttette (1896). Nyugd\u00edjas (1949). <br \/><strong>Irod.:<\/strong> Ferenczi S\u00e1ndor 2009; Iernut; Maros-k\u00fck\u00fcll\u0151i f\u0151esp.<\/br><\/p>\n","protected":false},"excerpt":{"rendered":"<p>Cs\u00edknagyboldogasszony, 1870. j\u00fan. 10. \u2020\u00a0Cs\u00edknagyboldogasszony, 1950. dec. 16.: r. k. pap. \u2013 Tanulm\u00e1nyait Cs\u00edksomly\u00f3n, Gyulafeh\u00e9rv\u00e1ron \u00e9s B\u00e9csben a P\u00e1zm\u00e1neumban (1890\u201393) v\u00e9gezte. Gyulafeh\u00e9rv\u00e1ron szentelt\u00e9k papp\u00e1 (1893. j\u00fal. 16.). K\u00e1pl\u00e1n Brass\u00f3ban, Kv.-on hitoktat\u00f3, pl\u00e9b\u00e1nos. Cs\u00edkszered\u00e1ban, Erzs\u00e9betv\u00e1roson pl\u00e9b\u00e1nos. Radn\u00f3ton lelk\u00e9sz (1926\u201349), k\u00fck\u00fcll\u0151i f\u0151esperes (1945), dr. szentsz\u00e9ki tan\u00e1csos. Az Egys\u00e9ges M. Gimn.-ban vall\u00e1st is tan\u00edtott (\u201348.). Az \u00e9p\u00fcletet a [&hellip;]<\/p>\n","protected":false},"featured_media":0,"comment_status":"open","ping_status":"closed","template":"","meta":[],"product_brand":[],"product_cat":[137],"product_tag":[],"class_list":{"0":"post-21892","1":"product","2":"type-product","3":"status-publish","5":"product_cat-maros-megyei-eletrajzi-lexikon","7":"first","8":"instock","9":"shipping-taxable","10":"product-type-simple"},"_links":{"self":[{"href":"https:\/\/uj.adatbank.ro\/lexikon\/wp-json\/wp\/v2\/product\/21892","targetHints":{"allow":["GET"]}}],"collection":[{"href":"https:\/\/uj.adatbank.ro\/lexikon\/wp-json\/wp\/v2\/product"}],"about":[{"href":"https:\/\/uj.adatbank.ro\/lexikon\/wp-json\/wp\/v2\/types\/product"}],"replies":[{"embeddable":true,"href":"https:\/\/uj.adatbank.ro\/lexikon\/wp-json\/wp\/v2\/comments?post=21892"}],"wp:attachment":[{"href":"https:\/\/uj.adatbank.ro\/lexikon\/wp-json\/wp\/v2\/media?parent=21892"}],"wp:term":[{"taxonomy":"product_brand","embeddable":true,"href":"https:\/\/uj.adatbank.ro\/lexikon\/wp-json\/wp\/v2\/product_brand?post=21892"},{"taxonomy":"product_cat","embeddable":true,"href":"https:\/\/uj.adatbank.ro\/lexikon\/wp-json\/wp\/v2\/product_cat?post=21892"},{"taxonomy":"product_tag","embeddable":true,"href":"https:\/\/uj.adatbank.ro\/lexikon\/wp-json\/wp\/v2\/product_tag?post=21892"}],"curies":[{"name":"wp","href":"https:\/\/api.w.org\/{rel}","templated":true}]}}