{"id":21893,"date":"2025-07-22T19:41:28","date_gmt":"2025-07-22T17:41:28","guid":{"rendered":"https:\/\/uj.adatbank.ro\/lexikon\/termek\/szekeres-jozsef-2\/"},"modified":"2025-07-22T19:41:28","modified_gmt":"2025-07-22T17:41:28","slug":"szekeres-jozsef-2","status":"publish","type":"product","link":"https:\/\/uj.adatbank.ro\/lexikon\/termek\/szekeres-jozsef-2\/","title":{"rendered":"SZEKERES J\u00f3zsef"},"content":{"rendered":"<p>Mez\u0151s\u00e1msond, 1905., \u2020?: f\u00f6ldbirtokos. \u2013 Sz\u00fcl\u0151faluj\u00e1ban \u00e9s Mv.-en v\u00e9gezte tanulm\u00e1nyait. \u00d6n\u00e1ll\u00f3 (1929), majd Mez\u0151cs\u00e1v\u00e1son gazd\u00e1lkodott (1940\u2013). A k\u00f6zs\u00e9g tekint\u00e9lyes polg\u00e1ra. <br \/><strong>Irod.:<\/strong> Erd\u00e9lyi v\u00e1rmegy\u00e9k; Sz\u00e9kelyf\u00f6ld \u00ed. k.<\/br><\/p>\n","protected":false},"excerpt":{"rendered":"<p>Mez\u0151s\u00e1msond, 1905., \u2020?: f\u00f6ldbirtokos. \u2013 Sz\u00fcl\u0151faluj\u00e1ban \u00e9s Mv.-en v\u00e9gezte tanulm\u00e1nyait. \u00d6n\u00e1ll\u00f3 (1929), majd Mez\u0151cs\u00e1v\u00e1son gazd\u00e1lkodott (1940\u2013). A k\u00f6zs\u00e9g tekint\u00e9lyes polg\u00e1ra. Irod.: Erd\u00e9lyi v\u00e1rmegy\u00e9k; Sz\u00e9kelyf\u00f6ld \u00ed. k.<\/p>\n","protected":false},"featured_media":0,"comment_status":"open","ping_status":"closed","template":"","meta":[],"product_brand":[],"product_cat":[137],"product_tag":[],"class_list":{"0":"post-21893","1":"product","2":"type-product","3":"status-publish","5":"product_cat-maros-megyei-eletrajzi-lexikon","7":"first","8":"instock","9":"shipping-taxable","10":"product-type-simple"},"_links":{"self":[{"href":"https:\/\/uj.adatbank.ro\/lexikon\/wp-json\/wp\/v2\/product\/21893","targetHints":{"allow":["GET"]}}],"collection":[{"href":"https:\/\/uj.adatbank.ro\/lexikon\/wp-json\/wp\/v2\/product"}],"about":[{"href":"https:\/\/uj.adatbank.ro\/lexikon\/wp-json\/wp\/v2\/types\/product"}],"replies":[{"embeddable":true,"href":"https:\/\/uj.adatbank.ro\/lexikon\/wp-json\/wp\/v2\/comments?post=21893"}],"wp:attachment":[{"href":"https:\/\/uj.adatbank.ro\/lexikon\/wp-json\/wp\/v2\/media?parent=21893"}],"wp:term":[{"taxonomy":"product_brand","embeddable":true,"href":"https:\/\/uj.adatbank.ro\/lexikon\/wp-json\/wp\/v2\/product_brand?post=21893"},{"taxonomy":"product_cat","embeddable":true,"href":"https:\/\/uj.adatbank.ro\/lexikon\/wp-json\/wp\/v2\/product_cat?post=21893"},{"taxonomy":"product_tag","embeddable":true,"href":"https:\/\/uj.adatbank.ro\/lexikon\/wp-json\/wp\/v2\/product_tag?post=21893"}],"curies":[{"name":"wp","href":"https:\/\/api.w.org\/{rel}","templated":true}]}}