{"id":21894,"date":"2025-07-22T19:41:30","date_gmt":"2025-07-22T17:41:30","guid":{"rendered":"https:\/\/uj.adatbank.ro\/lexikon\/termek\/szekeres-katinka-%c2%a7\/"},"modified":"2025-07-22T19:41:30","modified_gmt":"2025-07-22T17:41:30","slug":"szekeres-katinka-%c2%a7","status":"publish","type":"product","link":"https:\/\/uj.adatbank.ro\/lexikon\/termek\/szekeres-katinka-%c2%a7\/","title":{"rendered":"SZEKERES Katinka, \u00a7"},"content":{"rendered":"<p>? \u2020?: tan\u00edt\u00f3n\u0151. \u2013 Mez\u0151cs\u00e1v\u00e1son tan\u00edtott, onnan alkalmazta a Ref. Koll. az elemi oszt\u00e1lyok tan\u00edt\u00e1s\u00e1ra (1912). Az iskola els\u0151 tan\u00edt\u00f3n\u0151je volt. <br \/><strong>Irod.:<\/strong> Id\u0151t\u00e1r 2; Marosi Ildik\u00f3.<\/br><\/p>\n","protected":false},"excerpt":{"rendered":"<p>? \u2020?: tan\u00edt\u00f3n\u0151. \u2013 Mez\u0151cs\u00e1v\u00e1son tan\u00edtott, onnan alkalmazta a Ref. Koll. az elemi oszt\u00e1lyok tan\u00edt\u00e1s\u00e1ra (1912). Az iskola els\u0151 tan\u00edt\u00f3n\u0151je volt. Irod.: Id\u0151t\u00e1r 2; Marosi Ildik\u00f3.<\/p>\n","protected":false},"featured_media":0,"comment_status":"open","ping_status":"closed","template":"","meta":[],"product_brand":[],"product_cat":[137],"product_tag":[],"class_list":{"0":"post-21894","1":"product","2":"type-product","3":"status-publish","5":"product_cat-maros-megyei-eletrajzi-lexikon","7":"first","8":"instock","9":"shipping-taxable","10":"product-type-simple"},"_links":{"self":[{"href":"https:\/\/uj.adatbank.ro\/lexikon\/wp-json\/wp\/v2\/product\/21894","targetHints":{"allow":["GET"]}}],"collection":[{"href":"https:\/\/uj.adatbank.ro\/lexikon\/wp-json\/wp\/v2\/product"}],"about":[{"href":"https:\/\/uj.adatbank.ro\/lexikon\/wp-json\/wp\/v2\/types\/product"}],"replies":[{"embeddable":true,"href":"https:\/\/uj.adatbank.ro\/lexikon\/wp-json\/wp\/v2\/comments?post=21894"}],"wp:attachment":[{"href":"https:\/\/uj.adatbank.ro\/lexikon\/wp-json\/wp\/v2\/media?parent=21894"}],"wp:term":[{"taxonomy":"product_brand","embeddable":true,"href":"https:\/\/uj.adatbank.ro\/lexikon\/wp-json\/wp\/v2\/product_brand?post=21894"},{"taxonomy":"product_cat","embeddable":true,"href":"https:\/\/uj.adatbank.ro\/lexikon\/wp-json\/wp\/v2\/product_cat?post=21894"},{"taxonomy":"product_tag","embeddable":true,"href":"https:\/\/uj.adatbank.ro\/lexikon\/wp-json\/wp\/v2\/product_tag?post=21894"}],"curies":[{"name":"wp","href":"https:\/\/api.w.org\/{rel}","templated":true}]}}