{"id":21896,"date":"2025-07-22T19:41:34","date_gmt":"2025-07-22T17:41:34","guid":{"rendered":"https:\/\/uj.adatbank.ro\/lexikon\/termek\/szekeres-tibor\/"},"modified":"2025-07-22T19:41:34","modified_gmt":"2025-07-22T17:41:34","slug":"szekeres-tibor","status":"publish","type":"product","link":"https:\/\/uj.adatbank.ro\/lexikon\/termek\/szekeres-tibor\/","title":{"rendered":"SZEKERES Tibor"},"content":{"rendered":"<p>? \u2020?: r. k. pap., ferences szerzetes. A rend feloszt\u00e1sa ut\u00e1n m\u00e9g megt\u0171rt\u00e9k \u0151ket (1950. aug. 20.-ig), majd elsz\u00e1ll\u00edtott\u00e1k t\u00e9ved\u00e9sb\u0151l Esztelnekre, onnan M\u00e1riaradn\u00e1ra. <br \/><strong>Irod.:<\/strong> L\u00e9sty\u00e1n Ferenc: Mv. katolikus egyh\u00e1za a kommunista elnyom\u00e1s idej\u00e9n (Kv., 2007); Maros-k\u00fck\u00fcll\u0151i f\u0151esp.<\/br><\/p>\n","protected":false},"excerpt":{"rendered":"<p>? \u2020?: r. k. pap., ferences szerzetes. A rend feloszt\u00e1sa ut\u00e1n m\u00e9g megt\u0171rt\u00e9k \u0151ket (1950. aug. 20.-ig), majd elsz\u00e1ll\u00edtott\u00e1k t\u00e9ved\u00e9sb\u0151l Esztelnekre, onnan M\u00e1riaradn\u00e1ra. Irod.: L\u00e9sty\u00e1n Ferenc: Mv. katolikus egyh\u00e1za a kommunista elnyom\u00e1s idej\u00e9n (Kv., 2007); Maros-k\u00fck\u00fcll\u0151i f\u0151esp.<\/p>\n","protected":false},"featured_media":0,"comment_status":"open","ping_status":"closed","template":"","meta":[],"product_brand":[],"product_cat":[137],"product_tag":[],"class_list":{"0":"post-21896","1":"product","2":"type-product","3":"status-publish","5":"product_cat-maros-megyei-eletrajzi-lexikon","7":"first","8":"instock","9":"shipping-taxable","10":"product-type-simple"},"_links":{"self":[{"href":"https:\/\/uj.adatbank.ro\/lexikon\/wp-json\/wp\/v2\/product\/21896","targetHints":{"allow":["GET"]}}],"collection":[{"href":"https:\/\/uj.adatbank.ro\/lexikon\/wp-json\/wp\/v2\/product"}],"about":[{"href":"https:\/\/uj.adatbank.ro\/lexikon\/wp-json\/wp\/v2\/types\/product"}],"replies":[{"embeddable":true,"href":"https:\/\/uj.adatbank.ro\/lexikon\/wp-json\/wp\/v2\/comments?post=21896"}],"wp:attachment":[{"href":"https:\/\/uj.adatbank.ro\/lexikon\/wp-json\/wp\/v2\/media?parent=21896"}],"wp:term":[{"taxonomy":"product_brand","embeddable":true,"href":"https:\/\/uj.adatbank.ro\/lexikon\/wp-json\/wp\/v2\/product_brand?post=21896"},{"taxonomy":"product_cat","embeddable":true,"href":"https:\/\/uj.adatbank.ro\/lexikon\/wp-json\/wp\/v2\/product_cat?post=21896"},{"taxonomy":"product_tag","embeddable":true,"href":"https:\/\/uj.adatbank.ro\/lexikon\/wp-json\/wp\/v2\/product_tag?post=21896"}],"curies":[{"name":"wp","href":"https:\/\/api.w.org\/{rel}","templated":true}]}}