{"id":21897,"date":"2025-07-22T19:41:36","date_gmt":"2025-07-22T17:41:36","guid":{"rendered":"https:\/\/uj.adatbank.ro\/lexikon\/termek\/szekernyes-laszlo-%c2%a7\/"},"modified":"2025-07-22T19:41:36","modified_gmt":"2025-07-22T17:41:36","slug":"szekernyes-laszlo-%c2%a7","status":"publish","type":"product","link":"https:\/\/uj.adatbank.ro\/lexikon\/termek\/szekernyes-laszlo-%c2%a7\/","title":{"rendered":"SZEKERNY\u00c9S L\u00e1szl\u00f3, \u00a7"},"content":{"rendered":"<p>Kv., 1935. okt. 15., \u2020\u00a0Mv., 1995. okt. 19.: \u00fajs\u00e1g\u00edr\u00f3, \u00edr\u00f3, riporter. \u2013 Sz. S\u00e1ndor \u00e9s Sarolta fia. -Kv.-on \u00e9retts\u00e9gizett (1953). \u00c1llamellenes szervezked\u00e9s gyan\u00faj\u00e1val a Palocsay Zsigmond csoportj\u00e1nak tagjak\u00e9nt, letart\u00f3ztatt\u00e1k \u00e9s el\u00edt\u00e9lt\u00e9k 3 \u00e9vre (1953. j\u00fan. 14. \u2013), de kegyelmet kapott (1954). A BTE m.-pedag\u00f3gia hallgat\u00f3ja (1955\u201357), amikor az el\u0151z\u0151 politikai \u00edt\u00e9let miatt elt\u00e1vol\u00edtott\u00e1k az egyetemr\u0151l. Ipari munk\u00e1s (1959\u201366). A securitate megfigyeltette (1966 k.). Mv.-en k\u00fcls\u0151 munkat\u00e1rsa volt a r\u00e1di\u00f3nak \u00e9s k\u00fcl\u00f6nb\u00f6z\u0151 lapoknak: Utunk, Igaz Sz\u00f3, V. Z., El\u0151re, Ifj\u00famunk\u00e1s, Dolgoz\u00f3 N\u0151, J\u00f3bar\u00e1t. Az \u00daj \u00c9let hetilap riportere, bels\u0151 munkat\u00e1rsa volt (1966\u201381). \u00cdrt hangj\u00e1t\u00e9kokat, elbesz\u00e9l\u00e9seket, recenzi\u00f3kat, riportokat, mesej\u00e1t\u00e9kokat. A Tr\u00f3n alatt a kir\u00e1ly c. mesej\u00e1t\u00e9k\u00e1t bemutatt\u00e1k Mv.-en (1969), majd Temesv\u00e1ron, Nagyv\u00e1radon, Bp.-en is. \u2013 <strong><strong>F. m.<\/strong><\/strong>: Bolondos vak\u00e1ci\u00f3 (vigj.; Mv., 1972; Vacan\u0163a hazlie, (Tg. M., 1973); Tr\u00f3n alatt a kir\u00e1ly (1976); <strong>antol\u00f3g.:<\/strong> Megtal\u00e1lt vil\u00e1g (Mv., 1968); ford: Munteanu Valentin: Radu, mindig csak Radu. (Sz\u00edndarab egy felvon\u00e1s\u00e1ban, Mv., 1966), Horv\u00e1th Margit: Suit\u0103 de jocuri din S\u0103calu de P\u0103dure \u015fi Lueriu (Tg.M., 1970); H. Lovinescu: A m\u0171v\u00e9sz hal\u00e1la = Mai rom\u00e1n dr\u00e1m\u00e1k (Kv., 1975); <strong>szerk.:<\/strong> London, Jack: Martin Eden (ut\u00f3sz\u00f3; Buk., 1966). <br \/><strong>Irod.:<\/strong> Aranykorszak; Bartos 2012; MIIB; [Nekrol\u00f3g] (N\u00fa., 1995. okt. 21.); R\u00e9thy\u2013\u00dajv\u00e1ri\u2013V\u00e1czi, RMIL.<\/br><\/p>\n","protected":false},"excerpt":{"rendered":"<p>Kv., 1935. okt. 15., \u2020\u00a0Mv., 1995. okt. 19.: \u00fajs\u00e1g\u00edr\u00f3, \u00edr\u00f3, riporter. \u2013 Sz. S\u00e1ndor \u00e9s Sarolta fia. -Kv.-on \u00e9retts\u00e9gizett (1953). \u00c1llamellenes szervezked\u00e9s gyan\u00faj\u00e1val a Palocsay Zsigmond csoportj\u00e1nak tagjak\u00e9nt, letart\u00f3ztatt\u00e1k \u00e9s el\u00edt\u00e9lt\u00e9k 3 \u00e9vre (1953. j\u00fan. 14. \u2013), de kegyelmet kapott (1954). A BTE m.-pedag\u00f3gia hallgat\u00f3ja (1955\u201357), amikor az el\u0151z\u0151 politikai \u00edt\u00e9let miatt elt\u00e1vol\u00edtott\u00e1k az egyetemr\u0151l. [&hellip;]<\/p>\n","protected":false},"featured_media":0,"comment_status":"open","ping_status":"closed","template":"","meta":[],"product_brand":[],"product_cat":[137],"product_tag":[],"class_list":{"0":"post-21897","1":"product","2":"type-product","3":"status-publish","5":"product_cat-maros-megyei-eletrajzi-lexikon","7":"first","8":"instock","9":"shipping-taxable","10":"product-type-simple"},"_links":{"self":[{"href":"https:\/\/uj.adatbank.ro\/lexikon\/wp-json\/wp\/v2\/product\/21897","targetHints":{"allow":["GET"]}}],"collection":[{"href":"https:\/\/uj.adatbank.ro\/lexikon\/wp-json\/wp\/v2\/product"}],"about":[{"href":"https:\/\/uj.adatbank.ro\/lexikon\/wp-json\/wp\/v2\/types\/product"}],"replies":[{"embeddable":true,"href":"https:\/\/uj.adatbank.ro\/lexikon\/wp-json\/wp\/v2\/comments?post=21897"}],"wp:attachment":[{"href":"https:\/\/uj.adatbank.ro\/lexikon\/wp-json\/wp\/v2\/media?parent=21897"}],"wp:term":[{"taxonomy":"product_brand","embeddable":true,"href":"https:\/\/uj.adatbank.ro\/lexikon\/wp-json\/wp\/v2\/product_brand?post=21897"},{"taxonomy":"product_cat","embeddable":true,"href":"https:\/\/uj.adatbank.ro\/lexikon\/wp-json\/wp\/v2\/product_cat?post=21897"},{"taxonomy":"product_tag","embeddable":true,"href":"https:\/\/uj.adatbank.ro\/lexikon\/wp-json\/wp\/v2\/product_tag?post=21897"}],"curies":[{"name":"wp","href":"https:\/\/api.w.org\/{rel}","templated":true}]}}