{"id":21898,"date":"2025-07-22T19:41:39","date_gmt":"2025-07-22T17:41:39","guid":{"rendered":"https:\/\/uj.adatbank.ro\/lexikon\/termek\/szekernyes-marton\/"},"modified":"2025-07-22T19:41:39","modified_gmt":"2025-07-22T17:41:39","slug":"szekernyes-marton","status":"publish","type":"product","link":"https:\/\/uj.adatbank.ro\/lexikon\/termek\/szekernyes-marton\/","title":{"rendered":"SZEKERNY\u00c9S M\u00e1rton"},"content":{"rendered":"<p>Meggyesfalva, 1924. szept. 2., \u2020?: vegy\u00e9sz, iparm\u0171v\u00e9sz. \u2013 Kv.-on az Unit. Gimn\u00e1ziumban \u00e9retts\u00e9gizett (1944), a BTE Vegy\u00e9szeti Kar\u00e1n (1949) oklevelet szerzett. Kv.-on a M\u0171v. N\u00e9piiskola fest\u00e9szeti szak\u00e1n tanult (1962). Kv.-on a B\u0151r- \u00e9s Cip\u0151gy\u00e1rban munk\u00e1s (1944\u201346), m\u00e9rn\u00f6k (1955\u201358, a finomb\u0151rgy\u00e1r r\u00e9szlegvezet\u0151je (1958\u201363, a k\u00eds\u00e9rleti laborat\u00f3rium kutat\u00f3ja (1963\u201384, a B\u0151ripari K\u00f6z\u00e9piskola magyar nyelv\u0171 tagozat\u00e1nak szaktan\u00e1ra (1949\u201355); nyugd\u00edjas (1984\u2013). Bejegyzett tal\u00e1lm\u00e1nyai: cip\u0151k orr-kem\u00e9nys\u00e9g-v\u00e1szn\u00e1nak m\u0171anyag-impregn\u00e1l\u00e1sa, b\u0151r\u00f6k anilines kezel\u00e9s\u00e9nek techn.; helyi anyagok haszn\u00e1lata a m\u0171b\u0151r\u00f6k fel\u00fclet\u00e9nek impregn\u00e1l\u00e1s\u00e1ban; b\u0151rd\u00edszm\u0171vek k\u00e9sz\u00edt\u00e9se. \u2013 Ki\u00e1ll\u00edt\u00e1sa: Kv. (1975). <br \/><strong>Irod.:<\/strong> KKACs, Moln\u00e1r.<\/br><\/p>\n","protected":false},"excerpt":{"rendered":"<p>Meggyesfalva, 1924. szept. 2., \u2020?: vegy\u00e9sz, iparm\u0171v\u00e9sz. \u2013 Kv.-on az Unit. Gimn\u00e1ziumban \u00e9retts\u00e9gizett (1944), a BTE Vegy\u00e9szeti Kar\u00e1n (1949) oklevelet szerzett. Kv.-on a M\u0171v. N\u00e9piiskola fest\u00e9szeti szak\u00e1n tanult (1962). Kv.-on a B\u0151r- \u00e9s Cip\u0151gy\u00e1rban munk\u00e1s (1944\u201346), m\u00e9rn\u00f6k (1955\u201358, a finomb\u0151rgy\u00e1r r\u00e9szlegvezet\u0151je (1958\u201363, a k\u00eds\u00e9rleti laborat\u00f3rium kutat\u00f3ja (1963\u201384, a B\u0151ripari K\u00f6z\u00e9piskola magyar nyelv\u0171 tagozat\u00e1nak szaktan\u00e1ra (1949\u201355); [&hellip;]<\/p>\n","protected":false},"featured_media":0,"comment_status":"open","ping_status":"closed","template":"","meta":[],"product_brand":[],"product_cat":[137],"product_tag":[],"class_list":{"0":"post-21898","1":"product","2":"type-product","3":"status-publish","5":"product_cat-maros-megyei-eletrajzi-lexikon","7":"first","8":"instock","9":"shipping-taxable","10":"product-type-simple"},"_links":{"self":[{"href":"https:\/\/uj.adatbank.ro\/lexikon\/wp-json\/wp\/v2\/product\/21898","targetHints":{"allow":["GET"]}}],"collection":[{"href":"https:\/\/uj.adatbank.ro\/lexikon\/wp-json\/wp\/v2\/product"}],"about":[{"href":"https:\/\/uj.adatbank.ro\/lexikon\/wp-json\/wp\/v2\/types\/product"}],"replies":[{"embeddable":true,"href":"https:\/\/uj.adatbank.ro\/lexikon\/wp-json\/wp\/v2\/comments?post=21898"}],"wp:attachment":[{"href":"https:\/\/uj.adatbank.ro\/lexikon\/wp-json\/wp\/v2\/media?parent=21898"}],"wp:term":[{"taxonomy":"product_brand","embeddable":true,"href":"https:\/\/uj.adatbank.ro\/lexikon\/wp-json\/wp\/v2\/product_brand?post=21898"},{"taxonomy":"product_cat","embeddable":true,"href":"https:\/\/uj.adatbank.ro\/lexikon\/wp-json\/wp\/v2\/product_cat?post=21898"},{"taxonomy":"product_tag","embeddable":true,"href":"https:\/\/uj.adatbank.ro\/lexikon\/wp-json\/wp\/v2\/product_tag?post=21898"}],"curies":[{"name":"wp","href":"https:\/\/api.w.org\/{rel}","templated":true}]}}