{"id":2190,"date":"2025-06-28T12:06:26","date_gmt":"2025-06-28T10:06:26","guid":{"rendered":"https:\/\/uj.adatbank.ro\/lexikon\/termek\/banffy-jeno-losonczi-br\/"},"modified":"2025-06-28T12:06:26","modified_gmt":"2025-06-28T10:06:26","slug":"banffy-jeno-losonczi-br","status":"publish","type":"product","link":"https:\/\/uj.adatbank.ro\/lexikon\/termek\/banffy-jeno-losonczi-br\/","title":{"rendered":"B\u00c1NFFY Jen\u0151, losonczi br."},"content":{"rendered":"<p>Dics\u0151szentm\u00e1rton, 1893. \u00e1pr. 22. \u2020\u00a0Czik\u00f3\u00fajfalu (Mo.), 1914. nov. 21. H\u0151si hal\u00e1lt halt: hadnagy. \u2013 B. K\u00e1roly (1857\u20131927) \u00e9s osdolai L\u00e1z\u00e1r Ilona (1867\u20131944) fia. \u2013 Hadnagy a 13. honv\u00e9d husz\u00e1rezredben. <br \/><strong>Irod.:<\/strong> Gudenus<\/br><\/p>\n","protected":false},"excerpt":{"rendered":"<p>Dics\u0151szentm\u00e1rton, 1893. \u00e1pr. 22. \u2020\u00a0Czik\u00f3\u00fajfalu (Mo.), 1914. nov. 21. H\u0151si hal\u00e1lt halt: hadnagy. \u2013 B. K\u00e1roly (1857\u20131927) \u00e9s osdolai L\u00e1z\u00e1r Ilona (1867\u20131944) fia. \u2013 Hadnagy a 13. honv\u00e9d husz\u00e1rezredben. Irod.: Gudenus<\/p>\n","protected":false},"featured_media":0,"comment_status":"open","ping_status":"closed","template":"","meta":[],"product_brand":[],"product_cat":[137],"product_tag":[],"class_list":{"0":"post-2190","1":"product","2":"type-product","3":"status-publish","5":"product_cat-maros-megyei-eletrajzi-lexikon","7":"first","8":"instock","9":"shipping-taxable","10":"product-type-simple"},"_links":{"self":[{"href":"https:\/\/uj.adatbank.ro\/lexikon\/wp-json\/wp\/v2\/product\/2190","targetHints":{"allow":["GET"]}}],"collection":[{"href":"https:\/\/uj.adatbank.ro\/lexikon\/wp-json\/wp\/v2\/product"}],"about":[{"href":"https:\/\/uj.adatbank.ro\/lexikon\/wp-json\/wp\/v2\/types\/product"}],"replies":[{"embeddable":true,"href":"https:\/\/uj.adatbank.ro\/lexikon\/wp-json\/wp\/v2\/comments?post=2190"}],"wp:attachment":[{"href":"https:\/\/uj.adatbank.ro\/lexikon\/wp-json\/wp\/v2\/media?parent=2190"}],"wp:term":[{"taxonomy":"product_brand","embeddable":true,"href":"https:\/\/uj.adatbank.ro\/lexikon\/wp-json\/wp\/v2\/product_brand?post=2190"},{"taxonomy":"product_cat","embeddable":true,"href":"https:\/\/uj.adatbank.ro\/lexikon\/wp-json\/wp\/v2\/product_cat?post=2190"},{"taxonomy":"product_tag","embeddable":true,"href":"https:\/\/uj.adatbank.ro\/lexikon\/wp-json\/wp\/v2\/product_tag?post=2190"}],"curies":[{"name":"wp","href":"https:\/\/api.w.org\/{rel}","templated":true}]}}