{"id":21901,"date":"2025-07-22T19:41:47","date_gmt":"2025-07-22T17:41:47","guid":{"rendered":"https:\/\/uj.adatbank.ro\/lexikon\/termek\/szeki-samuel\/"},"modified":"2025-07-22T19:41:47","modified_gmt":"2025-07-22T17:41:47","slug":"szeki-samuel","status":"publish","type":"product","link":"https:\/\/uj.adatbank.ro\/lexikon\/termek\/szeki-samuel\/","title":{"rendered":"SZ\u00c9KI S\u00e1muel"},"content":{"rendered":"<p>? \u2020\u00a0Marosj\u00e1ra, 1792. dec.: ref. ref. lelk\u00e9sz. \u2013 Ertsei \/ Ertsei S\u00e1muel fia. Feles\u00e9ge Szatsvai Sofia. \u2013 Mv.-en subscrib\u00e1lt (1744). Kolozsnagyid\u00e1n (1754\u201355), Erd\u0151csin\u00e1don k\u00e1pl\u00e1n (1756\u201359) \u00e9s apja ut\u00f3da (1761\u201367), Marosj\u00e1r\u00e1ban (1768\u201392) volt lelkip\u00e1sztor. Az \u0151 idej\u00e9ben, B\u00f6jthe Istv\u00e1n kur\u00e1tors\u00e1ga alatt, k\u00e9sz\u00fclt fel a marosj\u00e1rai gy\u00fclekezet az \u00faj ref. templom meg\u00e9p\u00edt\u00e9s\u00e9re (1773\u201384). <br \/><strong>Irod.:<\/strong> B\u00f6jthe Andor; \u0150sz; \u00d6tv\u00f6s.<\/br><\/p>\n","protected":false},"excerpt":{"rendered":"<p>? \u2020\u00a0Marosj\u00e1ra, 1792. dec.: ref. ref. lelk\u00e9sz. \u2013 Ertsei \/ Ertsei S\u00e1muel fia. Feles\u00e9ge Szatsvai Sofia. \u2013 Mv.-en subscrib\u00e1lt (1744). Kolozsnagyid\u00e1n (1754\u201355), Erd\u0151csin\u00e1don k\u00e1pl\u00e1n (1756\u201359) \u00e9s apja ut\u00f3da (1761\u201367), Marosj\u00e1r\u00e1ban (1768\u201392) volt lelkip\u00e1sztor. Az \u0151 idej\u00e9ben, B\u00f6jthe Istv\u00e1n kur\u00e1tors\u00e1ga alatt, k\u00e9sz\u00fclt fel a marosj\u00e1rai gy\u00fclekezet az \u00faj ref. templom meg\u00e9p\u00edt\u00e9s\u00e9re (1773\u201384). Irod.: B\u00f6jthe Andor; \u0150sz; [&hellip;]<\/p>\n","protected":false},"featured_media":0,"comment_status":"open","ping_status":"closed","template":"","meta":[],"product_brand":[],"product_cat":[137],"product_tag":[],"class_list":{"0":"post-21901","1":"product","2":"type-product","3":"status-publish","5":"product_cat-maros-megyei-eletrajzi-lexikon","7":"first","8":"instock","9":"shipping-taxable","10":"product-type-simple"},"_links":{"self":[{"href":"https:\/\/uj.adatbank.ro\/lexikon\/wp-json\/wp\/v2\/product\/21901","targetHints":{"allow":["GET"]}}],"collection":[{"href":"https:\/\/uj.adatbank.ro\/lexikon\/wp-json\/wp\/v2\/product"}],"about":[{"href":"https:\/\/uj.adatbank.ro\/lexikon\/wp-json\/wp\/v2\/types\/product"}],"replies":[{"embeddable":true,"href":"https:\/\/uj.adatbank.ro\/lexikon\/wp-json\/wp\/v2\/comments?post=21901"}],"wp:attachment":[{"href":"https:\/\/uj.adatbank.ro\/lexikon\/wp-json\/wp\/v2\/media?parent=21901"}],"wp:term":[{"taxonomy":"product_brand","embeddable":true,"href":"https:\/\/uj.adatbank.ro\/lexikon\/wp-json\/wp\/v2\/product_brand?post=21901"},{"taxonomy":"product_cat","embeddable":true,"href":"https:\/\/uj.adatbank.ro\/lexikon\/wp-json\/wp\/v2\/product_cat?post=21901"},{"taxonomy":"product_tag","embeddable":true,"href":"https:\/\/uj.adatbank.ro\/lexikon\/wp-json\/wp\/v2\/product_tag?post=21901"}],"curies":[{"name":"wp","href":"https:\/\/api.w.org\/{rel}","templated":true}]}}