{"id":21905,"date":"2025-07-22T19:41:55","date_gmt":"2025-07-22T17:41:55","guid":{"rendered":"https:\/\/uj.adatbank.ro\/lexikon\/termek\/szel-akos\/"},"modified":"2025-07-22T19:41:55","modified_gmt":"2025-07-22T17:41:55","slug":"szel-akos","status":"publish","type":"product","link":"https:\/\/uj.adatbank.ro\/lexikon\/termek\/szel-akos\/","title":{"rendered":"SZ\u00c9L \u00c1kos"},"content":{"rendered":"<p>? \u2020?: ? \u2013 <strong>F. m.<\/strong>: K\u00f6tetben: Sz\u00ednes k\u00f6nyv (Brass\u00f3, Kv., 1861). <br \/><strong>Irod.:<\/strong> F\u00fcl\u00f6p\u2013Ferencz Sz\u00e9l \u00c1kos\u00a0\u2013 2979.<\/br><\/p>\n","protected":false},"excerpt":{"rendered":"<p>? \u2020?: ? \u2013 F. m.: K\u00f6tetben: Sz\u00ednes k\u00f6nyv (Brass\u00f3, Kv., 1861). Irod.: F\u00fcl\u00f6p\u2013Ferencz Sz\u00e9l \u00c1kos\u00a0\u2013 2979.<\/p>\n","protected":false},"featured_media":0,"comment_status":"open","ping_status":"closed","template":"","meta":[],"product_brand":[],"product_cat":[137],"product_tag":[],"class_list":{"0":"post-21905","1":"product","2":"type-product","3":"status-publish","5":"product_cat-maros-megyei-eletrajzi-lexikon","7":"first","8":"instock","9":"shipping-taxable","10":"product-type-simple"},"_links":{"self":[{"href":"https:\/\/uj.adatbank.ro\/lexikon\/wp-json\/wp\/v2\/product\/21905","targetHints":{"allow":["GET"]}}],"collection":[{"href":"https:\/\/uj.adatbank.ro\/lexikon\/wp-json\/wp\/v2\/product"}],"about":[{"href":"https:\/\/uj.adatbank.ro\/lexikon\/wp-json\/wp\/v2\/types\/product"}],"replies":[{"embeddable":true,"href":"https:\/\/uj.adatbank.ro\/lexikon\/wp-json\/wp\/v2\/comments?post=21905"}],"wp:attachment":[{"href":"https:\/\/uj.adatbank.ro\/lexikon\/wp-json\/wp\/v2\/media?parent=21905"}],"wp:term":[{"taxonomy":"product_brand","embeddable":true,"href":"https:\/\/uj.adatbank.ro\/lexikon\/wp-json\/wp\/v2\/product_brand?post=21905"},{"taxonomy":"product_cat","embeddable":true,"href":"https:\/\/uj.adatbank.ro\/lexikon\/wp-json\/wp\/v2\/product_cat?post=21905"},{"taxonomy":"product_tag","embeddable":true,"href":"https:\/\/uj.adatbank.ro\/lexikon\/wp-json\/wp\/v2\/product_tag?post=21905"}],"curies":[{"name":"wp","href":"https:\/\/api.w.org\/{rel}","templated":true}]}}