{"id":21908,"date":"2025-07-22T19:42:03","date_gmt":"2025-07-22T17:42:03","guid":{"rendered":"https:\/\/uj.adatbank.ro\/lexikon\/termek\/szel-szell-nagyernyei-csalad\/"},"modified":"2025-07-22T19:42:03","modified_gmt":"2025-07-22T17:42:03","slug":"szel-szell-nagyernyei-csalad","status":"publish","type":"product","link":"https:\/\/uj.adatbank.ro\/lexikon\/termek\/szel-szell-nagyernyei-csalad\/","title":{"rendered":"SZ\u00c9L, Sz\u00e9ll, nagyernyei csal\u00e1d"},"content":{"rendered":"<p>Nemess\u00e9ge 1569-b\u0151l kelt. <br \/><strong>Irod.:<\/strong> Kempelen.<\/br><\/p>\n","protected":false},"excerpt":{"rendered":"<p>Nemess\u00e9ge 1569-b\u0151l kelt. Irod.: Kempelen.<\/p>\n","protected":false},"featured_media":0,"comment_status":"open","ping_status":"closed","template":"","meta":[],"product_brand":[],"product_cat":[137],"product_tag":[],"class_list":{"0":"post-21908","1":"product","2":"type-product","3":"status-publish","5":"product_cat-maros-megyei-eletrajzi-lexikon","7":"first","8":"instock","9":"shipping-taxable","10":"product-type-simple"},"_links":{"self":[{"href":"https:\/\/uj.adatbank.ro\/lexikon\/wp-json\/wp\/v2\/product\/21908","targetHints":{"allow":["GET"]}}],"collection":[{"href":"https:\/\/uj.adatbank.ro\/lexikon\/wp-json\/wp\/v2\/product"}],"about":[{"href":"https:\/\/uj.adatbank.ro\/lexikon\/wp-json\/wp\/v2\/types\/product"}],"replies":[{"embeddable":true,"href":"https:\/\/uj.adatbank.ro\/lexikon\/wp-json\/wp\/v2\/comments?post=21908"}],"wp:attachment":[{"href":"https:\/\/uj.adatbank.ro\/lexikon\/wp-json\/wp\/v2\/media?parent=21908"}],"wp:term":[{"taxonomy":"product_brand","embeddable":true,"href":"https:\/\/uj.adatbank.ro\/lexikon\/wp-json\/wp\/v2\/product_brand?post=21908"},{"taxonomy":"product_cat","embeddable":true,"href":"https:\/\/uj.adatbank.ro\/lexikon\/wp-json\/wp\/v2\/product_cat?post=21908"},{"taxonomy":"product_tag","embeddable":true,"href":"https:\/\/uj.adatbank.ro\/lexikon\/wp-json\/wp\/v2\/product_tag?post=21908"}],"curies":[{"name":"wp","href":"https:\/\/api.w.org\/{rel}","templated":true}]}}