{"id":21909,"date":"2025-07-22T19:42:05","date_gmt":"2025-07-22T17:42:05","guid":{"rendered":"https:\/\/uj.adatbank.ro\/lexikon\/termek\/szelak-bela\/"},"modified":"2025-07-22T19:42:05","modified_gmt":"2025-07-22T17:42:05","slug":"szelak-bela","status":"publish","type":"product","link":"https:\/\/uj.adatbank.ro\/lexikon\/termek\/szelak-bela\/","title":{"rendered":"SZEL\u00c1K B\u00e9la"},"content":{"rendered":"<p>? 1894., \u2020?: m\u00e9sz\u00e1rosmester. \u2013 Iskol\u00e1i elv\u00e9gz\u00e9se ut\u00e1n a h\u00fasiparban szabadult f\u00f6l \u00f6n\u00e1ll\u00f3 lett Mv.-en (1918). Szakk\u00e9pzett, j\u00f3nev\u0171 iparosa volt a v\u00e1rosnak. Az els\u0151 vh.-ban a 2. husz\u00e1rezredben harcolt, megsebes\u00fclt, orosz fogs\u00e1gba ker\u00fclt, ahol 26 h\u00f3napot t\u00f6lt\u00f6tt. A II. o. ez\u00fcst, a bronz vit. \u00e9rem, a seb. \u00e9rem \u00e9s a K\u00e1roly Csapatkereszt kit\u00fcntet\u00e9s birtokosa volt. Minden kultur\u00e1lis \u00e9s szoci\u00e1lis int\u00e9zm\u00e9ny t\u00e1mogat\u00f3ja volt. <br \/><strong>Irod.:<\/strong> Sz\u00e9kelyf\u00f6ld \u00ed. k.<\/br><\/p>\n","protected":false},"excerpt":{"rendered":"<p>? 1894., \u2020?: m\u00e9sz\u00e1rosmester. \u2013 Iskol\u00e1i elv\u00e9gz\u00e9se ut\u00e1n a h\u00fasiparban szabadult f\u00f6l \u00f6n\u00e1ll\u00f3 lett Mv.-en (1918). Szakk\u00e9pzett, j\u00f3nev\u0171 iparosa volt a v\u00e1rosnak. Az els\u0151 vh.-ban a 2. husz\u00e1rezredben harcolt, megsebes\u00fclt, orosz fogs\u00e1gba ker\u00fclt, ahol 26 h\u00f3napot t\u00f6lt\u00f6tt. A II. o. ez\u00fcst, a bronz vit. \u00e9rem, a seb. \u00e9rem \u00e9s a K\u00e1roly Csapatkereszt kit\u00fcntet\u00e9s birtokosa volt. [&hellip;]<\/p>\n","protected":false},"featured_media":0,"comment_status":"open","ping_status":"closed","template":"","meta":[],"product_brand":[],"product_cat":[137],"product_tag":[],"class_list":{"0":"post-21909","1":"product","2":"type-product","3":"status-publish","5":"product_cat-maros-megyei-eletrajzi-lexikon","7":"first","8":"instock","9":"shipping-taxable","10":"product-type-simple"},"_links":{"self":[{"href":"https:\/\/uj.adatbank.ro\/lexikon\/wp-json\/wp\/v2\/product\/21909","targetHints":{"allow":["GET"]}}],"collection":[{"href":"https:\/\/uj.adatbank.ro\/lexikon\/wp-json\/wp\/v2\/product"}],"about":[{"href":"https:\/\/uj.adatbank.ro\/lexikon\/wp-json\/wp\/v2\/types\/product"}],"replies":[{"embeddable":true,"href":"https:\/\/uj.adatbank.ro\/lexikon\/wp-json\/wp\/v2\/comments?post=21909"}],"wp:attachment":[{"href":"https:\/\/uj.adatbank.ro\/lexikon\/wp-json\/wp\/v2\/media?parent=21909"}],"wp:term":[{"taxonomy":"product_brand","embeddable":true,"href":"https:\/\/uj.adatbank.ro\/lexikon\/wp-json\/wp\/v2\/product_brand?post=21909"},{"taxonomy":"product_cat","embeddable":true,"href":"https:\/\/uj.adatbank.ro\/lexikon\/wp-json\/wp\/v2\/product_cat?post=21909"},{"taxonomy":"product_tag","embeddable":true,"href":"https:\/\/uj.adatbank.ro\/lexikon\/wp-json\/wp\/v2\/product_tag?post=21909"}],"curies":[{"name":"wp","href":"https:\/\/api.w.org\/{rel}","templated":true}]}}