{"id":21913,"date":"2025-07-22T19:42:13","date_gmt":"2025-07-22T17:42:13","guid":{"rendered":"https:\/\/uj.adatbank.ro\/lexikon\/termek\/szeley-szabo-laszlo\/"},"modified":"2025-07-22T19:42:13","modified_gmt":"2025-07-22T17:42:13","slug":"szeley-szabo-laszlo","status":"publish","type":"product","link":"https:\/\/uj.adatbank.ro\/lexikon\/termek\/szeley-szabo-laszlo\/","title":{"rendered":"SZELEY-SZAB\u00d3 L\u00e1szl\u00f3"},"content":{"rendered":"<p>? 1949, \u2020 2005.: f\u00e9nyk\u00e9p\u00e9sz, fot\u00f3m\u0171v\u00e9sz. \u2013 Term\u00e9szetfot\u00f3s, az Erd\u00e9lyi Nimr\u00f3d term\u00e9szetv\u00e9delmi magazin f\u0151szerkeszt\u0151je, k\u00fczd\u00f6tt a Sz\u00e9kelyf\u00f6ld term\u00e9szeti \u00e9rt\u00e9keinek meg\u0151rz\u00e9s\u00e9\u00e9rt. Term\u00e9szetfot\u00f3i t\u00fckr\u00f6zik Erd\u00e9ly term\u00e9szeti kincseinek vil\u00e1g\u00e1t, Indiai term\u00e9szeti felv\u00e9telei is vannak. <strong>F. ki\u00e1ll.:<\/strong> Mv., 2009. Irod.: Sz\u00e1sz Cs. Emese: Aki \u00f6r\u00f6kre eljegyezte mag\u00e1t a fotogr\u00e1fi\u00e1val (V\u00e1s\u00e1rhelyi H\u00edrlap, 2009. m\u00e1rc. 11.).<\/br><\/p>\n","protected":false},"excerpt":{"rendered":"<p>? 1949, \u2020 2005.: f\u00e9nyk\u00e9p\u00e9sz, fot\u00f3m\u0171v\u00e9sz. \u2013 Term\u00e9szetfot\u00f3s, az Erd\u00e9lyi Nimr\u00f3d term\u00e9szetv\u00e9delmi magazin f\u0151szerkeszt\u0151je, k\u00fczd\u00f6tt a Sz\u00e9kelyf\u00f6ld term\u00e9szeti \u00e9rt\u00e9keinek meg\u0151rz\u00e9s\u00e9\u00e9rt. Term\u00e9szetfot\u00f3i t\u00fckr\u00f6zik Erd\u00e9ly term\u00e9szeti kincseinek vil\u00e1g\u00e1t, Indiai term\u00e9szeti felv\u00e9telei is vannak. F. ki\u00e1ll.: Mv., 2009. Irod.: Sz\u00e1sz Cs. Emese: Aki \u00f6r\u00f6kre eljegyezte mag\u00e1t a fotogr\u00e1fi\u00e1val (V\u00e1s\u00e1rhelyi H\u00edrlap, 2009. m\u00e1rc. 11.).<\/p>\n","protected":false},"featured_media":0,"comment_status":"open","ping_status":"closed","template":"","meta":[],"product_brand":[],"product_cat":[137],"product_tag":[],"class_list":{"0":"post-21913","1":"product","2":"type-product","3":"status-publish","5":"product_cat-maros-megyei-eletrajzi-lexikon","7":"first","8":"instock","9":"shipping-taxable","10":"product-type-simple"},"_links":{"self":[{"href":"https:\/\/uj.adatbank.ro\/lexikon\/wp-json\/wp\/v2\/product\/21913","targetHints":{"allow":["GET"]}}],"collection":[{"href":"https:\/\/uj.adatbank.ro\/lexikon\/wp-json\/wp\/v2\/product"}],"about":[{"href":"https:\/\/uj.adatbank.ro\/lexikon\/wp-json\/wp\/v2\/types\/product"}],"replies":[{"embeddable":true,"href":"https:\/\/uj.adatbank.ro\/lexikon\/wp-json\/wp\/v2\/comments?post=21913"}],"wp:attachment":[{"href":"https:\/\/uj.adatbank.ro\/lexikon\/wp-json\/wp\/v2\/media?parent=21913"}],"wp:term":[{"taxonomy":"product_brand","embeddable":true,"href":"https:\/\/uj.adatbank.ro\/lexikon\/wp-json\/wp\/v2\/product_brand?post=21913"},{"taxonomy":"product_cat","embeddable":true,"href":"https:\/\/uj.adatbank.ro\/lexikon\/wp-json\/wp\/v2\/product_cat?post=21913"},{"taxonomy":"product_tag","embeddable":true,"href":"https:\/\/uj.adatbank.ro\/lexikon\/wp-json\/wp\/v2\/product_tag?post=21913"}],"curies":[{"name":"wp","href":"https:\/\/api.w.org\/{rel}","templated":true}]}}