{"id":21914,"date":"2025-07-22T19:42:15","date_gmt":"2025-07-22T17:42:15","guid":{"rendered":"https:\/\/uj.adatbank.ro\/lexikon\/termek\/szell-ede-p-szell-janos-edvard\/"},"modified":"2025-07-22T19:42:15","modified_gmt":"2025-07-22T17:42:15","slug":"szell-ede-p-szell-janos-edvard","status":"publish","type":"product","link":"https:\/\/uj.adatbank.ro\/lexikon\/termek\/szell-ede-p-szell-janos-edvard\/","title":{"rendered":"SZ\u00c9LL Ede P, SZ\u00c9LL J\u00e1nos Edv\u00e1rd"},"content":{"rendered":"<p>Sz\u00fccs (Veszpr\u00e9m vm.), 1893, \u2020\u00a0Ugod, (Veszpr\u00e9m vm.), 1960: minorita lelk\u00e9sz. \u2013\u2013 A mv.-i minorita rendh\u00e1z h\u00e1zf\u0151n\u00f6ke (1926). A tartom\u00e1nyf\u0151n\u00f6k kinevezte a Mv.-en megnyitand\u00f3 Seraphicum igazgat\u00f3j\u00e1v\u00e1 (1926). <br \/><strong>Irod.:<\/strong> Id\u0151t\u00e1r 3; Maros megyei m. t\u00f6rt.5.<\/br><\/p>\n","protected":false},"excerpt":{"rendered":"<p>Sz\u00fccs (Veszpr\u00e9m vm.), 1893, \u2020\u00a0Ugod, (Veszpr\u00e9m vm.), 1960: minorita lelk\u00e9sz. \u2013\u2013 A mv.-i minorita rendh\u00e1z h\u00e1zf\u0151n\u00f6ke (1926). A tartom\u00e1nyf\u0151n\u00f6k kinevezte a Mv.-en megnyitand\u00f3 Seraphicum igazgat\u00f3j\u00e1v\u00e1 (1926). Irod.: Id\u0151t\u00e1r 3; Maros megyei m. t\u00f6rt.5.<\/p>\n","protected":false},"featured_media":0,"comment_status":"open","ping_status":"closed","template":"","meta":[],"product_brand":[],"product_cat":[137],"product_tag":[],"class_list":{"0":"post-21914","1":"product","2":"type-product","3":"status-publish","5":"product_cat-maros-megyei-eletrajzi-lexikon","7":"first","8":"instock","9":"shipping-taxable","10":"product-type-simple"},"_links":{"self":[{"href":"https:\/\/uj.adatbank.ro\/lexikon\/wp-json\/wp\/v2\/product\/21914","targetHints":{"allow":["GET"]}}],"collection":[{"href":"https:\/\/uj.adatbank.ro\/lexikon\/wp-json\/wp\/v2\/product"}],"about":[{"href":"https:\/\/uj.adatbank.ro\/lexikon\/wp-json\/wp\/v2\/types\/product"}],"replies":[{"embeddable":true,"href":"https:\/\/uj.adatbank.ro\/lexikon\/wp-json\/wp\/v2\/comments?post=21914"}],"wp:attachment":[{"href":"https:\/\/uj.adatbank.ro\/lexikon\/wp-json\/wp\/v2\/media?parent=21914"}],"wp:term":[{"taxonomy":"product_brand","embeddable":true,"href":"https:\/\/uj.adatbank.ro\/lexikon\/wp-json\/wp\/v2\/product_brand?post=21914"},{"taxonomy":"product_cat","embeddable":true,"href":"https:\/\/uj.adatbank.ro\/lexikon\/wp-json\/wp\/v2\/product_cat?post=21914"},{"taxonomy":"product_tag","embeddable":true,"href":"https:\/\/uj.adatbank.ro\/lexikon\/wp-json\/wp\/v2\/product_tag?post=21914"}],"curies":[{"name":"wp","href":"https:\/\/api.w.org\/{rel}","templated":true}]}}