{"id":21915,"date":"2025-07-22T19:42:17","date_gmt":"2025-07-22T17:42:17","guid":{"rendered":"https:\/\/uj.adatbank.ro\/lexikon\/termek\/szell-jakab\/"},"modified":"2025-07-22T19:42:17","modified_gmt":"2025-07-22T17:42:17","slug":"szell-jakab","status":"publish","type":"product","link":"https:\/\/uj.adatbank.ro\/lexikon\/termek\/szell-jakab\/","title":{"rendered":"SZ\u00c9LL Jakab"},"content":{"rendered":"<p>Matisfalva, 1874.,\u00a0\u2020?: ref. lelk\u00e9sz. \u2013 Sz\u00e9kelyudvarhelyen \u00e9retts\u00e9gizett, majd a teol\u00f3gi\u00e1t Kv.-on v\u00e9gezte. Sz\u0151kefalv\u00e1n kezdte meg lelk\u00e9szi p\u00e1lyafut\u00e1s\u00e1t (1899\u20131902), onnan Somosdra (1902. febr. 6.\u20131907. m\u00e1j. 20.), majd Vajdaszentiv\u00e1nyra (1907\u2013) ker\u00fclt. A v\u00e1rmegye t\u00f6rv. hat. tagja, a Gazdak\u00f6r alap\u00edt\u00f3ja \u00e9s d\u00edszeln\u00f6ke, a Hangya \u00fajj\u00e1szervez\u0151je, igazgat\u00f3ja \u00e9s eln\u00f6ke volt. A Gazdak\u00f6r megalap\u00edt\u00e1sakor vezette be a k\u00f6zs\u00e9gbe a burgonyatermeszt\u00e9st. Irodalommal is foglalkozott, t\u00f6bb munk\u00e1ja jelent meg nyomtat\u00e1sban. A MP helyi eln\u00f6ke, minden kultur\u00e1lis \u00e9s hazafias int\u00e9zm\u00e9ny akt\u00edv t\u00e1mogat\u00f3ja volt. <br \/><strong>Irod.:<\/strong> Abaf\u00e1ja; Nagy L\u00e1szl\u00f3; Somosd; Sz\u00e9kelyf\u00f6ld \u00ed. k.<\/br><\/p>\n","protected":false},"excerpt":{"rendered":"<p>Matisfalva, 1874.,\u00a0\u2020?: ref. lelk\u00e9sz. \u2013 Sz\u00e9kelyudvarhelyen \u00e9retts\u00e9gizett, majd a teol\u00f3gi\u00e1t Kv.-on v\u00e9gezte. Sz\u0151kefalv\u00e1n kezdte meg lelk\u00e9szi p\u00e1lyafut\u00e1s\u00e1t (1899\u20131902), onnan Somosdra (1902. febr. 6.\u20131907. m\u00e1j. 20.), majd Vajdaszentiv\u00e1nyra (1907\u2013) ker\u00fclt. A v\u00e1rmegye t\u00f6rv. hat. tagja, a Gazdak\u00f6r alap\u00edt\u00f3ja \u00e9s d\u00edszeln\u00f6ke, a Hangya \u00fajj\u00e1szervez\u0151je, igazgat\u00f3ja \u00e9s eln\u00f6ke volt. A Gazdak\u00f6r megalap\u00edt\u00e1sakor vezette be a k\u00f6zs\u00e9gbe a burgonyatermeszt\u00e9st. [&hellip;]<\/p>\n","protected":false},"featured_media":0,"comment_status":"open","ping_status":"closed","template":"","meta":[],"product_brand":[],"product_cat":[137],"product_tag":[],"class_list":{"0":"post-21915","1":"product","2":"type-product","3":"status-publish","5":"product_cat-maros-megyei-eletrajzi-lexikon","7":"first","8":"instock","9":"shipping-taxable","10":"product-type-simple"},"_links":{"self":[{"href":"https:\/\/uj.adatbank.ro\/lexikon\/wp-json\/wp\/v2\/product\/21915","targetHints":{"allow":["GET"]}}],"collection":[{"href":"https:\/\/uj.adatbank.ro\/lexikon\/wp-json\/wp\/v2\/product"}],"about":[{"href":"https:\/\/uj.adatbank.ro\/lexikon\/wp-json\/wp\/v2\/types\/product"}],"replies":[{"embeddable":true,"href":"https:\/\/uj.adatbank.ro\/lexikon\/wp-json\/wp\/v2\/comments?post=21915"}],"wp:attachment":[{"href":"https:\/\/uj.adatbank.ro\/lexikon\/wp-json\/wp\/v2\/media?parent=21915"}],"wp:term":[{"taxonomy":"product_brand","embeddable":true,"href":"https:\/\/uj.adatbank.ro\/lexikon\/wp-json\/wp\/v2\/product_brand?post=21915"},{"taxonomy":"product_cat","embeddable":true,"href":"https:\/\/uj.adatbank.ro\/lexikon\/wp-json\/wp\/v2\/product_cat?post=21915"},{"taxonomy":"product_tag","embeddable":true,"href":"https:\/\/uj.adatbank.ro\/lexikon\/wp-json\/wp\/v2\/product_tag?post=21915"}],"curies":[{"name":"wp","href":"https:\/\/api.w.org\/{rel}","templated":true}]}}