{"id":21916,"date":"2025-07-22T19:42:19","date_gmt":"2025-07-22T17:42:19","guid":{"rendered":"https:\/\/uj.adatbank.ro\/lexikon\/termek\/szell-janos\/"},"modified":"2025-07-22T19:42:19","modified_gmt":"2025-07-22T17:42:19","slug":"szell-janos","status":"publish","type":"product","link":"https:\/\/uj.adatbank.ro\/lexikon\/termek\/szell-janos\/","title":{"rendered":"SZ\u00c9LL J\u00e1nos"},"content":{"rendered":"<p>Dics\u0151szentm\u00e1rton, 1902.,\u00a0\u2020?: k\u00f6rjegyz\u0151. \u2013 Sz Jakab fia. K\u00f6z\u00e9piskol\u00e1it Mv.-en, a k\u00f6zig. Tanfolyamot Fogarason v\u00e9gezte (1927), u. o. kezdte p\u00e1lyafut\u00e1s\u00e1t mint s. jegyz\u0151, majd j\u00e1r\u00e1si titk\u00e1r lett \u00e9s Als\u00f3idecsen volt jegyz\u0151 (\u20131938), k\u00e9t \u00e9vet \u00d3rom\u00e1n\u00e1iban volt, majd Marosv\u00e9csen k\u00f6rjegyz\u0151 (1940\u2013). A Szoci\u00e1lis Munkak\u00f6z\u00f6ss\u00e9g tagja, a Hangya fel\u00fcgyel\u0151biz. eln\u00f6ke, minden kult\u00farint\u00e9zm\u00e9ny r\u00e9sztvev\u0151je volt. <br \/><strong>Irod.:<\/strong> Sz\u00e9kelyf\u00f6ld \u00ed. k.<\/br><\/p>\n","protected":false},"excerpt":{"rendered":"<p>Dics\u0151szentm\u00e1rton, 1902.,\u00a0\u2020?: k\u00f6rjegyz\u0151. \u2013 Sz Jakab fia. K\u00f6z\u00e9piskol\u00e1it Mv.-en, a k\u00f6zig. Tanfolyamot Fogarason v\u00e9gezte (1927), u. o. kezdte p\u00e1lyafut\u00e1s\u00e1t mint s. jegyz\u0151, majd j\u00e1r\u00e1si titk\u00e1r lett \u00e9s Als\u00f3idecsen volt jegyz\u0151 (\u20131938), k\u00e9t \u00e9vet \u00d3rom\u00e1n\u00e1iban volt, majd Marosv\u00e9csen k\u00f6rjegyz\u0151 (1940\u2013). A Szoci\u00e1lis Munkak\u00f6z\u00f6ss\u00e9g tagja, a Hangya fel\u00fcgyel\u0151biz. eln\u00f6ke, minden kult\u00farint\u00e9zm\u00e9ny r\u00e9sztvev\u0151je volt. Irod.: Sz\u00e9kelyf\u00f6ld \u00ed. k.<\/p>\n","protected":false},"featured_media":0,"comment_status":"open","ping_status":"closed","template":"","meta":[],"product_brand":[],"product_cat":[137],"product_tag":[],"class_list":{"0":"post-21916","1":"product","2":"type-product","3":"status-publish","5":"product_cat-maros-megyei-eletrajzi-lexikon","7":"first","8":"instock","9":"shipping-taxable","10":"product-type-simple"},"_links":{"self":[{"href":"https:\/\/uj.adatbank.ro\/lexikon\/wp-json\/wp\/v2\/product\/21916","targetHints":{"allow":["GET"]}}],"collection":[{"href":"https:\/\/uj.adatbank.ro\/lexikon\/wp-json\/wp\/v2\/product"}],"about":[{"href":"https:\/\/uj.adatbank.ro\/lexikon\/wp-json\/wp\/v2\/types\/product"}],"replies":[{"embeddable":true,"href":"https:\/\/uj.adatbank.ro\/lexikon\/wp-json\/wp\/v2\/comments?post=21916"}],"wp:attachment":[{"href":"https:\/\/uj.adatbank.ro\/lexikon\/wp-json\/wp\/v2\/media?parent=21916"}],"wp:term":[{"taxonomy":"product_brand","embeddable":true,"href":"https:\/\/uj.adatbank.ro\/lexikon\/wp-json\/wp\/v2\/product_brand?post=21916"},{"taxonomy":"product_cat","embeddable":true,"href":"https:\/\/uj.adatbank.ro\/lexikon\/wp-json\/wp\/v2\/product_cat?post=21916"},{"taxonomy":"product_tag","embeddable":true,"href":"https:\/\/uj.adatbank.ro\/lexikon\/wp-json\/wp\/v2\/product_tag?post=21916"}],"curies":[{"name":"wp","href":"https:\/\/api.w.org\/{rel}","templated":true}]}}