{"id":21917,"date":"2025-07-22T19:42:21","date_gmt":"2025-07-22T17:42:21","guid":{"rendered":"https:\/\/uj.adatbank.ro\/lexikon\/termek\/szell-lajos\/"},"modified":"2025-07-22T19:42:21","modified_gmt":"2025-07-22T17:42:21","slug":"szell-lajos","status":"publish","type":"product","link":"https:\/\/uj.adatbank.ro\/lexikon\/termek\/szell-lajos\/","title":{"rendered":"SZ\u00c9LL Lajos"},"content":{"rendered":"<p>? \u2020?: m\u00e9rn\u00f6k. \u2013 A mv.-i M\u00c1V \u00e1llom\u00e1son dolgozott mint a f\u0171t\u0151h\u00e1z vezet\u0151je. Kit\u00fcntet\u00e9st kapott a kir\u00e1lyt\u00f3l (1915). <br \/><strong>Irod.:<\/strong> Id\u0151t\u00e1r 2.<\/br><\/p>\n","protected":false},"excerpt":{"rendered":"<p>? \u2020?: m\u00e9rn\u00f6k. \u2013 A mv.-i M\u00c1V \u00e1llom\u00e1son dolgozott mint a f\u0171t\u0151h\u00e1z vezet\u0151je. Kit\u00fcntet\u00e9st kapott a kir\u00e1lyt\u00f3l (1915). Irod.: Id\u0151t\u00e1r 2.<\/p>\n","protected":false},"featured_media":0,"comment_status":"open","ping_status":"closed","template":"","meta":[],"product_brand":[],"product_cat":[137],"product_tag":[],"class_list":{"0":"post-21917","1":"product","2":"type-product","3":"status-publish","5":"product_cat-maros-megyei-eletrajzi-lexikon","7":"first","8":"instock","9":"shipping-taxable","10":"product-type-simple"},"_links":{"self":[{"href":"https:\/\/uj.adatbank.ro\/lexikon\/wp-json\/wp\/v2\/product\/21917","targetHints":{"allow":["GET"]}}],"collection":[{"href":"https:\/\/uj.adatbank.ro\/lexikon\/wp-json\/wp\/v2\/product"}],"about":[{"href":"https:\/\/uj.adatbank.ro\/lexikon\/wp-json\/wp\/v2\/types\/product"}],"replies":[{"embeddable":true,"href":"https:\/\/uj.adatbank.ro\/lexikon\/wp-json\/wp\/v2\/comments?post=21917"}],"wp:attachment":[{"href":"https:\/\/uj.adatbank.ro\/lexikon\/wp-json\/wp\/v2\/media?parent=21917"}],"wp:term":[{"taxonomy":"product_brand","embeddable":true,"href":"https:\/\/uj.adatbank.ro\/lexikon\/wp-json\/wp\/v2\/product_brand?post=21917"},{"taxonomy":"product_cat","embeddable":true,"href":"https:\/\/uj.adatbank.ro\/lexikon\/wp-json\/wp\/v2\/product_cat?post=21917"},{"taxonomy":"product_tag","embeddable":true,"href":"https:\/\/uj.adatbank.ro\/lexikon\/wp-json\/wp\/v2\/product_tag?post=21917"}],"curies":[{"name":"wp","href":"https:\/\/api.w.org\/{rel}","templated":true}]}}