{"id":21918,"date":"2025-07-22T19:42:24","date_gmt":"2025-07-22T17:42:24","guid":{"rendered":"https:\/\/uj.adatbank.ro\/lexikon\/termek\/szellyes-sandor\/"},"modified":"2025-07-22T19:42:24","modified_gmt":"2025-07-22T17:42:24","slug":"szellyes-sandor","status":"publish","type":"product","link":"https:\/\/uj.adatbank.ro\/lexikon\/termek\/szellyes-sandor\/","title":{"rendered":"SZ\u00c9LLYES S\u00e1ndor"},"content":{"rendered":"<p>Mikh\u00e1za, 1932. j\u00fal. 4., \u2020 Mv., 2006. jan. 15., temett\u00e9k Mikh\u00e1z\u00e1n: n\u00e9pdal\u00e9nekes, t\u00e1ncos, konferanszi\u00e9. \u2013 Mv.-en a volt Ref. Koll. \u00e9retts\u00e9gizett (1951). Mikh\u00e1z\u00e1n tan\u00edt\u00f3 (1951\u201352); munkaszolg\u00e1latos katona (1952\u201354); a Konzervgy\u00e1r munk\u00e1sa Meggyesfalv\u00e1n (1954\u201356); a Mv. Sz\u00e9kely N\u00e9pi Egy\u00fcttes (\u00c1llami \u00c9nek- \u00e9s T\u00e1ncegy\u00fcttes, 1961\u201380; Maros M\u0171v\u00e9szegy\u00fcttes (1980\u2013) alap\u00edt\u00f3tagja, \u00e9nekese nyugd\u00edjaz\u00e1s\u00e1ig (1956\u201386). Kultur\u00e1lis \u00c9rdem\u00e9remmel t\u00fcntett\u00e9k ki (1966). Kisebb \u00edr\u00e1sai jelentek meg a Brass\u00f3i Lapok, Megyei T\u00fck\u00f6r, Szabad Sz\u00f3, V\u00f6r\u00f6s Lobog\u00f3, V. Z. has\u00e1bjain. R\u00edmekbe szedett \u00f6sszek\u00f6t\u0151 sz\u00f6veggel, n\u00e9pi rigmusokkal vezette az Egy\u00fcttes k\u00f6zel 5000 el\u0151ad\u00e1s\u00e1t, itthon \u00e9s k\u00fclf\u00f6ld\u00f6n (25 \u00e9vig). Vend\u00e9gszerepelt Jugoszl\u00e1vi\u00e1ban (1969), Amerik\u00e1ban (1971), Kanad\u00e1ban (1972), NSzK-ban (1975), Mong\u00f3li\u00e1ban, Kore\u00e1ban, K\u00edn\u00e1ban, a Szovjetuni\u00f3ban (1977), Ausztr\u00e1li\u00e1ban (1977), B\u00e9csben, Franciao.-ban. Csak a gyermekkor\u00e1t siker\u00fclt meg\u00edrnia \u00f6n\u00e9letrajzi visszaeml\u00e9kez\u00e9seiben: Gyermekkor (N\u00fa., M\u00fazsa, 916. sz., 2010. jan. 16.; 917. sz., 2010. jan. 23). T\u00f6bb sz\u00e1z faragott t\u00e1rgyat k\u00e9sz\u00edtett, ezeket Kanad\u00e1t\u00f3l Ausztr\u00e1li\u00e1ig ismerik a m. sz\u00f3rv\u00e1nyban. N\u00e9pdalokat tartalmaz\u00f3 Electrecord lemeze van k\u00f6z\u00f6sen Bal\u00e1s Erzs\u00e9bettel. 75. sz\u00fclet\u00e9snapj\u00e1n \u00fcnnepi hangversennyel k\u00f6sz\u00f6nt\u00f6tt\u00e9k. Sz. S.-eml\u00e9kszob\u00e1t avattak Mikh\u00e1z\u00e1n (2011). A mikh\u00e1zi Cs\u0171rsz\u00ednh\u00e1z a nev\u00e9t viseli. (2012. j\u00fan.\u2013). <br \/><strong>Irod.:<\/strong> D\u00e9zsi \u00d6d\u00f6n: Nagy gond a humor (V. Z., 1980. m\u00e1j. 211.); Gagyi J\u00f3zsef: \u00dagy f\u00e1j nekem (Sz\u00e9kelyf\u00f6ld, 2. sz., 2020.); A H\u00e9t \u00e9vk\u00f6nyve (1982); KKACs; Kusz\u00e1lik; Mez\u0151panit; Szerencs\u00e9s j\u00f3 est\u00e9t k\u00edv\u00e1nok e h\u00e1znak\u2026: Sz. Sz. eml\u00e9kezete = A k\u00f6tet anyag\u00e1t \u00f6ssze\u00e1ll\u00edtotta \u00e9s gondozta Sz\u00e9kely Szab\u00f3 Zolt\u00e1n (Kv.-Mikh\u00e1za, 2011); Sz\u00e9kely D\u00e9nes 2005; Sz\u00e9kely Sz.Z.; A tizedik: Mikh\u00e1z\u00e1n: Sz. S. Nev\u00e9t viseli a jubil\u00e1l\u00f3 Cs\u0171rsz\u00ednh\u00e1z (2012. j\u00fal. 2.); Todea 2013; T\u00f3falvi Zolt\u00e1n: Elment a legnagyobb sz\u00e9kely tr\u00e9famester (Erd\u00e9lyi Napl\u00f3, 9. sz., 2006.); Vajda Gy\u00f6rgy: Sz. S.-eml\u00e9kszoba Mikh\u00e1z\u00e1n (N\u00fa., Sz\u00ednes Vil\u00e1g, 2011. j\u00fal. 23.).<\/br><\/p>\n","protected":false},"excerpt":{"rendered":"<p>Mikh\u00e1za, 1932. j\u00fal. 4., \u2020 Mv., 2006. jan. 15., temett\u00e9k Mikh\u00e1z\u00e1n: n\u00e9pdal\u00e9nekes, t\u00e1ncos, konferanszi\u00e9. \u2013 Mv.-en a volt Ref. Koll. \u00e9retts\u00e9gizett (1951). Mikh\u00e1z\u00e1n tan\u00edt\u00f3 (1951\u201352); munkaszolg\u00e1latos katona (1952\u201354); a Konzervgy\u00e1r munk\u00e1sa Meggyesfalv\u00e1n (1954\u201356); a Mv. Sz\u00e9kely N\u00e9pi Egy\u00fcttes (\u00c1llami \u00c9nek- \u00e9s T\u00e1ncegy\u00fcttes, 1961\u201380; Maros M\u0171v\u00e9szegy\u00fcttes (1980\u2013) alap\u00edt\u00f3tagja, \u00e9nekese nyugd\u00edjaz\u00e1s\u00e1ig (1956\u201386). Kultur\u00e1lis \u00c9rdem\u00e9remmel t\u00fcntett\u00e9k ki (1966). [&hellip;]<\/p>\n","protected":false},"featured_media":0,"comment_status":"open","ping_status":"closed","template":"","meta":[],"product_brand":[],"product_cat":[137],"product_tag":[],"class_list":{"0":"post-21918","1":"product","2":"type-product","3":"status-publish","5":"product_cat-maros-megyei-eletrajzi-lexikon","7":"first","8":"instock","9":"shipping-taxable","10":"product-type-simple"},"_links":{"self":[{"href":"https:\/\/uj.adatbank.ro\/lexikon\/wp-json\/wp\/v2\/product\/21918","targetHints":{"allow":["GET"]}}],"collection":[{"href":"https:\/\/uj.adatbank.ro\/lexikon\/wp-json\/wp\/v2\/product"}],"about":[{"href":"https:\/\/uj.adatbank.ro\/lexikon\/wp-json\/wp\/v2\/types\/product"}],"replies":[{"embeddable":true,"href":"https:\/\/uj.adatbank.ro\/lexikon\/wp-json\/wp\/v2\/comments?post=21918"}],"wp:attachment":[{"href":"https:\/\/uj.adatbank.ro\/lexikon\/wp-json\/wp\/v2\/media?parent=21918"}],"wp:term":[{"taxonomy":"product_brand","embeddable":true,"href":"https:\/\/uj.adatbank.ro\/lexikon\/wp-json\/wp\/v2\/product_brand?post=21918"},{"taxonomy":"product_cat","embeddable":true,"href":"https:\/\/uj.adatbank.ro\/lexikon\/wp-json\/wp\/v2\/product_cat?post=21918"},{"taxonomy":"product_tag","embeddable":true,"href":"https:\/\/uj.adatbank.ro\/lexikon\/wp-json\/wp\/v2\/product_tag?post=21918"}],"curies":[{"name":"wp","href":"https:\/\/api.w.org\/{rel}","templated":true}]}}