{"id":21919,"date":"2025-07-22T19:42:26","date_gmt":"2025-07-22T17:42:26","guid":{"rendered":"https:\/\/uj.adatbank.ro\/lexikon\/termek\/szelyes-mihaly-szeles-mihaly\/"},"modified":"2025-07-22T19:42:26","modified_gmt":"2025-07-22T17:42:26","slug":"szelyes-mihaly-szeles-mihaly","status":"publish","type":"product","link":"https:\/\/uj.adatbank.ro\/lexikon\/termek\/szelyes-mihaly-szeles-mihaly\/","title":{"rendered":"SZ\u00c9LYES Mih\u00e1ly, Sz\u00e9les Mih\u00e1ly"},"content":{"rendered":"<p>? \u2020?: v\u00e1rosi n\u00f3t\u00e1rius. \u2013 Mv.-en tan\u00e1csos (1736), v\u00e1rosi jegyz\u0151 (1735\u201340), malomfel\u00fcgyel\u0151 (1735), akinek hatalmas telk\u00e9t a minorit\u00e1k megv\u00e1s\u00e1rolt\u00e1k (1740), ahov\u00e1 templomukat \u00e9s kolostorukat \u00e9p\u00edtett\u00e9k (1741\u201367). <br \/><strong>Irod.:<\/strong> Fodor S\u00e1ndor (S.): A Minorita \u00e9s a Ferenc-rendi templomok eml\u00e9kt\u00e1bl\u00e1i (N\u00fa., Sz\u00ednes Vil\u00e1g, 2008. \u00e1pr. 12.); Kr\u00f3n. F\u00fcz. (1940. 4\/10); Maros megye; P\u00e1l-Antal 2006.<\/br><\/p>\n","protected":false},"excerpt":{"rendered":"<p>? \u2020?: v\u00e1rosi n\u00f3t\u00e1rius. \u2013 Mv.-en tan\u00e1csos (1736), v\u00e1rosi jegyz\u0151 (1735\u201340), malomfel\u00fcgyel\u0151 (1735), akinek hatalmas telk\u00e9t a minorit\u00e1k megv\u00e1s\u00e1rolt\u00e1k (1740), ahov\u00e1 templomukat \u00e9s kolostorukat \u00e9p\u00edtett\u00e9k (1741\u201367). Irod.: Fodor S\u00e1ndor (S.): A Minorita \u00e9s a Ferenc-rendi templomok eml\u00e9kt\u00e1bl\u00e1i (N\u00fa., Sz\u00ednes Vil\u00e1g, 2008. \u00e1pr. 12.); Kr\u00f3n. F\u00fcz. (1940. 4\/10); Maros megye; P\u00e1l-Antal 2006.<\/p>\n","protected":false},"featured_media":0,"comment_status":"open","ping_status":"closed","template":"","meta":[],"product_brand":[],"product_cat":[137],"product_tag":[],"class_list":{"0":"post-21919","1":"product","2":"type-product","3":"status-publish","5":"product_cat-maros-megyei-eletrajzi-lexikon","7":"first","8":"instock","9":"shipping-taxable","10":"product-type-simple"},"_links":{"self":[{"href":"https:\/\/uj.adatbank.ro\/lexikon\/wp-json\/wp\/v2\/product\/21919","targetHints":{"allow":["GET"]}}],"collection":[{"href":"https:\/\/uj.adatbank.ro\/lexikon\/wp-json\/wp\/v2\/product"}],"about":[{"href":"https:\/\/uj.adatbank.ro\/lexikon\/wp-json\/wp\/v2\/types\/product"}],"replies":[{"embeddable":true,"href":"https:\/\/uj.adatbank.ro\/lexikon\/wp-json\/wp\/v2\/comments?post=21919"}],"wp:attachment":[{"href":"https:\/\/uj.adatbank.ro\/lexikon\/wp-json\/wp\/v2\/media?parent=21919"}],"wp:term":[{"taxonomy":"product_brand","embeddable":true,"href":"https:\/\/uj.adatbank.ro\/lexikon\/wp-json\/wp\/v2\/product_brand?post=21919"},{"taxonomy":"product_cat","embeddable":true,"href":"https:\/\/uj.adatbank.ro\/lexikon\/wp-json\/wp\/v2\/product_cat?post=21919"},{"taxonomy":"product_tag","embeddable":true,"href":"https:\/\/uj.adatbank.ro\/lexikon\/wp-json\/wp\/v2\/product_tag?post=21919"}],"curies":[{"name":"wp","href":"https:\/\/api.w.org\/{rel}","templated":true}]}}