{"id":2192,"date":"2025-06-28T12:06:29","date_gmt":"2025-06-28T10:06:29","guid":{"rendered":"https:\/\/uj.adatbank.ro\/lexikon\/termek\/banffy-jozsef-gr\/"},"modified":"2025-06-28T12:06:29","modified_gmt":"2025-06-28T10:06:29","slug":"banffy-jozsef-gr","status":"publish","type":"product","link":"https:\/\/uj.adatbank.ro\/lexikon\/termek\/banffy-jozsef-gr\/","title":{"rendered":"B\u00c1NFFY J\u00f3zsef, gr."},"content":{"rendered":"<p>?, \u2020\u00a01858.: f\u0151nemes. Irodalomp\u00e1rtol\u00f3 volt. <br \/><strong>Irod.:<\/strong> Paget<\/br><\/p>\n","protected":false},"excerpt":{"rendered":"<p>?, \u2020\u00a01858.: f\u0151nemes. Irodalomp\u00e1rtol\u00f3 volt. Irod.: Paget<\/p>\n","protected":false},"featured_media":0,"comment_status":"open","ping_status":"closed","template":"","meta":[],"product_brand":[],"product_cat":[137],"product_tag":[],"class_list":{"0":"post-2192","1":"product","2":"type-product","3":"status-publish","5":"product_cat-maros-megyei-eletrajzi-lexikon","7":"first","8":"instock","9":"shipping-taxable","10":"product-type-simple"},"_links":{"self":[{"href":"https:\/\/uj.adatbank.ro\/lexikon\/wp-json\/wp\/v2\/product\/2192","targetHints":{"allow":["GET"]}}],"collection":[{"href":"https:\/\/uj.adatbank.ro\/lexikon\/wp-json\/wp\/v2\/product"}],"about":[{"href":"https:\/\/uj.adatbank.ro\/lexikon\/wp-json\/wp\/v2\/types\/product"}],"replies":[{"embeddable":true,"href":"https:\/\/uj.adatbank.ro\/lexikon\/wp-json\/wp\/v2\/comments?post=2192"}],"wp:attachment":[{"href":"https:\/\/uj.adatbank.ro\/lexikon\/wp-json\/wp\/v2\/media?parent=2192"}],"wp:term":[{"taxonomy":"product_brand","embeddable":true,"href":"https:\/\/uj.adatbank.ro\/lexikon\/wp-json\/wp\/v2\/product_brand?post=2192"},{"taxonomy":"product_cat","embeddable":true,"href":"https:\/\/uj.adatbank.ro\/lexikon\/wp-json\/wp\/v2\/product_cat?post=2192"},{"taxonomy":"product_tag","embeddable":true,"href":"https:\/\/uj.adatbank.ro\/lexikon\/wp-json\/wp\/v2\/product_tag?post=2192"}],"curies":[{"name":"wp","href":"https:\/\/api.w.org\/{rel}","templated":true}]}}