{"id":21921,"date":"2025-07-22T19:42:29","date_gmt":"2025-07-22T17:42:29","guid":{"rendered":"https:\/\/uj.adatbank.ro\/lexikon\/termek\/szemanyi-tibor-%c2%a7\/"},"modified":"2025-07-22T19:42:29","modified_gmt":"2025-07-22T17:42:29","slug":"szemanyi-tibor-%c2%a7","status":"publish","type":"product","link":"https:\/\/uj.adatbank.ro\/lexikon\/termek\/szemanyi-tibor-%c2%a7\/","title":{"rendered":"SZEM\u00c1NYI Tibor, \u00a7"},"content":{"rendered":"<p>Mv., 1922. febr. 7., \u2020 Mv., 2009. j\u00fan.19.,: sportol\u00f3, tek\u00e9z\u0151, tekeedz\u0151, szobr\u00e1sz. \u2013 Az elemi \u00e9s k\u00f6z\u00e9piskol\u00e1t Mv.-en v\u00e9gezte. Szobr\u00e1szatot tanult Bp.-en Kisfaludy Strobl Zsigmondt\u00f3l. A vh.-ut\u00e1n Mv.-en \u00f6n\u00e1ll\u00f3 kisiparosk\u00e9nt dolgozott, majd bel\u00e9pett az Arta Mobila sz\u00f6vetkezetbe. H\u00e9t sport\u00e1gat is \u0171z\u00f6tt, az asztaliteniszr\u0151l v\u00e1ltott a tek\u00e9re, versenyszer\u0171en j\u00e1tszott (1948\u2013), a rom\u00e1n v\u00e1logatott alap\u00edt\u00f3 tagja (1953\u2013), majd s\u00e9r\u00fcl\u00e9s miatt le kellett mondania a versenyz\u00e9sr\u0151l a csapat vb. megnyer\u00e9se ut\u00e1n (1966). F\u00fcggetlen\u00edtett\u00e9k mint tekeedz\u0151t, a mv.-i Akarat (Voin\u0163a) SK n\u0151i Eur\u00f3pa-bajnok csapat\u00e1n\u00e1l. T\u00f6bbsz\u00f6r\u00f6s orsz\u00e1gos bajnok, egy\u00e9niben \u00e9s csapatban (el\u0151sz\u00f6r 1949.), vil\u00e1gbajnok (1960, 1966), sportmester (1955), \u00e9rdemes sportmester (1960). <br \/><strong>Irod.:<\/strong> Botezan Gheorghe: Sz. Tibor \u00e9s Margit (N\u00fa., 2003. szept. 22.); [Nekrol\u00f3g] (N\u00fa., 2009. j\u00fan. 21.); Sz. Tibor \u00e9s Margit: Egy tek\u00e9z\u0151 h\u00e1zasp\u00e1r vallom\u00e1sai: =R\u00e1d; R\u00e1d -Kl\u00f3sz\u2013Tolok\u00e1n; Vil\u00e1gbajnok h\u00e1zasp\u00e1r (\u00daj \u00c9let, 1969. 6. sz) Kl\u00f3sz\u2013Tolok\u00e1n.<\/br><\/p>\n","protected":false},"excerpt":{"rendered":"<p>Mv., 1922. febr. 7., \u2020 Mv., 2009. j\u00fan.19.,: sportol\u00f3, tek\u00e9z\u0151, tekeedz\u0151, szobr\u00e1sz. \u2013 Az elemi \u00e9s k\u00f6z\u00e9piskol\u00e1t Mv.-en v\u00e9gezte. Szobr\u00e1szatot tanult Bp.-en Kisfaludy Strobl Zsigmondt\u00f3l. A vh.-ut\u00e1n Mv.-en \u00f6n\u00e1ll\u00f3 kisiparosk\u00e9nt dolgozott, majd bel\u00e9pett az Arta Mobila sz\u00f6vetkezetbe. H\u00e9t sport\u00e1gat is \u0171z\u00f6tt, az asztaliteniszr\u0151l v\u00e1ltott a tek\u00e9re, versenyszer\u0171en j\u00e1tszott (1948\u2013), a rom\u00e1n v\u00e1logatott alap\u00edt\u00f3 tagja (1953\u2013), [&hellip;]<\/p>\n","protected":false},"featured_media":0,"comment_status":"open","ping_status":"closed","template":"","meta":[],"product_brand":[],"product_cat":[137],"product_tag":[],"class_list":{"0":"post-21921","1":"product","2":"type-product","3":"status-publish","5":"product_cat-maros-megyei-eletrajzi-lexikon","7":"first","8":"instock","9":"shipping-taxable","10":"product-type-simple"},"_links":{"self":[{"href":"https:\/\/uj.adatbank.ro\/lexikon\/wp-json\/wp\/v2\/product\/21921","targetHints":{"allow":["GET"]}}],"collection":[{"href":"https:\/\/uj.adatbank.ro\/lexikon\/wp-json\/wp\/v2\/product"}],"about":[{"href":"https:\/\/uj.adatbank.ro\/lexikon\/wp-json\/wp\/v2\/types\/product"}],"replies":[{"embeddable":true,"href":"https:\/\/uj.adatbank.ro\/lexikon\/wp-json\/wp\/v2\/comments?post=21921"}],"wp:attachment":[{"href":"https:\/\/uj.adatbank.ro\/lexikon\/wp-json\/wp\/v2\/media?parent=21921"}],"wp:term":[{"taxonomy":"product_brand","embeddable":true,"href":"https:\/\/uj.adatbank.ro\/lexikon\/wp-json\/wp\/v2\/product_brand?post=21921"},{"taxonomy":"product_cat","embeddable":true,"href":"https:\/\/uj.adatbank.ro\/lexikon\/wp-json\/wp\/v2\/product_cat?post=21921"},{"taxonomy":"product_tag","embeddable":true,"href":"https:\/\/uj.adatbank.ro\/lexikon\/wp-json\/wp\/v2\/product_tag?post=21921"}],"curies":[{"name":"wp","href":"https:\/\/api.w.org\/{rel}","templated":true}]}}