{"id":21923,"date":"2025-07-22T19:42:34","date_gmt":"2025-07-22T17:42:34","guid":{"rendered":"https:\/\/uj.adatbank.ro\/lexikon\/termek\/szemler-ferenc\/"},"modified":"2025-07-22T19:42:34","modified_gmt":"2025-07-22T17:42:34","slug":"szemler-ferenc","status":"publish","type":"product","link":"https:\/\/uj.adatbank.ro\/lexikon\/termek\/szemler-ferenc\/","title":{"rendered":"SZEML\u00c9R Ferenc"},"content":{"rendered":"<p>Sz\u00e9kesfeh\u00e9rv\u00e1r, 1871. nov. 24., \u2020 Brass\u00f3, 1938. m\u00e1rc. 18.: \u00edr\u00f3, m\u0171ford\u00edt\u00f3. Szeml\u00e9r Ferenc (1906\u20131978) k\u00f6lt\u0151, \u00edr\u00f3 apja. \u2013 Sz\u00e9kesfeh\u00e9rv\u00e1ron \u00e9s Esztergomban v\u00e9gezte a gimn.-ot, papn\u00f6vend\u00e9kk\u00e9nt az esztergomi papnevel\u0151 int.-ben teol\u00f3gi\u00e1t tanult (1891\u201394), a bp.-i Alkotm\u00e1ny c. lap bels\u0151 munkat\u00e1rsa (1895\u201398). A kv.-i egy.-en m.-n\u00e9met szakos tan\u00e1ri oklevelet szerzett (1898). Az Erd\u00e9lyi R. K. St\u00e1tus mv.-i gimn.-\u00e1ban (1898\u2013), a brass\u00f3i r. k. f\u0151gimn.-ban helyettes tan\u00e1r (1899\u2013), a sz\u00e9kelyudvarhelyi f\u0151gimn.-ban r. tan\u00e1r (1904\u2013), a brass\u00f3i r. k. gimn. igazgat\u00f3ja volt (1917\u2013). Sz\u00e1mos \u00e9nekkart szervezett. A Rom\u00e1niai M. Dalossz\u00f6v. t\u00e1rsalap\u00edt\u00f3ja \u00e9s els\u0151 eln\u00f6ke (1921-t\u0151l) Els\u0151 versei m\u00e9g di\u00e1kkor\u00e1ban (1888\u2013), jelentek meg a Bp. c. napilapban \u00e9s a M. Ifj\u00fas\u00e1gban. Sokat ford., els\u0151sorban M. Eminescu verseit. <br \/><strong>Irod.:<\/strong> \u00daM\u00c9L.<\/br><\/p>\n","protected":false},"excerpt":{"rendered":"<p>Sz\u00e9kesfeh\u00e9rv\u00e1r, 1871. nov. 24., \u2020 Brass\u00f3, 1938. m\u00e1rc. 18.: \u00edr\u00f3, m\u0171ford\u00edt\u00f3. Szeml\u00e9r Ferenc (1906\u20131978) k\u00f6lt\u0151, \u00edr\u00f3 apja. \u2013 Sz\u00e9kesfeh\u00e9rv\u00e1ron \u00e9s Esztergomban v\u00e9gezte a gimn.-ot, papn\u00f6vend\u00e9kk\u00e9nt az esztergomi papnevel\u0151 int.-ben teol\u00f3gi\u00e1t tanult (1891\u201394), a bp.-i Alkotm\u00e1ny c. lap bels\u0151 munkat\u00e1rsa (1895\u201398). A kv.-i egy.-en m.-n\u00e9met szakos tan\u00e1ri oklevelet szerzett (1898). Az Erd\u00e9lyi R. K. St\u00e1tus mv.-i [&hellip;]<\/p>\n","protected":false},"featured_media":0,"comment_status":"open","ping_status":"closed","template":"","meta":[],"product_brand":[],"product_cat":[137],"product_tag":[],"class_list":{"0":"post-21923","1":"product","2":"type-product","3":"status-publish","5":"product_cat-maros-megyei-eletrajzi-lexikon","7":"first","8":"instock","9":"shipping-taxable","10":"product-type-simple"},"_links":{"self":[{"href":"https:\/\/uj.adatbank.ro\/lexikon\/wp-json\/wp\/v2\/product\/21923","targetHints":{"allow":["GET"]}}],"collection":[{"href":"https:\/\/uj.adatbank.ro\/lexikon\/wp-json\/wp\/v2\/product"}],"about":[{"href":"https:\/\/uj.adatbank.ro\/lexikon\/wp-json\/wp\/v2\/types\/product"}],"replies":[{"embeddable":true,"href":"https:\/\/uj.adatbank.ro\/lexikon\/wp-json\/wp\/v2\/comments?post=21923"}],"wp:attachment":[{"href":"https:\/\/uj.adatbank.ro\/lexikon\/wp-json\/wp\/v2\/media?parent=21923"}],"wp:term":[{"taxonomy":"product_brand","embeddable":true,"href":"https:\/\/uj.adatbank.ro\/lexikon\/wp-json\/wp\/v2\/product_brand?post=21923"},{"taxonomy":"product_cat","embeddable":true,"href":"https:\/\/uj.adatbank.ro\/lexikon\/wp-json\/wp\/v2\/product_cat?post=21923"},{"taxonomy":"product_tag","embeddable":true,"href":"https:\/\/uj.adatbank.ro\/lexikon\/wp-json\/wp\/v2\/product_tag?post=21923"}],"curies":[{"name":"wp","href":"https:\/\/api.w.org\/{rel}","templated":true}]}}