{"id":21929,"date":"2025-07-22T19:42:47","date_gmt":"2025-07-22T17:42:47","guid":{"rendered":"https:\/\/uj.adatbank.ro\/lexikon\/termek\/szendrey-gabor\/"},"modified":"2025-07-22T19:42:47","modified_gmt":"2025-07-22T17:42:47","slug":"szendrey-gabor","status":"publish","type":"product","link":"https:\/\/uj.adatbank.ro\/lexikon\/termek\/szendrey-gabor\/","title":{"rendered":"SZENDREY G\u00e1bor"},"content":{"rendered":"<p>Ny\u00e1r\u00e1dmagyar\u00f3s, 1900. \u2020 Bp., 1974: szem\u00e9sz f\u0151orvos. \u2013 K\u00f6z\u00e9piskol\u00e1it Mv.-en v\u00e9gezte. Beh\u00edvt\u00e1k katon\u00e1nak (1918), majd Bp.-en beiratkozott az orvosi egyetemre, orvosi diplom\u00e1t szerzett (1932), az egyetemen dolgozott, majd Gy\u00f6ngy\u00f6s\u00f6n vezette a szem\u00e9szeti oszt\u00e1lyt. Mv.-en f\u0151orvos (1940\u201344) itt is szem\u00e9szeti oszt\u00e1lyt szervezett \u00e9s vezetett 50 \u00e1ggyal. M\u0171t\u00e9ti tev\u00e9kenys\u00e9ge elismert volt. K\u00f6rorvosk\u00e9nt is m\u0171k\u00f6d\u00f6tt; Sepsiszentgy\u00f6rgy\u00f6n dolgozott (1947), amikor ott is beindult a k\u00f3rh\u00e1zi szem\u00e9szeti \u00e9ll\u00e1t\u00e1s az \u0151 ir\u00e1ny\u00edt\u00e1s\u00e1val; ism\u00e9t Mv.-en rendelt rendel\u0151int\u00e9zetben \u00e9s mag\u00e1nrendel\u0151j\u00e9ben (1951\u201359), Bp.-re t\u00e1vozott, ahol nyugd\u00edjaz\u00e1s\u00e1ig volt szemorvos. <br \/><strong>Irod.:<\/strong> Fodor Ferenc 2000.<\/br><\/p>\n","protected":false},"excerpt":{"rendered":"<p>Ny\u00e1r\u00e1dmagyar\u00f3s, 1900. \u2020 Bp., 1974: szem\u00e9sz f\u0151orvos. \u2013 K\u00f6z\u00e9piskol\u00e1it Mv.-en v\u00e9gezte. Beh\u00edvt\u00e1k katon\u00e1nak (1918), majd Bp.-en beiratkozott az orvosi egyetemre, orvosi diplom\u00e1t szerzett (1932), az egyetemen dolgozott, majd Gy\u00f6ngy\u00f6s\u00f6n vezette a szem\u00e9szeti oszt\u00e1lyt. Mv.-en f\u0151orvos (1940\u201344) itt is szem\u00e9szeti oszt\u00e1lyt szervezett \u00e9s vezetett 50 \u00e1ggyal. M\u0171t\u00e9ti tev\u00e9kenys\u00e9ge elismert volt. K\u00f6rorvosk\u00e9nt is m\u0171k\u00f6d\u00f6tt; Sepsiszentgy\u00f6rgy\u00f6n dolgozott (1947), [&hellip;]<\/p>\n","protected":false},"featured_media":0,"comment_status":"open","ping_status":"closed","template":"","meta":[],"product_brand":[],"product_cat":[137],"product_tag":[],"class_list":{"0":"post-21929","1":"product","2":"type-product","3":"status-publish","5":"product_cat-maros-megyei-eletrajzi-lexikon","7":"first","8":"instock","9":"shipping-taxable","10":"product-type-simple"},"_links":{"self":[{"href":"https:\/\/uj.adatbank.ro\/lexikon\/wp-json\/wp\/v2\/product\/21929","targetHints":{"allow":["GET"]}}],"collection":[{"href":"https:\/\/uj.adatbank.ro\/lexikon\/wp-json\/wp\/v2\/product"}],"about":[{"href":"https:\/\/uj.adatbank.ro\/lexikon\/wp-json\/wp\/v2\/types\/product"}],"replies":[{"embeddable":true,"href":"https:\/\/uj.adatbank.ro\/lexikon\/wp-json\/wp\/v2\/comments?post=21929"}],"wp:attachment":[{"href":"https:\/\/uj.adatbank.ro\/lexikon\/wp-json\/wp\/v2\/media?parent=21929"}],"wp:term":[{"taxonomy":"product_brand","embeddable":true,"href":"https:\/\/uj.adatbank.ro\/lexikon\/wp-json\/wp\/v2\/product_brand?post=21929"},{"taxonomy":"product_cat","embeddable":true,"href":"https:\/\/uj.adatbank.ro\/lexikon\/wp-json\/wp\/v2\/product_cat?post=21929"},{"taxonomy":"product_tag","embeddable":true,"href":"https:\/\/uj.adatbank.ro\/lexikon\/wp-json\/wp\/v2\/product_tag?post=21929"}],"curies":[{"name":"wp","href":"https:\/\/api.w.org\/{rel}","templated":true}]}}